{"id":4344,"date":"2017-01-10T23:57:03","date_gmt":"2017-01-10T23:57:03","guid":{"rendered":"https:\/\/magiclx.com\/home-classic-1\/"},"modified":"2023-07-29T11:32:07","modified_gmt":"2023-07-29T11:32:07","slug":"home-classic-1","status":"publish","type":"page","link":"https:\/\/linkwitz.store\/de\/","title":{"rendered":"LINKWITZ.store"},"content":{"rendered":"<p>[vc_row full_width=&#8220;stretch_row_content_no_spaces&#8220; css_animation=&#8220;fadeIn&#8220; css=&#8220;.vc_custom_1487082407951{margin-bottom: 75px !important;}&#8220;][vc_column]<style>.shortcode_getbowtied_slider .shortcode-slider-pagination .swiper-pagination-bullet.swiper-pagination-bullet-active:after{background-color: #ffffff;}<\/style>\r\n\r\n\t\t<div class=\"shortcode_getbowtied_slider swiper-container swiper-69ebb40259833 full_height\" style=\" width: 100%\" data-autoplay=\"10\" data-id=\"69ebb40259833\">\r\n\t\t\t<div class=\"swiper-wrapper\">\r\n\t\t\t\r\n\t\t\t<div class=\"swiper-slide right-align\"\r\n\t\t\tstyle=\t\"background: #c5c5c7 url(https:\/\/linkwitz.store\/wp-content\/uploads\/2021\/01\/mlx_slider-01.jpg) center center no-repeat ;\r\n\t\t\t\t\t-webkit-background-size: cover;\r\n\t\t\t\t\t-moz-background-size: cover;\r\n\t\t\t\t\t-o-background-size: cover;\r\n\t\t\t\t\tbackground-size: cover;\r\n\t\t\t\t\tcolor: #ffffff\">\r\n\t\t\t\t\r\n\t\t\t\t<div class=\"slider-content\" data-swiper-parallax=\"-50%\">\r\n\t\t\t\t\t<div class=\"slider-content-wrapper\">\r\n\t\t\t\t\t\t<h2 class=\"primary_font\" style=\"color:#ffffff;font-size:40px;line-height: 40px\">\u201cI didn\u2019t have any other speakers that could reveal as accurate a sound stage...\u201d<\/h2>\r\n\t\t\t\t\t\t<p class=\"primary_font\" style=\"color:#ffffff;font-size:21px;line-height: 21px\">-Jack Vad, Grammy Winning Engineer<\/p>\r\n\t\t\t\t\t\t\r\n\t\t\t\t\t<\/div>\r\n\t\t\t\t<\/div>\r\n\t\t\t<\/div>\r\n\t\t\t<div class=\"swiper-slide center-align\"\r\n\t\t\tstyle=\t\"background: #c5c5c7 url(https:\/\/linkwitz.store\/wp-content\/uploads\/2023\/07\/Best-of-Show-2.jpg) center center no-repeat ;\r\n\t\t\t\t\t-webkit-background-size: cover;\r\n\t\t\t\t\t-moz-background-size: cover;\r\n\t\t\t\t\t-o-background-size: cover;\r\n\t\t\t\t\tbackground-size: cover;\r\n\t\t\t\t\tcolor: #ffffff\">\r\n\t\t\t\t\r\n\t\t\t\t<div class=\"slider-content\" data-swiper-parallax=\"-50%\">\r\n\t\t\t\t\t<div class=\"slider-content-wrapper\">\r\n\t\t\t\t\t\t<h2 class=\"primary_font\" style=\"color:#ffffff;font-size:40px;line-height: 40px\">LINKWITZ - Best Of Show<\/h2>\r\n\t\t\t\t\t\t<p class=\"primary_font\" style=\"color:#ffffff;font-size:21px;line-height: 21px\">Best of Show<\/p>\r\n\t\t\t\t\t\t<a class=\"button\" style=\"color:#ffffff !important;background: #e08a33 !important\" href=\"https:\/\/linkwitz.store\/blog\/category\/auditions\/linkwitz-lounges\/\">Probeh\u00f6ren<\/a>\r\n\t\t\t\t\t<\/div>\r\n\t\t\t\t<\/div>\r\n\t\t\t<\/div>\r\n\t\t\t<div class=\"swiper-slide left-align\"\r\n\t\t\tstyle=\t\"background: #c5c5c7 url(https:\/\/linkwitz.store\/wp-content\/uploads\/2021\/01\/mlx_slider-fertigung-07_01.jpg) center center no-repeat ;\r\n\t\t\t\t\t-webkit-background-size: cover;\r\n\t\t\t\t\t-moz-background-size: cover;\r\n\t\t\t\t\t-o-background-size: cover;\r\n\t\t\t\t\tbackground-size: cover;\r\n\t\t\t\t\tcolor: #ffffff\">\r\n\t\t\t\t\r\n\t\t\t\t<div class=\"slider-content\" data-swiper-parallax=\"-50%\">\r\n\t\t\t\t\t<div class=\"slider-content-wrapper\">\r\n\t\t\t\t\t\t<h2 class=\"primary_font\" style=\"color:#ffffff;font-size:73px;line-height: 73px\">PRECISION ASSEMBLY ON ALL LEVELS.<\/h2>\r\n\t\t\t\t\t\t\r\n\t\t\t\t\t\t\r\n\t\t\t\t\t<\/div>\r\n\t\t\t\t<\/div>\r\n\t\t\t<\/div>\r\n\t\t\t<\/div>\r\n\t\t\t\t<div style=\"color: #ffffff\" class=\"swiper-button-prev\"><i class=\"spk-icon spk-icon-left-arrow-thin-large\"><\/i><\/div>\r\n    \t\t\t<div style=\"color: #ffffff\" class=\"swiper-button-next\"><i class=\"spk-icon spk-icon-right-arrow-thin-large\"><\/i><\/div>\r\n\t\t\t\t<div style=\"color: #ffffff\" class=\"shortcode-slider-pagination\"><\/div><\/div><style>.shortcode_getbowtied_slider .shortcode-slider-pagination .swiper-pagination-bullet.swiper-pagination-bullet-active:after{background-color: #ffffff;}<\/style>\r\n\r\n\t\t<div class=\"shortcode_getbowtied_slider swiper-container swiper-69ebb4025a7f4 full_height\" style=\" width: 100%\" data-autoplay=\"10\" data-id=\"69ebb4025a7f4\">\r\n\t\t\t<div class=\"swiper-wrapper\">\r\n\t\t\t\r\n\t\t\t<div class=\"swiper-slide right-align\"\r\n\t\t\tstyle=\t\"background: #c5c5c7 url(https:\/\/linkwitz.store\/wp-content\/uploads\/2021\/01\/mlx_slider-01.jpg) center center no-repeat ;\r\n\t\t\t\t\t-webkit-background-size: cover;\r\n\t\t\t\t\t-moz-background-size: cover;\r\n\t\t\t\t\t-o-background-size: cover;\r\n\t\t\t\t\tbackground-size: cover;\r\n\t\t\t\t\tcolor: #ffffff\">\r\n\t\t\t\t\r\n\t\t\t\t<div class=\"slider-content\" data-swiper-parallax=\"-50%\">\r\n\t\t\t\t\t<div class=\"slider-content-wrapper\">\r\n\t\t\t\t\t\t<h2 class=\"primary_font\" style=\"color:#ffffff;font-size:40px;line-height: 40px\">\u201cI didn\u2019t have any other speakers that could reveal as accurate a sound stage...\u201d<\/h2>\r\n\t\t\t\t\t\t<p class=\"primary_font\" style=\"color:#ffffff;font-size:21px;line-height: 21px\">-Jack Vad, Grammy Winning Engineer<\/p>\r\n\t\t\t\t\t\t\r\n\t\t\t\t\t<\/div>\r\n\t\t\t\t<\/div>\r\n\t\t\t<\/div>\r\n\t\t\t<div class=\"swiper-slide left-align\"\r\n\t\t\tstyle=\t\"background: #c5c5c7 url(https:\/\/linkwitz.store\/wp-content\/uploads\/2021\/01\/mlx_slider-fertigung-07_01.jpg) center center no-repeat ;\r\n\t\t\t\t\t-webkit-background-size: cover;\r\n\t\t\t\t\t-moz-background-size: cover;\r\n\t\t\t\t\t-o-background-size: cover;\r\n\t\t\t\t\tbackground-size: cover;\r\n\t\t\t\t\tcolor: #ffffff\">\r\n\t\t\t\t\r\n\t\t\t\t<div class=\"slider-content\" data-swiper-parallax=\"-50%\">\r\n\t\t\t\t\t<div class=\"slider-content-wrapper\">\r\n\t\t\t\t\t\t<h2 class=\"primary_font\" style=\"color:#ffffff;font-size:73px;line-height: 73px\">PRECISION ASSEMBLY ON ALL LEVELS.<\/h2>\r\n\t\t\t\t\t\t\r\n\t\t\t\t\t\t\r\n\t\t\t\t\t<\/div>\r\n\t\t\t\t<\/div>\r\n\t\t\t<\/div>\r\n\t\t\t<\/div>\r\n\t\t\t\t<div style=\"color: #ffffff\" class=\"swiper-button-prev\"><i class=\"spk-icon spk-icon-left-arrow-thin-large\"><\/i><\/div>\r\n    \t\t\t<div style=\"color: #ffffff\" class=\"swiper-button-next\"><i class=\"spk-icon spk-icon-right-arrow-thin-large\"><\/i><\/div>\r\n\t\t\t\t<div style=\"color: #ffffff\" class=\"shortcode-slider-pagination\"><\/div><\/div>[\/vc_column][\/vc_row][vc_row css_animation=&#8220;fadeIn&#8220; css=&#8220;.vc_custom_1487082424634{margin-bottom: 75px !important;}&#8220;][vc_column][vc_column_text css=&#8220;.vc_custom_1615887993481{margin-bottom: 75px !important;}&#8220;]<\/p>\n<h2 style=\"text-align: center;\">Linkwitz\u00ae Lautsprecher &#8211; die B\u00fchne f\u00fcr Musiker<\/h2>\n<p style=\"text-align: center;\">Linkwitz\u00ae Lautsprecher bieten Ihnen die Alternative zu den akustischen Handicaps vieler &#8222;Box-Lautsprecher&#8220;.<\/p>\n<p style=\"text-align: center;\">Entdecken Sie Ihre Musiksammlung neu: Dynamik, Nat\u00fcrlichkeit und eine holographische 3D-B\u00fchnenillusion, die man geh\u00f6rt haben muss. Ein HiFi-Enthusiast, der zum Probeh\u00f6ren kommt, kennt die Berichte und Kundenstimmen,<a href=\"https:\/\/linkwitz.store\/de\/news\/\"> ist aber dennoch von der Pr\u00e4sentation der LINKWITZ Lautsprecher verbl\u00fcfft.<\/a><\/p>\n<p>[\/vc_column_text]<div class=\"row\"><div class=\"categories_grid\">\r\n\t\t\t<div class=\"category_three_cat_1\">\r\n\t\t\t\t<div class=\"category_grid_box\">\r\n\t\t\t\t\t<span class=\"category_item_bkg\" style=\"background-image:url(https:\/\/linkwitz.store\/wp-content\/uploads\/2021\/01\/lxspeakers.jpg)\"><\/span>\r\n\t\t\t\t\t<a href=\"https:\/\/linkwitz.store\/de\/category\/lxspeakers-de\/\" class=\"category_item\" >\r\n\t\t\t\t\t\t<span class=\"category_name\">LX Lautsprecher\t\t\t\t\t\t\t\t\t\t\t\t\t<\/span>\r\n\t\t\t\t\t<\/a>\r\n\t\t\t\t<\/div>\r\n\t\t\t<\/div>\r\n\r\n\t\t\t\r\n\t\t\t<div class=\"category_three_cat_2\">\r\n\t\t\t\t<div class=\"category_grid_box\">\r\n\t\t\t\t\t<span class=\"category_item_bkg\" style=\"background-image:url(https:\/\/linkwitz.store\/wp-content\/uploads\/2021\/01\/Cable_LX521_L.jpg)\"><\/span>\r\n\t\t\t\t\t<a href=\"https:\/\/linkwitz.store\/de\/category\/lxaccessoires-de\/\" class=\"category_item\" >\r\n\t\t\t\t\t\t<span class=\"category_name\">LXaccessoires\t\t\t\t\t\t\t\t\t\t\t\t\t<\/span>\r\n\t\t\t\t\t<\/a>\r\n\t\t\t\t<\/div>\r\n\t\t\t<\/div>\r\n\r\n\t\t\t\r\n\t\t\t<div class=\"category_three_cat_3\">\r\n\t\t\t\t<div class=\"category_grid_box\">\r\n\t\t\t\t\t<span class=\"category_item_bkg\" style=\"background-image:url(https:\/\/linkwitz.store\/wp-content\/uploads\/2022\/02\/PowerBox-ASP-neu-FRONT.jpg)\"><\/span>\r\n\t\t\t\t\t<a href=\"https:\/\/linkwitz.store\/de\/category\/lxpower-de-2\/\" class=\"category_item\" >\r\n\t\t\t\t\t\t<span class=\"category_name\">LXpower\t\t\t\t\t\t\t\t\t\t\t\t\t<\/span>\r\n\t\t\t\t\t<\/a>\r\n\t\t\t\t<\/div>\r\n\t\t\t<\/div>\r\n\r\n\t\t\t\r\n\t\t\t<div class=\"clearfix\"><\/div>\r\n\r\n\t\t<\/div><\/div>[\/vc_column][\/vc_row][vc_row full_width=&#8220;stretch_row&#8220; css_animation=&#8220;fadeIn&#8220; css=&#8220;.vc_custom_1611859057438{margin-bottom: 0px !important;background-color: #2d2d2d !important;}&#8220;][vc_column][vc_row_inner][vc_column_inner][vc_empty_space][vc_column_text]<\/p>\n<h2 style=\"text-align: center;\">Linkwitz\u00ae Lautsprecher<\/h2>\n<p>[\/vc_column_text]<div class=\"woocommerce columns-3 \"><div class=\"row\">\n<ul class=\"products columns-3\">\n<li class=\"product type-product post-4662 status-publish first instock product_cat-lxspeakers-de product_tag-linkwitz-de-2 product_tag-linkwitz-22mg-de product_tag-lx521-de product_tag-lx521-system-de product_tag-panzerholz-de product_tag-panzerholz-aluminum-sandwich-de product_tag-referenz has-post-thumbnail taxable shipping-taxable purchasable product-type-variable has-default-attributes\">\n\n\t\n    <div class=\"product_thumbnail_wrapper \">\n\n\t\t<a href=\"https:\/\/linkwitz.store\/de\/produkt\/lx521\/\" class=\"woocommerce-LoopProduct-link woocommerce-loop-product__link\">\n\n\t        <div class=\"product_thumbnail with_second_image\">\n\t            <span class=\"product_thumbnail_background\" style=\"background-image:url(https:\/\/linkwitz.store\/wp-content\/uploads\/2021\/01\/LX521.4oakgrey_H1200-350x435.jpg)\"><\/span>\n\t            <img loading=\"lazy\" decoding=\"async\" width=\"350\" height=\"435\" src=\"https:\/\/linkwitz.store\/wp-content\/uploads\/2021\/01\/13-350x435.jpg\" class=\"attachment-woocommerce_thumbnail size-woocommerce_thumbnail\" alt=\"LX521-Die Referenz\" \/>\t        <\/div><!--.product_thumbnail-->\n\t\t<\/a>\n\n\t\t\t\t\t\t\t\n\t\t\n\t\t\n\t\t\n    <\/div><!--.product_thumbnail_wrapper-->\n\n    \n\t<h2 class=\"woocommerce-loop-product__title\">\n\t\t<a href=\"https:\/\/linkwitz.store\/de\/produkt\/lx521\/\">LX521-Die Referenz<\/a>\n\t<\/h2>\n\n\t\n        <div class=\"product_after_shop_loop\">\n        <div class=\"product_after_shop_loop_switcher\">\n    \n            \n\t<span class=\"price\">From: <span class=\"woocommerce-Price-amount amount\"><bdi><span class=\"woocommerce-Price-currencySymbol\">&euro;<\/span>16.900,00<\/bdi><\/span> <span class=\"uom\">\/Paar<\/span><\/span>\n<a href=\"https:\/\/linkwitz.store\/de\/produkt\/lx521\/\" aria-describedby=\"woocommerce_loop_add_to_cart_link_describedby_4662\" data-quantity=\"1\" class=\"button product_type_variable add_to_cart_button\" data-product_id=\"4662\" data-product_sku=\"\" aria-label=\"W\u00e4hle Optionen f\u00fcr \u201eLX521-Die Referenz\u201c\" rel=\"nofollow\">Ausf\u00fchrung w\u00e4hlen<\/a>\t<span id=\"woocommerce_loop_add_to_cart_link_describedby_4662\" class=\"screen-reader-text\">\n\t\tDieses Produkt weist mehrere Varianten auf. Die Optionen k\u00f6nnen auf der Produktseite gew\u00e4hlt werden\t<\/span>\n\n            <\/div>\n    <\/div>\n    \n\t\n<\/li>\n<li class=\"product type-product post-4300 status-publish instock product_cat-lxspeakers-de has-post-thumbnail taxable shipping-taxable purchasable product-type-variable has-default-attributes\">\n\n\t\n    <div class=\"product_thumbnail_wrapper \">\n\n\t\t<a href=\"https:\/\/linkwitz.store\/de\/produkt\/lxsirius\/\" class=\"woocommerce-LoopProduct-link woocommerce-loop-product__link\">\n\n\t        <div class=\"product_thumbnail with_second_image\">\n\t            <span class=\"product_thumbnail_background\" style=\"background-image:url(https:\/\/linkwitz.store\/wp-content\/uploads\/2021\/01\/LXsirius-007-1-350x435.jpg)\"><\/span>\n\t            <img loading=\"lazy\" decoding=\"async\" width=\"350\" height=\"435\" src=\"https:\/\/linkwitz.store\/wp-content\/uploads\/2021\/01\/LXsirius-008-1-350x435.jpg\" class=\"attachment-woocommerce_thumbnail size-woocommerce_thumbnail\" alt=\"LXsirius - superschlank\" \/>\t        <\/div><!--.product_thumbnail-->\n\t\t<\/a>\n\n\t\t\t\t\t\t\t\n\t\t\n\t\t\n\t\t\n    <\/div><!--.product_thumbnail_wrapper-->\n\n    \n\t<h2 class=\"woocommerce-loop-product__title\">\n\t\t<a href=\"https:\/\/linkwitz.store\/de\/produkt\/lxsirius\/\">LXsirius &#8211; superschlank<\/a>\n\t<\/h2>\n\n\t\n        <div class=\"product_after_shop_loop\">\n        <div class=\"product_after_shop_loop_switcher\">\n    \n            \n\t<span class=\"price\">From: <span class=\"woocommerce-Price-amount amount\"><bdi><span class=\"woocommerce-Price-currencySymbol\">&euro;<\/span>1.980,00<\/bdi><\/span> <span class=\"uom\">\/Paar<\/span><\/span>\n<a href=\"https:\/\/linkwitz.store\/de\/produkt\/lxsirius\/\" aria-describedby=\"woocommerce_loop_add_to_cart_link_describedby_4300\" data-quantity=\"1\" class=\"button product_type_variable add_to_cart_button\" data-product_id=\"4300\" data-product_sku=\"\" aria-label=\"W\u00e4hle Optionen f\u00fcr \u201eLXsirius - superschlank\u201c\" rel=\"nofollow\">Ausf\u00fchrung w\u00e4hlen<\/a>\t<span id=\"woocommerce_loop_add_to_cart_link_describedby_4300\" class=\"screen-reader-text\">\n\t\tDieses Produkt weist mehrere Varianten auf. Die Optionen k\u00f6nnen auf der Produktseite gew\u00e4hlt werden\t<\/span>\n\n            <\/div>\n    <\/div>\n    \n\t\n<\/li>\n<li class=\"product type-product post-4434 status-publish last instock product_cat-lxspeakers-de has-post-thumbnail taxable shipping-taxable purchasable product-type-variable has-default-attributes\">\n\n\t\n    <div class=\"product_thumbnail_wrapper \">\n\n\t\t<a href=\"https:\/\/linkwitz.store\/de\/produkt\/lxstudio\/\" class=\"woocommerce-LoopProduct-link woocommerce-loop-product__link\">\n\n\t        <div class=\"product_thumbnail with_second_image\">\n\t            <span class=\"product_thumbnail_background\" style=\"background-image:url(https:\/\/linkwitz.store\/wp-content\/uploads\/2021\/01\/LXstudio-01-1-350x435.jpg)\"><\/span>\n\t            <img loading=\"lazy\" decoding=\"async\" width=\"350\" height=\"435\" src=\"https:\/\/linkwitz.store\/wp-content\/uploads\/2021\/01\/lxstudio-4-350x435.jpg\" class=\"attachment-woocommerce_thumbnail size-woocommerce_thumbnail\" alt=\"LXstudio\" \/>\t        <\/div><!--.product_thumbnail-->\n\t\t<\/a>\n\n\t\t\t\t\t\t\t\n\t\t\n\t\t\n\t\t\n    <\/div><!--.product_thumbnail_wrapper-->\n\n    \n\t<h2 class=\"woocommerce-loop-product__title\">\n\t\t<a href=\"https:\/\/linkwitz.store\/de\/produkt\/lxstudio\/\">LXstudio<\/a>\n\t<\/h2>\n\n\t\n        <div class=\"product_after_shop_loop\">\n        <div class=\"product_after_shop_loop_switcher\">\n    \n            \n\t<span class=\"price\">From: <span class=\"woocommerce-Price-amount amount\"><bdi><span class=\"woocommerce-Price-currencySymbol\">&euro;<\/span>11.900,00<\/bdi><\/span> <span class=\"uom\">\/Paar<\/span><\/span>\n<a href=\"https:\/\/linkwitz.store\/de\/produkt\/lxstudio\/\" aria-describedby=\"woocommerce_loop_add_to_cart_link_describedby_4434\" data-quantity=\"1\" class=\"button product_type_variable add_to_cart_button\" data-product_id=\"4434\" data-product_sku=\"\" aria-label=\"W\u00e4hle Optionen f\u00fcr \u201eLXstudio\u201c\" rel=\"nofollow\">Ausf\u00fchrung w\u00e4hlen<\/a>\t<span id=\"woocommerce_loop_add_to_cart_link_describedby_4434\" class=\"screen-reader-text\">\n\t\tDieses Produkt weist mehrere Varianten auf. Die Optionen k\u00f6nnen auf der Produktseite gew\u00e4hlt werden\t<\/span>\n\n            <\/div>\n    <\/div>\n    \n\t\n<\/li>\n<\/ul>\n<\/div> <!-- end row -->\n<\/div>[vc_empty_space height=&#8220;48px&#8220;][\/vc_column_inner][\/vc_row_inner][\/vc_column][\/vc_row][vc_row full_width=&#8220;stretch_row&#8220; css=&#8220;.vc_custom_1616697081162{background-color: #282828 !important;}&#8220; el_id=&#8220;quote&#8220;][vc_column][vc_row_inner][vc_column_inner][vc_empty_space height=&#8220;92px&#8220;][vc_separator][vc_column_text]<\/p>\n<blockquote>\n<h3 class=\"quote\">&#8222;I didn\u2019t have any other speakers that could reveal as accurate a sound stage, do so with tonal &amp; timbral neutrality, and seemingly bypass the room \u2026 used for the final production stage mix qualification of all San Francisco Symphony SACD download releases that I\u2019ve produced during the last three years; they are an indispensable tool.&#8220;<\/h3>\n<\/blockquote>\n<div class=\"author\" style=\"text-align: right;\">JACK VAD, SAN FRANCISCO SYMPHONY, GRAMMY WINNING PRODUCER &amp; ENGINEER<\/div>\n<p>[\/vc_column_text][vc_separator][vc_empty_space height=&#8220;92px&#8220;][\/vc_column_inner][\/vc_row_inner][\/vc_column][\/vc_row][vc_row full_width=&#8220;stretch_row&#8220; css_animation=&#8220;fadeIn&#8220; css=&#8220;.vc_custom_1611859057438{margin-bottom: 0px !important;background-color: #2d2d2d !important;}&#8220;][vc_column][vc_row_inner][vc_column_inner][vc_empty_space height=&#8220;48px&#8220;][vc_column_text]<\/p>\n<h2 style=\"text-align: center;\">LXpower<\/h2>\n<p>[\/vc_column_text][vc_empty_space]<div class=\"woocommerce columns-2 \"><\/div>[vc_empty_space height=&#8220;48px&#8220;][\/vc_column_inner][\/vc_row_inner][\/vc_column][\/vc_row][vc_row full_width=&#8220;stretch_row_content_no_spaces&#8220; css_animation=&#8220;fadeIn&#8220;][vc_column width=&#8220;1\/2&#8243; css=&#8220;.vc_custom_1615886121854{background-image: url(https:\/\/linkwitz.store\/wp-content\/uploads\/2021\/01\/mlx_slider-fertigung-02.jpg?id=3046) !important;background-position: center !important;background-repeat: no-repeat !important;background-size: cover !important;}&#8220;][vc_column_text css=&#8220;.vc_custom_1615885955776{margin-bottom: 25px !important;padding-top: 25px !important;padding-bottom: 0px !important;padding-left: 65px !important;}&#8220;]<\/p>\n<h3 style=\"text-align: left;\">Was ist neu?<\/h3>\n<p>[\/vc_column_text][vc_column_text css=&#8220;.vc_custom_1616077188400{padding-top: 0px !important;padding-bottom: 280px !important;padding-left: 65px !important;}&#8220;]<\/p>\n<p style=\"text-align: left;\"><span style=\"color: #ffffff;\"><a style=\"color: #ffffff;\" href=\"https:\/\/linkwitz.store\/de\/news\/\" rel=\"noopener noreferrer\">VIEW ALL ARTICLES<\/a><\/span><\/p>\n<p>[\/vc_column_text][\/vc_column][vc_column width=&#8220;1\/2&#8243; css=&#8220;.vc_custom_1610683656142{background-image: url(https:\/\/linkwitz.store\/wp-content\/uploads\/2021\/01\/mlx_slider-fertigung-07_01.jpg?id=3056) !important;background-position: center !important;background-repeat: no-repeat !important;background-size: cover !important;}&#8220;][vc_column_text css=&#8220;.vc_custom_1611517222673{margin-bottom: 25px !important;padding-top: 25px !important;padding-bottom: 0px !important;padding-left: 65px !important;}&#8220;]<\/p>\n<h3 style=\"text-align: left;\">Mehr<\/h3>\n<p>[\/vc_column_text][vc_column_text css=&#8220;.vc_custom_1616950445513{padding-top: 0px !important;padding-bottom: 280px !important;padding-left: 65px !important;}&#8220;]<\/p>\n<p style=\"text-align: left;\"><span style=\"color: #ffffff;\"><a style=\"color: #ffffff;\" href=\"https:\/\/www.linkwitz.com\/\" target=\"_blank\" rel=\"noopener noreferrer\">VISIT LINKWITZ.COM<\/a><\/span><\/p>\n<p>[\/vc_column_text][\/vc_column][\/vc_row]<\/p>\n","protected":false},"excerpt":{"rendered":"<p>[vc_row full_width=&#8220;stretch_row_content_no_spaces&#8220; css_animation=&#8220;fadeIn&#8220; css=&#8220;.vc_custom_1487082407951{margin-bottom: 75px !important;}&#8220;][vc_column][\/vc_column][\/vc_row][vc_row css_animation=&#8220;fadeIn&#8220; css=&#8220;.vc_custom_1487082424634{margin-bottom: 75px !important;}&#8220;][vc_column][vc_column_text css=&#8220;.vc_custom_1615887993481{margin-bottom: 75px !important;}&#8220;] Linkwitz\u00ae Lautsprecher &#8211; die B\u00fchne f\u00fcr Musiker Linkwitz\u00ae Lautsprecher bieten Ihnen die Alternative zu den akustischen Handicaps vieler &#8222;Box-Lautsprecher&#8220;. Entdecken Sie Ihre Musiksammlung neu: Dynamik, Nat\u00fcrlichkeit und eine holographische 3D-B\u00fchnenillusion, die man geh\u00f6rt haben muss. Ein HiFi-Enthusiast, der zum Probeh\u00f6ren kommt, kennt [&hellip;]<\/p>\n","protected":false},"author":1,"featured_media":0,"parent":0,"menu_order":0,"comment_status":"closed","ping_status":"closed","template":"page-boxed.php","meta":{"inline_featured_image":false,"footnotes":""},"class_list":["post-4344","page","type-page","status-publish","hentry"],"yoast_head":"<!-- This site is optimized with the Yoast SEO plugin v27.0 - https:\/\/yoast.com\/product\/yoast-seo-wordpress\/ -->\n<title>LINKWITZ.store<\/title>\n<meta name=\"description\" content=\"LINKWITZ.store - LINKWITZ.store\" \/>\n<meta name=\"robots\" content=\"index, follow, max-snippet:-1, max-image-preview:large, max-video-preview:-1\" \/>\n<link rel=\"canonical\" href=\"https:\/\/linkwitz.store\/de\/\" \/>\n<meta property=\"og:locale\" content=\"de_DE\" \/>\n<meta property=\"og:type\" content=\"article\" \/>\n<meta property=\"og:title\" content=\"LINKWITZ.store\" \/>\n<meta property=\"og:description\" content=\"LINKWITZ.store - LINKWITZ.store\" \/>\n<meta property=\"og:url\" content=\"https:\/\/linkwitz.store\/de\/\" \/>\n<meta property=\"og:site_name\" content=\"LINKWITZ.store\" \/>\n<meta property=\"article:modified_time\" content=\"2023-07-29T11:32:07+00:00\" \/>\n<meta name=\"twitter:card\" content=\"summary_large_image\" \/>\n<meta name=\"twitter:label1\" content=\"Gesch\u00e4tzte Lesezeit\" \/>\n\t<meta name=\"twitter:data1\" content=\"2\u00a0Minuten\" \/>\n<script type=\"application\/ld+json\" class=\"yoast-schema-graph\">{\"@context\":\"https:\/\/schema.org\",\"@graph\":[{\"@type\":\"WebPage\",\"@id\":\"https:\/\/linkwitz.store\/de\/\",\"url\":\"https:\/\/linkwitz.store\/de\/\",\"name\":\"LINKWITZ.store\",\"isPartOf\":{\"@id\":\"https:\/\/linkwitz.store\/#website\"},\"datePublished\":\"2017-01-10T23:57:03+00:00\",\"dateModified\":\"2023-07-29T11:32:07+00:00\",\"description\":\"LINKWITZ.store - LINKWITZ.store\",\"breadcrumb\":{\"@id\":\"https:\/\/linkwitz.store\/de\/#breadcrumb\"},\"inLanguage\":\"de\",\"potentialAction\":[{\"@type\":\"ReadAction\",\"target\":[\"https:\/\/linkwitz.store\/de\/\"]}]},{\"@type\":\"BreadcrumbList\",\"@id\":\"https:\/\/linkwitz.store\/de\/#breadcrumb\",\"itemListElement\":[{\"@type\":\"ListItem\",\"position\":1,\"name\":\"Home\",\"item\":\"https:\/\/linkwitz.store\/de\/\"},{\"@type\":\"ListItem\",\"position\":2,\"name\":\"LINKWITZ.store\"}]},{\"@type\":\"WebSite\",\"@id\":\"https:\/\/linkwitz.store\/#website\",\"url\":\"https:\/\/linkwitz.store\/\",\"name\":\"LINKWITZ.store\",\"description\":\"\",\"publisher\":{\"@id\":\"https:\/\/linkwitz.store\/#organization\"},\"potentialAction\":[{\"@type\":\"SearchAction\",\"target\":{\"@type\":\"EntryPoint\",\"urlTemplate\":\"https:\/\/linkwitz.store\/?s={search_term_string}\"},\"query-input\":{\"@type\":\"PropertyValueSpecification\",\"valueRequired\":true,\"valueName\":\"search_term_string\"}}],\"inLanguage\":\"de\"},{\"@type\":\"Organization\",\"@id\":\"https:\/\/linkwitz.store\/#organization\",\"name\":\"LINKWITZ.store\",\"url\":\"https:\/\/linkwitz.store\/\",\"logo\":{\"@type\":\"ImageObject\",\"inLanguage\":\"de\",\"@id\":\"https:\/\/linkwitz.store\/#\/schema\/logo\/image\/\",\"url\":\"https:\/\/linkwitz.store\/wp-content\/uploads\/2021\/02\/MLX-LINKWITZ-191023-RGB-RZ-weis-3.svg\",\"contentUrl\":\"https:\/\/linkwitz.store\/wp-content\/uploads\/2021\/02\/MLX-LINKWITZ-191023-RGB-RZ-weis-3.svg\",\"width\":156,\"height\":36,\"caption\":\"LINKWITZ.store\"},\"image\":{\"@id\":\"https:\/\/linkwitz.store\/#\/schema\/logo\/image\/\"}}]}<\/script>\n<!-- \/ Yoast SEO plugin. -->","yoast_head_json":{"title":"LINKWITZ.store","description":"LINKWITZ.store - LINKWITZ.store","robots":{"index":"index","follow":"follow","max-snippet":"max-snippet:-1","max-image-preview":"max-image-preview:large","max-video-preview":"max-video-preview:-1"},"canonical":"https:\/\/linkwitz.store\/de\/","og_locale":"de_DE","og_type":"article","og_title":"LINKWITZ.store","og_description":"LINKWITZ.store - LINKWITZ.store","og_url":"https:\/\/linkwitz.store\/de\/","og_site_name":"LINKWITZ.store","article_modified_time":"2023-07-29T11:32:07+00:00","twitter_card":"summary_large_image","twitter_misc":{"Gesch\u00e4tzte Lesezeit":"2\u00a0Minuten"},"schema":{"@context":"https:\/\/schema.org","@graph":[{"@type":"WebPage","@id":"https:\/\/linkwitz.store\/de\/","url":"https:\/\/linkwitz.store\/de\/","name":"LINKWITZ.store","isPartOf":{"@id":"https:\/\/linkwitz.store\/#website"},"datePublished":"2017-01-10T23:57:03+00:00","dateModified":"2023-07-29T11:32:07+00:00","description":"LINKWITZ.store - LINKWITZ.store","breadcrumb":{"@id":"https:\/\/linkwitz.store\/de\/#breadcrumb"},"inLanguage":"de","potentialAction":[{"@type":"ReadAction","target":["https:\/\/linkwitz.store\/de\/"]}]},{"@type":"BreadcrumbList","@id":"https:\/\/linkwitz.store\/de\/#breadcrumb","itemListElement":[{"@type":"ListItem","position":1,"name":"Home","item":"https:\/\/linkwitz.store\/de\/"},{"@type":"ListItem","position":2,"name":"LINKWITZ.store"}]},{"@type":"WebSite","@id":"https:\/\/linkwitz.store\/#website","url":"https:\/\/linkwitz.store\/","name":"LINKWITZ.store","description":"","publisher":{"@id":"https:\/\/linkwitz.store\/#organization"},"potentialAction":[{"@type":"SearchAction","target":{"@type":"EntryPoint","urlTemplate":"https:\/\/linkwitz.store\/?s={search_term_string}"},"query-input":{"@type":"PropertyValueSpecification","valueRequired":true,"valueName":"search_term_string"}}],"inLanguage":"de"},{"@type":"Organization","@id":"https:\/\/linkwitz.store\/#organization","name":"LINKWITZ.store","url":"https:\/\/linkwitz.store\/","logo":{"@type":"ImageObject","inLanguage":"de","@id":"https:\/\/linkwitz.store\/#\/schema\/logo\/image\/","url":"https:\/\/linkwitz.store\/wp-content\/uploads\/2021\/02\/MLX-LINKWITZ-191023-RGB-RZ-weis-3.svg","contentUrl":"https:\/\/linkwitz.store\/wp-content\/uploads\/2021\/02\/MLX-LINKWITZ-191023-RGB-RZ-weis-3.svg","width":156,"height":36,"caption":"LINKWITZ.store"},"image":{"@id":"https:\/\/linkwitz.store\/#\/schema\/logo\/image\/"}}]}},"_links":{"self":[{"href":"https:\/\/linkwitz.store\/de\/wp-json\/wp\/v2\/pages\/4344","targetHints":{"allow":["GET"]}}],"collection":[{"href":"https:\/\/linkwitz.store\/de\/wp-json\/wp\/v2\/pages"}],"about":[{"href":"https:\/\/linkwitz.store\/de\/wp-json\/wp\/v2\/types\/page"}],"author":[{"embeddable":true,"href":"https:\/\/linkwitz.store\/de\/wp-json\/wp\/v2\/users\/1"}],"replies":[{"embeddable":true,"href":"https:\/\/linkwitz.store\/de\/wp-json\/wp\/v2\/comments?post=4344"}],"version-history":[{"count":16,"href":"https:\/\/linkwitz.store\/de\/wp-json\/wp\/v2\/pages\/4344\/revisions"}],"predecessor-version":[{"id":7456,"href":"https:\/\/linkwitz.store\/de\/wp-json\/wp\/v2\/pages\/4344\/revisions\/7456"}],"wp:attachment":[{"href":"https:\/\/linkwitz.store\/de\/wp-json\/wp\/v2\/media?parent=4344"}],"curies":[{"name":"wp","href":"https:\/\/api.w.org\/{rel}","templated":true}]}}