{"id":4482,"date":"2021-01-25T12:36:36","date_gmt":"2021-01-25T12:36:36","guid":{"rendered":"https:\/\/magiclx.com\/contact-information\/"},"modified":"2021-03-16T09:59:38","modified_gmt":"2021-03-16T09:59:38","slug":"contact-information","status":"publish","type":"page","link":"https:\/\/linkwitz.store\/de\/contact-information\/","title":{"rendered":"Impressum"},"content":{"rendered":"<div>\n<p>Verantwortlich f\u00fcr den Inhalt nach \u00a7 55 Abs. 2 RStV:<\/p>\n<p>EarFood GmbH, GF: Dr Frank Brenner<\/p>\n<p>Haftung f\u00fcr Inhalte<\/p>\n<p>Die Inhalte unserer Seiten wurden mit gr\u00f6\u00dfter Sorgfalt erstellt. F\u00fcr die Richtigkeit, Vollst\u00e4ndigkeit und Aktualit\u00e4t der Inhalte k\u00f6nnen wir jedoch keine Gew\u00e4hr \u00fcbernehmen. Als Dienstanbieter sind wir gem\u00e4\u00df \u00a7 7 Abs.1 TMG f\u00fcr eigene Inhalte auf diesen Seiten nach den allgemeinen Gesetzen verantwortlich. Nach \u00a7\u00a7 8 bis 10 TMG sind wir als Dienstanbieter jedoch nicht verpflichtet, \u00fcbermittelte oder gespeicherte fremde Informationen zu \u00fcberwachen oder nach Umst\u00e4nden zu forschen, die auf eine rechtswidrige T\u00e4tigkeit hinweisen. Verpflichtungen zur Entfernung oder Sperrung der Nutzung von Informationen nach den allgemeinen Gesetzen bleiben hiervon unber\u00fchrt. Eine diesbez\u00fcgliche Haftung ist jedoch erst ab dem Zeitpunkt der Kenntnis einer konkreten Rechtsverletzung m\u00f6glich. Bei Bekanntwerden von entsprechenden Rechtsverletzungen werden wir diese Inhalte umgehend entfernen.<\/p>\n<p>Haftung f\u00fcr Links<\/p>\n<p>Unser Angebot enth\u00e4lt Links zu externen Webseiten Dritter, auf deren Inhalte wir keinen Einfluss haben. Deshalb k\u00f6nnen wir f\u00fcr diese fremden Inhalte auch keine Gew\u00e4hr \u00fcbernehmen. F\u00fcr die Inhalte der verlinkten Seiten ist stets der jeweilige Anbieter oder Betreiber der Seiten verantwortlich. Die verlinkten Seiten wurden zum Zeitpunkt der Verlinkung auf m\u00f6gliche Rechtsverst\u00f6\u00dfe \u00fcberpr\u00fcft. Rechtswidrige Inhalte waren zum Zeitpunkt der Verlinkung nicht erkennbar. Eine permanente inhaltliche Kontrolle der verlinkten Seiten ist jedoch ohne konkrete Anhaltspunkte einer Rechtsverletzung nicht zumutbar. Bei Bekanntwerden von Rechtsverletzungen werden wir derartige Links umgehend entfernen.<\/p>\n<p class=\"Headline2\" align=\"left\">Verbraucherinformation: Teilnahme an einem Streitbeilegungsverfahren<\/p>\n<p class=\"Paragraph\" align=\"left\">Wir sind nicht bereit an einem Streitbeilegungsverfahren vor einer anerkannten Verbraucherschlichtungsstelle teilzunehmen.<\/p>\n<p>Urheberrecht<\/p>\n<p>Die durch die Seitenbetreiber erstellten Inhalte und Werke auf diesen Seiten unterliegen dem deutschen Urheberrecht. Die Vervielf\u00e4ltigung, Bearbeitung, Verbreitung und jede Art der Verwertung au\u00dferhalb der Grenzen des Urheberrechtes bed\u00fcrfen der schriftlichen Zustimmung des jeweiligen Autors bzw. Erstellers. Downloads und Kopien dieser Seite sind nur f\u00fcr den privaten, nicht kommerziellen Gebrauch gestattet. Soweit die Inhalte auf dieser Seite nicht vom Betreiber erstellt wurden, werden die Urheberrechte Dritter beachtet. Insbesondere werden Inhalte Dritter als solche gekennzeichnet. Sollten Sie trotzdem auf eine Urheberrechtsverletzung aufmerksam werden, bitten wir um einen entsprechenden Hinweis. Bei Bekanntwerden von Rechtsverletzungen werden wir derartige Inhalte umgehend entfernen.<\/p>\n<\/div>\n<table class=\"Imprint\">\n<tbody>\n<tr>\n<td class=\"Label\">Address<\/td>\n<td>EarFood GmbH<br \/>\nVeilchenweg 5<br \/>\n70771 Leinfelden<br \/>\nDeutschland<\/td>\n<\/tr>\n<tr>\n<td class=\"Label\">Contact person<\/td>\n<td>Dr Frank Brenner<\/td>\n<\/tr>\n<tr>\n<td class=\"Label\">Email<\/td>\n<td><a id=\"ObscureImprint\" href=\"https:\/\/www.magiclx521.com\/epages\/17940394.sf\/sec71e6450188\/bWFpbHRvOmluZm9AbWFnaWNseDUyMS5jb20=\" rel=\"nofollow\">info@magicLX521.com<\/a><\/td>\n<\/tr>\n<\/tbody>\n<\/table>\n<div class=\"ImprintText\">\n<p>As\u00a0this is a German company\u00a0, please find relevant information in the German text.<\/p>\n<p>Amtsgericht Stuttgart HRB751464<\/p>\n<p>Steuer ID \/ VAT ID DE 298077505<\/p>\n<p>WEEE Reg Nr DE 92005971<\/p>\n<p>BANK:\u00a0 EarFood GmbH, Veilchenweg 5, D-70771 Leinfelden, Germany,<strong>\u00a0<\/strong>Account\/KTO1226450, BLZ 60050101,<strong>\u00a0IBAN DE58600501010001226450<\/strong>, Landesbank Baden-W\u00fcrttemberg, Am Hauptbahnhof 2, 70173 Stuttgart, BIC\/SWIFT:\u00a0<strong>SOLADEST600<\/strong>,<\/p>\n<p><strong>Online-Plattform zur au\u00dfergerichtlichen Streitbeilegung<\/strong><br \/>\nAls Online-H\u00e4ndler und -Dienstleister sind wir verpflichtet, Sie auf die Plattform der Europ\u00e4ischen Kommission zur Online-Streitbeilegung (OS-Plattform) hinzuweisen. Diese ist \u00fcber die folgende Internetadresse erreichbar:\u00a0<a href=\"https:\/\/webgate.ec.europa.eu\/odr\/main\/index.cfm?event=main.home.chooseLanguage\">https:\/\/webgate.ec.europa.eu\/odr\/main\/index.cfm?event=main.home.chooseLanguage<\/a>.<\/p>\n<p>Als erste Anlaufstelle f\u00fcr etwaige Beschwerden stehen wir Ihnen gern unter\u00a0<a href=\"http:\/\/mailto:info@magiclx521.com\/\" data-link-type=\"external\" data-type=\"linkpicker\">info( at) magicLX521 (dot) com<\/a>\u00a0zur Verf\u00fcgung.<\/p>\n<\/div>\n","protected":false},"excerpt":{"rendered":"<p>Verantwortlich f\u00fcr den Inhalt nach \u00a7 55 Abs. 2 RStV: EarFood GmbH, GF: Dr Frank Brenner Haftung f\u00fcr Inhalte Die Inhalte unserer Seiten wurden mit gr\u00f6\u00dfter Sorgfalt erstellt. F\u00fcr die Richtigkeit, Vollst\u00e4ndigkeit und Aktualit\u00e4t der Inhalte k\u00f6nnen wir jedoch keine Gew\u00e4hr \u00fcbernehmen. Als Dienstanbieter sind wir gem\u00e4\u00df \u00a7 7 Abs.1 TMG f\u00fcr eigene Inhalte auf [&hellip;]<\/p>\n","protected":false},"author":1,"featured_media":0,"parent":0,"menu_order":0,"comment_status":"closed","ping_status":"closed","template":"","meta":{"inline_featured_image":false,"footnotes":""},"class_list":["post-4482","page","type-page","status-publish","hentry"],"yoast_head":"<!-- This site is optimized with the Yoast SEO plugin v27.0 - https:\/\/yoast.com\/product\/yoast-seo-wordpress\/ -->\n<title>Impressum - LINKWITZ.store<\/title>\n<meta name=\"description\" content=\"LINKWITZ.store - Impressum\" \/>\n<meta name=\"robots\" content=\"index, follow, max-snippet:-1, max-image-preview:large, max-video-preview:-1\" \/>\n<link rel=\"canonical\" href=\"https:\/\/linkwitz.store\/de\/contact-information\/\" \/>\n<meta property=\"og:locale\" content=\"de_DE\" \/>\n<meta property=\"og:type\" content=\"article\" \/>\n<meta property=\"og:title\" content=\"Impressum - LINKWITZ.store\" \/>\n<meta property=\"og:description\" content=\"LINKWITZ.store - Impressum\" \/>\n<meta property=\"og:url\" content=\"https:\/\/linkwitz.store\/de\/contact-information\/\" \/>\n<meta property=\"og:site_name\" content=\"LINKWITZ.store\" \/>\n<meta property=\"article:modified_time\" content=\"2021-03-16T09:59:38+00:00\" \/>\n<meta name=\"twitter:card\" content=\"summary_large_image\" \/>\n<meta name=\"twitter:label1\" content=\"Gesch\u00e4tzte Lesezeit\" \/>\n\t<meta name=\"twitter:data1\" content=\"3\u00a0Minuten\" \/>\n<script type=\"application\/ld+json\" class=\"yoast-schema-graph\">{\"@context\":\"https:\/\/schema.org\",\"@graph\":[{\"@type\":\"WebPage\",\"@id\":\"https:\/\/linkwitz.store\/de\/contact-information\/\",\"url\":\"https:\/\/linkwitz.store\/de\/contact-information\/\",\"name\":\"Impressum - LINKWITZ.store\",\"isPartOf\":{\"@id\":\"https:\/\/linkwitz.store\/#website\"},\"datePublished\":\"2021-01-25T12:36:36+00:00\",\"dateModified\":\"2021-03-16T09:59:38+00:00\",\"description\":\"LINKWITZ.store - Impressum\",\"breadcrumb\":{\"@id\":\"https:\/\/linkwitz.store\/de\/contact-information\/#breadcrumb\"},\"inLanguage\":\"de\",\"potentialAction\":[{\"@type\":\"ReadAction\",\"target\":[\"https:\/\/linkwitz.store\/de\/contact-information\/\"]}]},{\"@type\":\"BreadcrumbList\",\"@id\":\"https:\/\/linkwitz.store\/de\/contact-information\/#breadcrumb\",\"itemListElement\":[{\"@type\":\"ListItem\",\"position\":1,\"name\":\"Home\",\"item\":\"https:\/\/linkwitz.store\/de\/\"},{\"@type\":\"ListItem\",\"position\":2,\"name\":\"Impressum\"}]},{\"@type\":\"WebSite\",\"@id\":\"https:\/\/linkwitz.store\/#website\",\"url\":\"https:\/\/linkwitz.store\/\",\"name\":\"LINKWITZ.store\",\"description\":\"\",\"publisher\":{\"@id\":\"https:\/\/linkwitz.store\/#organization\"},\"potentialAction\":[{\"@type\":\"SearchAction\",\"target\":{\"@type\":\"EntryPoint\",\"urlTemplate\":\"https:\/\/linkwitz.store\/?s={search_term_string}\"},\"query-input\":{\"@type\":\"PropertyValueSpecification\",\"valueRequired\":true,\"valueName\":\"search_term_string\"}}],\"inLanguage\":\"de\"},{\"@type\":\"Organization\",\"@id\":\"https:\/\/linkwitz.store\/#organization\",\"name\":\"LINKWITZ.store\",\"url\":\"https:\/\/linkwitz.store\/\",\"logo\":{\"@type\":\"ImageObject\",\"inLanguage\":\"de\",\"@id\":\"https:\/\/linkwitz.store\/#\/schema\/logo\/image\/\",\"url\":\"https:\/\/linkwitz.store\/wp-content\/uploads\/2021\/02\/MLX-LINKWITZ-191023-RGB-RZ-weis-3.svg\",\"contentUrl\":\"https:\/\/linkwitz.store\/wp-content\/uploads\/2021\/02\/MLX-LINKWITZ-191023-RGB-RZ-weis-3.svg\",\"width\":156,\"height\":36,\"caption\":\"LINKWITZ.store\"},\"image\":{\"@id\":\"https:\/\/linkwitz.store\/#\/schema\/logo\/image\/\"}}]}<\/script>\n<!-- \/ Yoast SEO plugin. -->","yoast_head_json":{"title":"Impressum - LINKWITZ.store","description":"LINKWITZ.store - Impressum","robots":{"index":"index","follow":"follow","max-snippet":"max-snippet:-1","max-image-preview":"max-image-preview:large","max-video-preview":"max-video-preview:-1"},"canonical":"https:\/\/linkwitz.store\/de\/contact-information\/","og_locale":"de_DE","og_type":"article","og_title":"Impressum - LINKWITZ.store","og_description":"LINKWITZ.store - Impressum","og_url":"https:\/\/linkwitz.store\/de\/contact-information\/","og_site_name":"LINKWITZ.store","article_modified_time":"2021-03-16T09:59:38+00:00","twitter_card":"summary_large_image","twitter_misc":{"Gesch\u00e4tzte Lesezeit":"3\u00a0Minuten"},"schema":{"@context":"https:\/\/schema.org","@graph":[{"@type":"WebPage","@id":"https:\/\/linkwitz.store\/de\/contact-information\/","url":"https:\/\/linkwitz.store\/de\/contact-information\/","name":"Impressum - LINKWITZ.store","isPartOf":{"@id":"https:\/\/linkwitz.store\/#website"},"datePublished":"2021-01-25T12:36:36+00:00","dateModified":"2021-03-16T09:59:38+00:00","description":"LINKWITZ.store - Impressum","breadcrumb":{"@id":"https:\/\/linkwitz.store\/de\/contact-information\/#breadcrumb"},"inLanguage":"de","potentialAction":[{"@type":"ReadAction","target":["https:\/\/linkwitz.store\/de\/contact-information\/"]}]},{"@type":"BreadcrumbList","@id":"https:\/\/linkwitz.store\/de\/contact-information\/#breadcrumb","itemListElement":[{"@type":"ListItem","position":1,"name":"Home","item":"https:\/\/linkwitz.store\/de\/"},{"@type":"ListItem","position":2,"name":"Impressum"}]},{"@type":"WebSite","@id":"https:\/\/linkwitz.store\/#website","url":"https:\/\/linkwitz.store\/","name":"LINKWITZ.store","description":"","publisher":{"@id":"https:\/\/linkwitz.store\/#organization"},"potentialAction":[{"@type":"SearchAction","target":{"@type":"EntryPoint","urlTemplate":"https:\/\/linkwitz.store\/?s={search_term_string}"},"query-input":{"@type":"PropertyValueSpecification","valueRequired":true,"valueName":"search_term_string"}}],"inLanguage":"de"},{"@type":"Organization","@id":"https:\/\/linkwitz.store\/#organization","name":"LINKWITZ.store","url":"https:\/\/linkwitz.store\/","logo":{"@type":"ImageObject","inLanguage":"de","@id":"https:\/\/linkwitz.store\/#\/schema\/logo\/image\/","url":"https:\/\/linkwitz.store\/wp-content\/uploads\/2021\/02\/MLX-LINKWITZ-191023-RGB-RZ-weis-3.svg","contentUrl":"https:\/\/linkwitz.store\/wp-content\/uploads\/2021\/02\/MLX-LINKWITZ-191023-RGB-RZ-weis-3.svg","width":156,"height":36,"caption":"LINKWITZ.store"},"image":{"@id":"https:\/\/linkwitz.store\/#\/schema\/logo\/image\/"}}]}},"_links":{"self":[{"href":"https:\/\/linkwitz.store\/de\/wp-json\/wp\/v2\/pages\/4482","targetHints":{"allow":["GET"]}}],"collection":[{"href":"https:\/\/linkwitz.store\/de\/wp-json\/wp\/v2\/pages"}],"about":[{"href":"https:\/\/linkwitz.store\/de\/wp-json\/wp\/v2\/types\/page"}],"author":[{"embeddable":true,"href":"https:\/\/linkwitz.store\/de\/wp-json\/wp\/v2\/users\/1"}],"replies":[{"embeddable":true,"href":"https:\/\/linkwitz.store\/de\/wp-json\/wp\/v2\/comments?post=4482"}],"version-history":[{"count":1,"href":"https:\/\/linkwitz.store\/de\/wp-json\/wp\/v2\/pages\/4482\/revisions"}],"predecessor-version":[{"id":4483,"href":"https:\/\/linkwitz.store\/de\/wp-json\/wp\/v2\/pages\/4482\/revisions\/4483"}],"wp:attachment":[{"href":"https:\/\/linkwitz.store\/de\/wp-json\/wp\/v2\/media?parent=4482"}],"curies":[{"name":"wp","href":"https:\/\/api.w.org\/{rel}","templated":true}]}}