{"id":4485,"date":"2021-01-25T12:33:59","date_gmt":"2021-01-25T12:33:59","guid":{"rendered":"https:\/\/magiclx.com\/terms-and-conditions\/"},"modified":"2021-03-16T10:00:50","modified_gmt":"2021-03-16T10:00:50","slug":"terms-and-conditions","status":"publish","type":"page","link":"https:\/\/linkwitz.store\/de\/terms-and-conditions\/","title":{"rendered":"AGB"},"content":{"rendered":"<div class=\"Middle\">\n<div class=\"ContentArea\">\n<div class=\"ContentAreaInner\">\n<div class=\"ContentAreaWrapper\">\n<div class=\"TermsAndConditions\">\n<div>\n<p>&nbsp;<\/p>\n<p>\u00a7 1 Allgemeines<\/p>\n<p>(1) Diese Gesch\u00e4ftsbedingungen gelten f\u00fcr alle Vertr\u00e4ge, Lieferungen und sonstigen Leistungen der EarFood GmbH, Veilchenweg 5, 70771 Leinfelden, (nachstehend: \u201eVerk\u00e4uferin\u201c), betreffend den Onlineshop www.magicLX521.com und alle zur Domain geh\u00f6renden Sub-Domains. Abweichende Vorschriften oder Gesch\u00e4ftsbedingungen der Kunden gelten nicht. Individuelle Abreden zwischen der Verk\u00e4uferin und den Kunden haben stets Vorrang.<\/p>\n<p>(2) Die Gesch\u00e4ftsbeziehungen zwischen der Verk\u00e4uferin und den Kunden unterliegen dem Recht der Bundesrepublik Deutschland. Bei Verbrauchern gilt diese Rechtswahl nur insoweit, als nicht der gew\u00e4hrte Schutz durch zwingende Bestimmungen des Rechts des Staates, in dem der Verbraucher seinen gew\u00f6hnlichen Aufenthalt hat, entzogen wird. Die Geltung von UN Kaufrecht ist ausgeschlossen. Die Verk\u00e4uferin liefert auch an Kunden, deren Liefer- und Rechnungsadresse au\u00dferhalb der EU liegt. Der Kunde ist hierbei verpflichtet Z\u00f6lle und \u00e4hnliche Abgaben zu tragen und die ggf. erforderlichen Anmeldungen und Genehmigungen rechtzeitig und auf eigene Kosten vorzunehmen bzw. zu beschaffen. Sollte es aufgrund der Nichterf\u00fcllung dieser Verpflichtungen des Kunden zu Verz\u00f6gerungen und\/oder Sch\u00e4den kommen, hat der Kunde diese zu vertreten<\/p>\n<p>(3) Die Vertragssprache ist deutsch.<\/p>\n<p>(4) Gerichtsstand ist Stuttgart, soweit der Kunde Kaufmann ist oder eine juristische Person des \u00f6ffentlichen Rechts oder \u00f6ffentlich-rechtliches Sonderverm\u00f6gen. Dasselbe gilt, wenn ein Kunde keinen allgemeinen Gerichtsstand in Deutschland hat oder der Wohnsitz oder gew\u00f6hnlichen Aufenthalt im Zeitpunkt der Klageerhebung nicht bekannt sind.<\/p>\n<p>(5) Urheberrechte.\u00a0An allen gelieferten Dokumentationen behalten wir uns Eigentums- und Urheberrechte uneingeschr\u00e4nkt vor. Sie d\u00fcrfen nur nach vorheriger schriftlicher Best\u00e4tigung Dritten zug\u00e4nglich gemacht werden.<\/p>\n<p>&nbsp;<\/p>\n<p>\u00a7 2 Vertragsinhalte und Vertragsschluss<\/p>\n<p>(1) Der Verk\u00e4ufer bietet den Kunden im Onlineshop www.magicLX521\u00ae.com neue Waren, vor allem Audio-Hifi-Produkte und Unterhaltungselektronik, zum Kauf an.<\/p>\n<p>(2) Beim Einkauf im Online-Shop kommt ein Kaufvertrag durch die Annahme der Bestellung des Kunden durch den Verk\u00e4ufer zustande. Preisauszeichnungen im Online-Shop stellen kein Angebot im Rechtssinne dar. Der Eingang und die Annahme der Bestellung werden dem Kunden per E-Mail best\u00e4tigt.<\/p>\n<p>Der Kunde hat au\u00dferdem die M\u00f6glichkeit per E-Mail oder Brief bei der Verk\u00e4uferin wegen eines bestimmten Artikels anzufragen. Nach Erhalt einer solchen Anfrage unterbreitet die Verk\u00e4uferin dem Kunden ein entsprechendes Angebot per E-Mail, Brief oder Fax. Ein Vertrag kommt erst dann zustande, wenn der Kunde dieses Angebot annimmt.<\/p>\n<p>(3) Der Vertragstext wird gespeichert.<\/p>\n<p>&nbsp;<\/p>\n<p>\u00a7 3 Preise, Versandkosten, Umsatzsteuer und Zahlung<\/p>\n<p>(1) Bei Bestellungen \u00fcber den Onlineshop gelten die dort angegebenen Preise. Preise f\u00fcr Endverbraucher in L\u00e4ndern der Europ\u00e4ischen Union (EU) beinhalten die gesetzliche Umsatzsteuer.<\/p>\n<p>(2) Die Preise verstehen sich zzgl. Versand- und Verpackungskosten, die dem Kunden vor Abgabe der Bestellung bekannt gegeben werden.<\/p>\n<p>Die H\u00f6he der Versandkosten h\u00e4ngt vom Gewicht , den Abma\u00dfen der Ware , dem gew\u00fcnschten Ziel und der Versandart ab.<\/p>\n<p>(3) Die Belieferung der Kunden durch die die Verk\u00e4uferin erfolgt gegen Vorkasse<\/p>\n<p>W\u00e4hlt der Kunde Vorkasse per \u00dcberweisung, so ist die Zahlung sp\u00e4testens 8 Kalendertage nach Vertragsschluss f\u00e4llig.<\/p>\n<p>(4) Kommt ein Kunde mit seinen Zahlungsverpflichtungen in Verzug, so kann der Verk\u00e4ufer Schadensersatz nach den gesetzlichen Bestimmungen verlangen und \/ oder vom Vertrag zur\u00fccktreten.<\/p>\n<p>(5) Der Verk\u00e4ufer stellt dem Kunden stets eine Rechnung aus, die ihm bei Lieferung der Ware ausgeh\u00e4ndigt wird oder sonst in Textform zugeht.<\/p>\n<p>(6) R\u00fccksendungen und Porto.\u00a0Bei unfreien Paketen verrechnet uns die Post enorme Porto-Aufschl\u00e4ge. Senden Sie daher bitte alle Pakete frei an uns. Unseren Endkunden erstatten wir im Fall einer berechtigten Reklamation gerne die Portokosten (bitte die H\u00f6he mitteilen). Gewerbliche Kunden (H\u00e4ndler, Industrie) tragen ihre Portokosten selbst.<\/p>\n<p>&nbsp;<\/p>\n<p>\u00a7 4 Lieferung und Gefahr\u00fcbergang<\/p>\n<p>(1) Die bestellten Waren werden, sofern vertraglich nicht abweichend vereinbart, an die vom Kunden angegebene Adresse geliefert. Die Lieferung erfolgt aus dem Lager des Verk\u00e4ufers.<\/p>\n<p>(2) Die Verf\u00fcgbarkeit der einzelnen Waren ist in den Artikelbeschreibungen angegeben. Am Lager vorhandene Ware versendet der Verk\u00e4ufer, sofern nicht ausdr\u00fccklich abweichend vereinbart, innerhalb von 7 Werktagen nach Zahlungseingang. Ist bei einem Verkauf \u00fcber den Online-Shop die Ware als nicht vorr\u00e4tig gekennzeichnet oder handelt es sich um individuell angefertigte Ware, so bem\u00fcht sich der Verk\u00e4ufer um eine schnellstm\u00f6gliche Lieferung. Angaben des Verk\u00e4ufers zur Lieferfrist sind unverbindlich.<\/p>\n<p>(3) Der Verk\u00e4ufer beh\u00e4lt sich vor, eine Teillieferung vorzunehmen, sofern dies f\u00fcr eine z\u00fcgige Abwicklung vorteilhaft erscheint und die Teillieferung f\u00fcr den Kunden nicht ausnahmsweise unzumutbar ist. Durch Teillieferungen entstehende Mehrkosten werden dem Kunden nicht in Rechnung gestellt.<\/p>\n<p>(4) Die Gefahr des zuf\u00e4lligen Untergangs und der zuf\u00e4lligen Verschlechterung der Ware geht mit der \u00dcbergabe auf den Kunden \u00fcber. Ist der Kunde Unternehmer, so geht beim Versendungskauf die Gefahr des zuf\u00e4lligen Untergangs und der zuf\u00e4lligen Verschlechterung der Ware sowie die Verz\u00f6gerungsgefahr bereits mit Auslieferung der Ware an den Spediteur, den Frachtf\u00fchrer oder die sonst zur Ausf\u00fchrung der Versendung bestimmte Person \u00fcber.<\/p>\n<p>(5) Transportsch\u00e4den und vollst\u00e4ndige Lieferung.\u00a0Wir pr\u00fcfen und verpacken alle Artikel sorgf\u00e4ltig. Pr\u00fcfen Sie in jedem Fall unsere Lieferung auf Vollst\u00e4ndigkeit und Unversehrtheit und teilen Sie uns Fehler unverz\u00fcglich mit. Sollte ein Paket besch\u00e4digt bei Ihnen ankommen, so stellen Sie bitte zusammen mit dem Paketzusteller eine (formlose) Schadensmeldung aus. Bitte senden Sie uns unverz\u00fcglich eine von Empf\u00e4nger und Zusteller unterschriebene Kopie der Schadensmeldung an info@magicLX521\u00ae.com<\/p>\n<p>&nbsp;<\/p>\n<p>\u00a7 5 Eigentumsvorbehalt<\/p>\n<p>Die gelieferten Waren bleiben bis zur Erf\u00fcllung aller Forderungen aus dem Vertrag im Eigentum des Verk\u00e4ufers; im Fall, dass der Kunde eine juristische Person des \u00f6ffentlichen Rechts, ein \u00f6ffentlich-rechtliches Sonderverm\u00f6gen oder ein Unternehmer in Aus\u00fcbung seiner gewerblichen oder selbstst\u00e4ndigen beruflichen T\u00e4tigkeit ist, auch dar\u00fcber hinaus aus der laufenden Gesch\u00e4ftsbeziehung bis zum Ausgleich aller Forderungen, die dem Verk\u00e4ufer im Zusammenhang mit dem Vertrag zustehen.<\/p>\n<p>&nbsp;<\/p>\n<p>\u00a7 6 Aufrechnung, Zur\u00fcckbehaltungsrecht<\/p>\n<p>(1) Das Recht zur Aufrechnung steht dem Kunden nur zu, wenn seine Gegenanspr\u00fcche vom Verk\u00e4ufer anerkannt oder rechtskr\u00e4ftig festgestellt sind.<\/p>\n<p>(2) Zur Aus\u00fcbung eines Zur\u00fcckbehaltungsrechts ist der Kunde nur insoweit befugt, als sein Gegenanspruch auf demselben Vertragsverh\u00e4ltnis beruht.<\/p>\n<p>&nbsp;<\/p>\n<p>\u00a7 7 Haftung f\u00fcr Sach- und Rechtsm\u00e4ngel<\/p>\n<p>(1) Soweit M\u00e4ngel vorliegen, stehen dem Kunden nach Ma\u00dfgabe der folgenden Bestimmungen die gesetzlichen Gew\u00e4hrleistungsrechte zu.<\/p>\n<p>Sind an dem Vertrag nur Kaufleute beteiligt, so gelten erg\u00e4nzend die \u00a7\u00a7 377 ff. HGB.<\/p>\n<p>(2) Sch\u00e4den, die durch unsachgem\u00e4\u00dfe Handlungen des Kunden bei Zusammenbau, Aufstellung, Anschluss, Bedienung oder Lagerung der Ware hervorgerufen werden, begr\u00fcnden keinen Gew\u00e4hrleistungsanspruch gegen den Verk\u00e4ufer.<\/p>\n<p>Hinweise zur ordnungsgem\u00e4\u00dfen Behandlung kann der Kunde den Herstellerbeschreibungen entnehmen.<\/p>\n<p>(3) M\u00e4ngel sind vom Kunden innerhalb einer Gew\u00e4hrleistungsfrist von zwei Jahren bei neuen Sachen bzw. von einem Jahr bei gebrauchten Sachen gegen\u00fcber dem Verk\u00e4ufer zu r\u00fcgen.<\/p>\n<p>Ist der Kunde Unternehmer, so betr\u00e4gt die Gew\u00e4hrleistungsfrist bei neuen Sachen ein Jahr. Bei gebrauchten Sachen ist die Gew\u00e4hrleistung gegen\u00fcber Unternehmern ausgeschlossen.<\/p>\n<p>Die vorstehenden Haftungsbeschr\u00e4nkungen gelten nicht, soweit der Verk\u00e4ufer einen Mangel arglistig verschwiegen oder eine Garantie f\u00fcr die Beschaffenheit der Ware \u00fcbernommen hat. Die vorstehenden Haftungsbeschr\u00e4nkungen gelten auch nicht f\u00fcr Schadensersatzanspr\u00fcche des Kunden, die auf Ersatz eines K\u00f6per- oder Gesundheitsschadens wegen eines vom Verk\u00e4ufer zu vertretenden Mangels gerichtet oder die auf vors\u00e4tzliches oder grob fahrl\u00e4ssiges Verschulden des Verk\u00e4ufers oder seiner Erf\u00fcllungsgehilfen gest\u00fctzt sind.<\/p>\n<p>Die vorstehenden Verk\u00fcrzungen gelten nicht f\u00fcr M\u00e4ngel eines Bauwerks oder einer Sache, die entsprechend ihrer \u00fcblichen Verwendungsweise f\u00fcr ein Bauwerk verwendet worden ist und dessen Mangelhaftigkeit verursacht hat. Die vorstehenden Verk\u00fcrzungen gelten auch nicht, soweit der Verk\u00e4ufer einen Mangel arglistig verschwiegen oder eine Garantie f\u00fcr die Beschaffenheit der Ware \u00fcbernommen hat, und nicht f\u00fcr Schadensersatzanspr\u00fcche des Kunden, die auf Ersatz eines K\u00f6rper- oder Gesundheitsschadens wegen eines vom Verk\u00e4ufer zu vertretenden Mangels gerichtet oder die auf vors\u00e4tzliches oder grob fahrl\u00e4ssiges Verschulden des Verk\u00e4ufers oder seiner Erf\u00fcllungsgehilfen gest\u00fctzt sind.<\/p>\n<p>(4) Liegen M\u00e4ngel vor und wurden diese rechtzeitig geltend gemacht, ist der Verk\u00e4ufer zur Nacherf\u00fcllung berechtigt. Schl\u00e4gt die Nacherf\u00fcllung fehl, ist der Kunde berechtigt, den Kaufpreis zu mindern oder vom Vertrag zur\u00fcckzutreten. Im \u00dcbrigen gelten die gesetzlichen Bestimmungen.<\/p>\n<p>(5) M\u00e4ngel an Teilen der Lieferung berechtigen nicht zur Beanstandung der ganzen Lieferung. Der Verk\u00e4ufer ist zur Nachbesserung berechtigt. M\u00e4ngel sind fr\u00fchzeitig nach Bekanntwerden per Email (info@magicLX521\u00ae.com) oder per Brief (EarFood GmbH, Veilchenweg 5, D-70771 Leinfelden) anzuzeigen.<\/p>\n<p>(6) Die Eigenschaften der Waren ergeben sich aus den Beschreibungen des Herstellers oder des Importeurs. Unsere Beschreibungen geben diese nach bestem Wissen wieder. Daraus kann aber keine Haftung und\/oder Mangel abgeleitet werden, da die Hersteller oft \u00fcber Ver\u00e4nderungen\/Verbesserungen ihrer Produkte nicht informieren.<\/p>\n<p>Jeder K\u00e4ufer oder Wiederverk\u00e4ufer ist allein daf\u00fcr verantwortlich, zu entscheiden, ob eine beim Verk\u00e4ufer bestellte Ware in einem zur Nutzung mit dieser Ware beabsichtigten System funktionell sinnvoll ist.<\/p>\n<p>Er hat dazu die Eignung der Ware f\u00fcr Ihren Einsatzzweck zu pr\u00fcfen. Folgesch\u00e4den aus Lieferungen werden nur bei grobem Verschulden von uns und dann nur bis zu maximal dem dreifachen Wert der gelieferten Position \u00fcbernommen.<\/p>\n<p>Der Gew\u00e4hrleistungsanspruch erlischt, wenn der K\u00e4ufer oder ein Dritter ohne das ausdr\u00fcckliche Einverst\u00e4ndnis des Verk\u00e4ufers einen Eingriff an dem Ger\u00e4t\/der Komponente vornimmt.<\/p>\n<p>Von jeglicher Gew\u00e4hrleistung ausgeschlossen sind Fehler, die durch unsachgem\u00e4\u00dfe Handhabung oder \u00e4u\u00dfere Einwirkung, durch nat\u00fcrlichen Verschlei\u00df oder h\u00f6here Gewalt verursacht wurden, sowie Transportsch\u00e4den<\/p>\n<p>&nbsp;<\/p>\n<p>\u00a7 8 Haftungsausschluss<\/p>\n<p>(1) Au\u00dferhalb der Haftung f\u00fcr Sach- und Rechtsm\u00e4ngel haftet die Verk\u00e4uferin unbeschr\u00e4nkt, soweit die Schadensursache auf Vorsatz oder grober Fahrl\u00e4ssigkeit beruht. Sie haftet auch f\u00fcr die leicht fahrl\u00e4ssige Verletzung von wesentlichen Pflichten (Pflichten, deren Verletzung die Erreichung des Vertragszwecks gef\u00e4hrdet) sowie f\u00fcr die Verletzung von Kardinalpflichten (Pflichten, deren Erf\u00fcllung die ordnungsgem\u00e4\u00dfe Durchf\u00fchrung des Vertrages \u00fcberhaupt erst erm\u00f6glicht und auf deren Einhaltung der Kunde regelm\u00e4\u00dfig vertraut), jedoch jeweils nur f\u00fcr den vorhersehbaren, vertragstypischen Schaden. F\u00fcr die leicht fahrl\u00e4ssige Verletzung anderer als der vorstehenden Pflichten haftet die Verk\u00e4uferin nicht.<\/p>\n<p>(2) Die Haftungsbeschr\u00e4nkungen des vorstehenden Absatzes gelten nicht bei der Verletzung von Leben, K\u00f6rper und Gesundheit, f\u00fcr einen Mangel nach \u00dcbernahme einer Garantie f\u00fcr die Beschaffenheit des Produktes und bei arglistig verschwiegenen M\u00e4ngeln. Die Haftung nach dem Produkthaftungsgesetz bleibt unber\u00fchrt.<\/p>\n<p>(3) Ist die Haftung der Verk\u00e4uferin ausgeschlossen oder beschr\u00e4nkt, so gilt dies ebenfalls f\u00fcr die pers\u00f6nliche Haftung ihrer Angestellten, Vertreter und Erf\u00fcllungsgehilfen.<\/p>\n<p>&nbsp;<\/p>\n<p>\u00a7 8 Garantiebestimmungen<\/p>\n<p>Sollte\u00a0 wider\u00a0 Erwarten\u00a0 ein\u00a0 Fehler\u00a0 auftreten,\u00a0 den\u00a0 Sie\u00a0 oder\u00a0 Ihr\u00a0 Fachh\u00e4ndler\u00a0 nicht beseitigen k\u00f6nnen, dann reparieren wir Ihr Ger\u00e4t bis zu zwei Jahre nach Kaufdatum kostenlos.\u00a0 Die\u00a0 Garantie\u00a0 erstreckt\u00a0 sich\u00a0 auf\u00a0 Material\u00a0 und\u00a0 Arbeitszeit. Anfallende Transportkosten tr\u00e4gt ab sechs Monaten nach Kaufdatum der Eigent\u00fcmer. Ma\u00dfgeblich f\u00fcr Garantieanspruch und Garantieabwicklung ist, unabh\u00e4ngig vom Land, in dem das Ger\u00e4t gekauft wurde, grunds\u00e4tzlich deutsches Recht.<\/p>\n<p>Voraussetzungen f\u00fcr Ihren Garantieanspruch sind:<br \/>\n1.\u00a0 Das\u00a0 Ger\u00e4t\u00a0 muss\u00a0 bei\u00a0 einem\u00a0 von der\u00a0 EarFood GmbH\u00a0 autorisierten Fachh\u00e4ndler gekauft worden sein.<br \/>\n2.\u00a0 Der Fehler darf nicht durch unsachgem\u00e4\u00dfe Behandlung oder Eingriff in das Ger\u00e4t verursacht worden sein.<br \/>\n3.\u00a0 Im\u00a0 Reparaturfall\u00a0 muss\u00a0 das\u00a0 Ger\u00e4t\u00a0 in\u00a0 der\u00a0 Originalverpackung\u00a0 an\u00a0 uns\u00a0 eingesandt werden. Wenn Sie die Originalverpackung nicht mehr haben, dann wenden Sie sich bitte an Ihren Fachh\u00e4ndler. Auf Wunsch stellen wir Ihnen auch direkt, gegen einen kleinen Unkostenbeitrag, eine Verpackung zur Verf\u00fcgung.<br \/>\n4. Dem eingesandten Ger\u00e4t muss eine kurze Fehlerbeschreibung beiliegen.<br \/>\n5. In Zweifelsf\u00e4llen behalten wir uns vor, eine Kopie der Kaufrechnung anzufordern. Bei unberechtigter Einsendung, bzw. wenn kein Schaden am Ger\u00e4t vorliegt, behalten wir uns vor, eine Bearbeitungsgeb\u00fchr zu erheben.<br \/>\nHINWEIS: Sollten Sie Ihr Ger\u00e4t nicht von Deutschland aus versenden, dann sorgen Sie bitte\u00a0 f\u00fcr\u00a0 ordnungsgem\u00e4\u00dfe\u00a0 Ausfuhrpapiere.\u00a0 Kosten,\u00a0 die\u00a0 durch\u00a0 unsachgem\u00e4\u00dfe Ausfuhr,\u00a0 unterlassene\u00a0 Deklaration\u00a0 oder\u00a0 Verzollung\u00a0 entstehen,\u00a0 k\u00f6nnen\u00a0 wir\u00a0 leider nicht \u00fcbernehmen.<\/p>\n<p>Stand 5.2.2016<\/p>\n<p>Copyright \u00a9 EarFood GmbH 2015-2017. All rights reserved.<\/p>\n<\/div>\n<div class=\"AlignRight\"><\/div>\n<\/div>\n<\/div>\n<\/div>\n<\/div>\n<\/div>\n<div class=\"FooterContainer\">\n<div class=\"NavBarBottom HorizontalNavBar\">\n<div class=\"PropertyContainer\">\n<div class=\"SizeContainer\">\n<div id=\"NavElement_134838863\" class=\" NavBarElement0\"><\/div>\n<\/div>\n<\/div>\n<\/div>\n<\/div>\n","protected":false},"excerpt":{"rendered":"<p>&nbsp; \u00a7 1 Allgemeines (1) Diese Gesch\u00e4ftsbedingungen gelten f\u00fcr alle Vertr\u00e4ge, Lieferungen und sonstigen Leistungen der EarFood GmbH, Veilchenweg 5, 70771 Leinfelden, (nachstehend: \u201eVerk\u00e4uferin\u201c), betreffend den Onlineshop www.magicLX521.com und alle zur Domain geh\u00f6renden Sub-Domains. Abweichende Vorschriften oder Gesch\u00e4ftsbedingungen der Kunden gelten nicht. Individuelle Abreden zwischen der Verk\u00e4uferin und den Kunden haben stets Vorrang. (2) Die [&hellip;]<\/p>\n","protected":false},"author":1,"featured_media":0,"parent":0,"menu_order":0,"comment_status":"closed","ping_status":"closed","template":"","meta":{"inline_featured_image":false,"footnotes":""},"class_list":["post-4485","page","type-page","status-publish","hentry"],"yoast_head":"<!-- This site is optimized with the Yoast SEO plugin v27.0 - https:\/\/yoast.com\/product\/yoast-seo-wordpress\/ -->\n<title>AGB - LINKWITZ.store<\/title>\n<meta name=\"description\" content=\"LINKWITZ.store - AGB\" \/>\n<meta name=\"robots\" content=\"index, follow, max-snippet:-1, max-image-preview:large, max-video-preview:-1\" \/>\n<link rel=\"canonical\" href=\"https:\/\/linkwitz.store\/de\/terms-and-conditions\/\" \/>\n<meta property=\"og:locale\" content=\"de_DE\" \/>\n<meta property=\"og:type\" content=\"article\" \/>\n<meta property=\"og:title\" content=\"AGB - LINKWITZ.store\" \/>\n<meta property=\"og:description\" content=\"LINKWITZ.store - AGB\" \/>\n<meta property=\"og:url\" content=\"https:\/\/linkwitz.store\/de\/terms-and-conditions\/\" \/>\n<meta property=\"og:site_name\" content=\"LINKWITZ.store\" \/>\n<meta property=\"article:modified_time\" content=\"2021-03-16T10:00:50+00:00\" \/>\n<meta name=\"twitter:card\" content=\"summary_large_image\" \/>\n<meta name=\"twitter:label1\" content=\"Gesch\u00e4tzte Lesezeit\" \/>\n\t<meta name=\"twitter:data1\" content=\"8\u00a0Minuten\" \/>\n<script type=\"application\/ld+json\" class=\"yoast-schema-graph\">{\"@context\":\"https:\/\/schema.org\",\"@graph\":[{\"@type\":\"WebPage\",\"@id\":\"https:\/\/linkwitz.store\/de\/terms-and-conditions\/\",\"url\":\"https:\/\/linkwitz.store\/de\/terms-and-conditions\/\",\"name\":\"AGB - LINKWITZ.store\",\"isPartOf\":{\"@id\":\"https:\/\/linkwitz.store\/#website\"},\"datePublished\":\"2021-01-25T12:33:59+00:00\",\"dateModified\":\"2021-03-16T10:00:50+00:00\",\"description\":\"LINKWITZ.store - AGB\",\"breadcrumb\":{\"@id\":\"https:\/\/linkwitz.store\/de\/terms-and-conditions\/#breadcrumb\"},\"inLanguage\":\"de\",\"potentialAction\":[{\"@type\":\"ReadAction\",\"target\":[\"https:\/\/linkwitz.store\/de\/terms-and-conditions\/\"]}]},{\"@type\":\"BreadcrumbList\",\"@id\":\"https:\/\/linkwitz.store\/de\/terms-and-conditions\/#breadcrumb\",\"itemListElement\":[{\"@type\":\"ListItem\",\"position\":1,\"name\":\"Home\",\"item\":\"https:\/\/linkwitz.store\/de\/\"},{\"@type\":\"ListItem\",\"position\":2,\"name\":\"AGB\"}]},{\"@type\":\"WebSite\",\"@id\":\"https:\/\/linkwitz.store\/#website\",\"url\":\"https:\/\/linkwitz.store\/\",\"name\":\"LINKWITZ.store\",\"description\":\"\",\"publisher\":{\"@id\":\"https:\/\/linkwitz.store\/#organization\"},\"potentialAction\":[{\"@type\":\"SearchAction\",\"target\":{\"@type\":\"EntryPoint\",\"urlTemplate\":\"https:\/\/linkwitz.store\/?s={search_term_string}\"},\"query-input\":{\"@type\":\"PropertyValueSpecification\",\"valueRequired\":true,\"valueName\":\"search_term_string\"}}],\"inLanguage\":\"de\"},{\"@type\":\"Organization\",\"@id\":\"https:\/\/linkwitz.store\/#organization\",\"name\":\"LINKWITZ.store\",\"url\":\"https:\/\/linkwitz.store\/\",\"logo\":{\"@type\":\"ImageObject\",\"inLanguage\":\"de\",\"@id\":\"https:\/\/linkwitz.store\/#\/schema\/logo\/image\/\",\"url\":\"https:\/\/linkwitz.store\/wp-content\/uploads\/2021\/02\/MLX-LINKWITZ-191023-RGB-RZ-weis-3.svg\",\"contentUrl\":\"https:\/\/linkwitz.store\/wp-content\/uploads\/2021\/02\/MLX-LINKWITZ-191023-RGB-RZ-weis-3.svg\",\"width\":156,\"height\":36,\"caption\":\"LINKWITZ.store\"},\"image\":{\"@id\":\"https:\/\/linkwitz.store\/#\/schema\/logo\/image\/\"}}]}<\/script>\n<!-- \/ Yoast SEO plugin. -->","yoast_head_json":{"title":"AGB - LINKWITZ.store","description":"LINKWITZ.store - AGB","robots":{"index":"index","follow":"follow","max-snippet":"max-snippet:-1","max-image-preview":"max-image-preview:large","max-video-preview":"max-video-preview:-1"},"canonical":"https:\/\/linkwitz.store\/de\/terms-and-conditions\/","og_locale":"de_DE","og_type":"article","og_title":"AGB - LINKWITZ.store","og_description":"LINKWITZ.store - AGB","og_url":"https:\/\/linkwitz.store\/de\/terms-and-conditions\/","og_site_name":"LINKWITZ.store","article_modified_time":"2021-03-16T10:00:50+00:00","twitter_card":"summary_large_image","twitter_misc":{"Gesch\u00e4tzte Lesezeit":"8\u00a0Minuten"},"schema":{"@context":"https:\/\/schema.org","@graph":[{"@type":"WebPage","@id":"https:\/\/linkwitz.store\/de\/terms-and-conditions\/","url":"https:\/\/linkwitz.store\/de\/terms-and-conditions\/","name":"AGB - LINKWITZ.store","isPartOf":{"@id":"https:\/\/linkwitz.store\/#website"},"datePublished":"2021-01-25T12:33:59+00:00","dateModified":"2021-03-16T10:00:50+00:00","description":"LINKWITZ.store - AGB","breadcrumb":{"@id":"https:\/\/linkwitz.store\/de\/terms-and-conditions\/#breadcrumb"},"inLanguage":"de","potentialAction":[{"@type":"ReadAction","target":["https:\/\/linkwitz.store\/de\/terms-and-conditions\/"]}]},{"@type":"BreadcrumbList","@id":"https:\/\/linkwitz.store\/de\/terms-and-conditions\/#breadcrumb","itemListElement":[{"@type":"ListItem","position":1,"name":"Home","item":"https:\/\/linkwitz.store\/de\/"},{"@type":"ListItem","position":2,"name":"AGB"}]},{"@type":"WebSite","@id":"https:\/\/linkwitz.store\/#website","url":"https:\/\/linkwitz.store\/","name":"LINKWITZ.store","description":"","publisher":{"@id":"https:\/\/linkwitz.store\/#organization"},"potentialAction":[{"@type":"SearchAction","target":{"@type":"EntryPoint","urlTemplate":"https:\/\/linkwitz.store\/?s={search_term_string}"},"query-input":{"@type":"PropertyValueSpecification","valueRequired":true,"valueName":"search_term_string"}}],"inLanguage":"de"},{"@type":"Organization","@id":"https:\/\/linkwitz.store\/#organization","name":"LINKWITZ.store","url":"https:\/\/linkwitz.store\/","logo":{"@type":"ImageObject","inLanguage":"de","@id":"https:\/\/linkwitz.store\/#\/schema\/logo\/image\/","url":"https:\/\/linkwitz.store\/wp-content\/uploads\/2021\/02\/MLX-LINKWITZ-191023-RGB-RZ-weis-3.svg","contentUrl":"https:\/\/linkwitz.store\/wp-content\/uploads\/2021\/02\/MLX-LINKWITZ-191023-RGB-RZ-weis-3.svg","width":156,"height":36,"caption":"LINKWITZ.store"},"image":{"@id":"https:\/\/linkwitz.store\/#\/schema\/logo\/image\/"}}]}},"_links":{"self":[{"href":"https:\/\/linkwitz.store\/de\/wp-json\/wp\/v2\/pages\/4485","targetHints":{"allow":["GET"]}}],"collection":[{"href":"https:\/\/linkwitz.store\/de\/wp-json\/wp\/v2\/pages"}],"about":[{"href":"https:\/\/linkwitz.store\/de\/wp-json\/wp\/v2\/types\/page"}],"author":[{"embeddable":true,"href":"https:\/\/linkwitz.store\/de\/wp-json\/wp\/v2\/users\/1"}],"replies":[{"embeddable":true,"href":"https:\/\/linkwitz.store\/de\/wp-json\/wp\/v2\/comments?post=4485"}],"version-history":[{"count":2,"href":"https:\/\/linkwitz.store\/de\/wp-json\/wp\/v2\/pages\/4485\/revisions"}],"predecessor-version":[{"id":4487,"href":"https:\/\/linkwitz.store\/de\/wp-json\/wp\/v2\/pages\/4485\/revisions\/4487"}],"wp:attachment":[{"href":"https:\/\/linkwitz.store\/de\/wp-json\/wp\/v2\/media?parent=4485"}],"curies":[{"name":"wp","href":"https:\/\/api.w.org\/{rel}","templated":true}]}}