{"id":3628,"date":"2021-01-27T07:02:20","date_gmt":"2021-01-27T07:02:20","guid":{"rendered":"http:\/\/marvinneumann.com\/?post_type=product&#038;p=3628"},"modified":"2021-03-27T14:57:49","modified_gmt":"2021-03-27T14:57:49","slug":"negative-sjostrom-superregulator-ssr-02","status":"publish","type":"product","link":"https:\/\/linkwitz.store\/de\/produkt\/negative-sjostrom-superregulator-ssr-02\/","title":{"rendered":"Negative Sj\u00f6str\u00f6m Superregulator SSR 02"},"content":{"rendered":"<ul>\n<li>These superregulators provide a very stable operating voltage.<\/li>\n<li>They have been reviewed (measuring \/ listening tests) in LINEAR\u00a0AUDIO vol 4. The review resulted in an author\u2019s recommendation for\u00a0these SSRs.<\/li>\n<li>The Sj\u00f6str\u00f6m Superregulator SSR02 (blue) provides stabilized positive DC and needs a supply of 3,5V lower (more negative)\u00a0 than its output.<\/li>\n<li>You may adjust the voltage by turning the golden knob on the blue multi-turn trimmer.<\/li>\n<li>Optimum result are seen when the SSRs is placed close to the consumerrails.<\/li>\n<li>If you do not place the SSRs close to the consumer: The SSR provide sense\/feedback lines. Longer cable runs may profit from the sense lines of the SSR. For remote sensing, the tin jumpers J1&amp;J2 must be open.<\/li>\n<\/ul>\n","protected":false},"excerpt":{"rendered":"<p>&nbsp;<\/p>\n<p>Superregulator, recommended by LINEAR AUDIO Vol 4:<\/p>\n<p>providing a very stable, low noise and low impedance operating voltage for ASPs and other audio circuits.<\/p>\n<p>&nbsp;<\/p>\n","protected":false},"featured_media":4068,"template":"","meta":{"inline_featured_image":false},"product_brand":[],"product_cat":[74,76],"product_tag":[],"class_list":{"0":"post-3628","1":"product","2":"type-product","3":"status-publish","4":"has-post-thumbnail","6":"product_cat-lxaccessories","7":"product_cat-power-supplies","9":"first","10":"instock","11":"taxable","12":"shipping-taxable","13":"purchasable","14":"product-type-simple"},"yoast_head":"<!-- This site is optimized with the Yoast SEO plugin v27.0 - https:\/\/yoast.com\/product\/yoast-seo-wordpress\/ -->\n<title>Negative Sj\u00f6str\u00f6m Superregulator SSR 02 - LINKWITZ.store<\/title>\n<meta name=\"description\" content=\"LINKWITZ.store - Negative Sj\u00f6str\u00f6m Superregulator SSR 02\" \/>\n<meta name=\"robots\" content=\"index, follow, max-snippet:-1, max-image-preview:large, max-video-preview:-1\" \/>\n<link rel=\"canonical\" href=\"https:\/\/linkwitz.store\/product\/negative-sjostrom-superregulator-ssr-02\/\" \/>\n<meta property=\"og:locale\" content=\"de_DE\" \/>\n<meta property=\"og:type\" content=\"article\" \/>\n<meta property=\"og:title\" content=\"Negative Sj\u00f6str\u00f6m Superregulator SSR 02 - LINKWITZ.store\" \/>\n<meta property=\"og:description\" content=\"LINKWITZ.store - Negative Sj\u00f6str\u00f6m Superregulator SSR 02\" \/>\n<meta property=\"og:url\" content=\"https:\/\/linkwitz.store\/product\/negative-sjostrom-superregulator-ssr-02\/\" \/>\n<meta property=\"og:site_name\" content=\"LINKWITZ.store\" \/>\n<meta property=\"article:modified_time\" content=\"2021-03-27T14:57:49+00:00\" \/>\n<meta property=\"og:image\" content=\"https:\/\/linkwitz.store\/wp-content\/uploads\/2021\/02\/Sjostrom-SSR02.jpg\" \/>\n\t<meta property=\"og:image:width\" content=\"1080\" \/>\n\t<meta property=\"og:image:height\" content=\"1080\" \/>\n\t<meta property=\"og:image:type\" content=\"image\/jpeg\" \/>\n<meta name=\"twitter:card\" content=\"summary_large_image\" \/>\n<meta name=\"twitter:label1\" content=\"Gesch\u00e4tzte Lesezeit\" \/>\n\t<meta name=\"twitter:data1\" content=\"1\u00a0Minute\" \/>\n<script type=\"application\/ld+json\" class=\"yoast-schema-graph\">{\"@context\":\"https:\/\/schema.org\",\"@graph\":[{\"@type\":\"WebPage\",\"@id\":\"https:\/\/linkwitz.store\/product\/negative-sjostrom-superregulator-ssr-02\/\",\"url\":\"https:\/\/linkwitz.store\/product\/negative-sjostrom-superregulator-ssr-02\/\",\"name\":\"Negative Sj\u00f6str\u00f6m Superregulator SSR 02 - LINKWITZ.store\",\"isPartOf\":{\"@id\":\"https:\/\/linkwitz.store\/#website\"},\"primaryImageOfPage\":{\"@id\":\"https:\/\/linkwitz.store\/product\/negative-sjostrom-superregulator-ssr-02\/#primaryimage\"},\"image\":{\"@id\":\"https:\/\/linkwitz.store\/product\/negative-sjostrom-superregulator-ssr-02\/#primaryimage\"},\"thumbnailUrl\":\"https:\/\/linkwitz.store\/wp-content\/uploads\/2021\/02\/Sjostrom-SSR02.jpg\",\"datePublished\":\"2021-01-27T07:02:20+00:00\",\"dateModified\":\"2021-03-27T14:57:49+00:00\",\"description\":\"LINKWITZ.store - Negative Sj\u00f6str\u00f6m Superregulator SSR 02\",\"breadcrumb\":{\"@id\":\"https:\/\/linkwitz.store\/product\/negative-sjostrom-superregulator-ssr-02\/#breadcrumb\"},\"inLanguage\":\"de\",\"potentialAction\":[{\"@type\":\"ReadAction\",\"target\":[\"https:\/\/linkwitz.store\/product\/negative-sjostrom-superregulator-ssr-02\/\"]}]},{\"@type\":\"ImageObject\",\"inLanguage\":\"de\",\"@id\":\"https:\/\/linkwitz.store\/product\/negative-sjostrom-superregulator-ssr-02\/#primaryimage\",\"url\":\"https:\/\/linkwitz.store\/wp-content\/uploads\/2021\/02\/Sjostrom-SSR02.jpg\",\"contentUrl\":\"https:\/\/linkwitz.store\/wp-content\/uploads\/2021\/02\/Sjostrom-SSR02.jpg\",\"width\":1080,\"height\":1080},{\"@type\":\"BreadcrumbList\",\"@id\":\"https:\/\/linkwitz.store\/product\/negative-sjostrom-superregulator-ssr-02\/#breadcrumb\",\"itemListElement\":[{\"@type\":\"ListItem\",\"position\":1,\"name\":\"Home\",\"item\":\"https:\/\/linkwitz.store\/de\/\"},{\"@type\":\"ListItem\",\"position\":2,\"name\":\"Shop\",\"item\":\"https:\/\/linkwitz.store\/de\/shop-2\/\"},{\"@type\":\"ListItem\",\"position\":3,\"name\":\"Negative Sj\u00f6str\u00f6m Superregulator SSR 02\"}]},{\"@type\":\"WebSite\",\"@id\":\"https:\/\/linkwitz.store\/#website\",\"url\":\"https:\/\/linkwitz.store\/\",\"name\":\"LINKWITZ.store\",\"description\":\"\",\"publisher\":{\"@id\":\"https:\/\/linkwitz.store\/#organization\"},\"potentialAction\":[{\"@type\":\"SearchAction\",\"target\":{\"@type\":\"EntryPoint\",\"urlTemplate\":\"https:\/\/linkwitz.store\/?s={search_term_string}\"},\"query-input\":{\"@type\":\"PropertyValueSpecification\",\"valueRequired\":true,\"valueName\":\"search_term_string\"}}],\"inLanguage\":\"de\"},{\"@type\":\"Organization\",\"@id\":\"https:\/\/linkwitz.store\/#organization\",\"name\":\"LINKWITZ.store\",\"url\":\"https:\/\/linkwitz.store\/\",\"logo\":{\"@type\":\"ImageObject\",\"inLanguage\":\"de\",\"@id\":\"https:\/\/linkwitz.store\/#\/schema\/logo\/image\/\",\"url\":\"https:\/\/linkwitz.store\/wp-content\/uploads\/2021\/02\/MLX-LINKWITZ-191023-RGB-RZ-weis-3.svg\",\"contentUrl\":\"https:\/\/linkwitz.store\/wp-content\/uploads\/2021\/02\/MLX-LINKWITZ-191023-RGB-RZ-weis-3.svg\",\"width\":156,\"height\":36,\"caption\":\"LINKWITZ.store\"},\"image\":{\"@id\":\"https:\/\/linkwitz.store\/#\/schema\/logo\/image\/\"}}]}<\/script>\n<!-- \/ Yoast SEO plugin. -->","yoast_head_json":{"title":"Negative Sj\u00f6str\u00f6m Superregulator SSR 02 - LINKWITZ.store","description":"LINKWITZ.store - Negative Sj\u00f6str\u00f6m Superregulator SSR 02","robots":{"index":"index","follow":"follow","max-snippet":"max-snippet:-1","max-image-preview":"max-image-preview:large","max-video-preview":"max-video-preview:-1"},"canonical":"https:\/\/linkwitz.store\/product\/negative-sjostrom-superregulator-ssr-02\/","og_locale":"de_DE","og_type":"article","og_title":"Negative Sj\u00f6str\u00f6m Superregulator SSR 02 - LINKWITZ.store","og_description":"LINKWITZ.store - Negative Sj\u00f6str\u00f6m Superregulator SSR 02","og_url":"https:\/\/linkwitz.store\/product\/negative-sjostrom-superregulator-ssr-02\/","og_site_name":"LINKWITZ.store","article_modified_time":"2021-03-27T14:57:49+00:00","og_image":[{"width":1080,"height":1080,"url":"https:\/\/linkwitz.store\/wp-content\/uploads\/2021\/02\/Sjostrom-SSR02.jpg","type":"image\/jpeg"}],"twitter_card":"summary_large_image","twitter_misc":{"Gesch\u00e4tzte Lesezeit":"1\u00a0Minute"},"schema":{"@context":"https:\/\/schema.org","@graph":[{"@type":"WebPage","@id":"https:\/\/linkwitz.store\/product\/negative-sjostrom-superregulator-ssr-02\/","url":"https:\/\/linkwitz.store\/product\/negative-sjostrom-superregulator-ssr-02\/","name":"Negative Sj\u00f6str\u00f6m Superregulator SSR 02 - LINKWITZ.store","isPartOf":{"@id":"https:\/\/linkwitz.store\/#website"},"primaryImageOfPage":{"@id":"https:\/\/linkwitz.store\/product\/negative-sjostrom-superregulator-ssr-02\/#primaryimage"},"image":{"@id":"https:\/\/linkwitz.store\/product\/negative-sjostrom-superregulator-ssr-02\/#primaryimage"},"thumbnailUrl":"https:\/\/linkwitz.store\/wp-content\/uploads\/2021\/02\/Sjostrom-SSR02.jpg","datePublished":"2021-01-27T07:02:20+00:00","dateModified":"2021-03-27T14:57:49+00:00","description":"LINKWITZ.store - Negative Sj\u00f6str\u00f6m Superregulator SSR 02","breadcrumb":{"@id":"https:\/\/linkwitz.store\/product\/negative-sjostrom-superregulator-ssr-02\/#breadcrumb"},"inLanguage":"de","potentialAction":[{"@type":"ReadAction","target":["https:\/\/linkwitz.store\/product\/negative-sjostrom-superregulator-ssr-02\/"]}]},{"@type":"ImageObject","inLanguage":"de","@id":"https:\/\/linkwitz.store\/product\/negative-sjostrom-superregulator-ssr-02\/#primaryimage","url":"https:\/\/linkwitz.store\/wp-content\/uploads\/2021\/02\/Sjostrom-SSR02.jpg","contentUrl":"https:\/\/linkwitz.store\/wp-content\/uploads\/2021\/02\/Sjostrom-SSR02.jpg","width":1080,"height":1080},{"@type":"BreadcrumbList","@id":"https:\/\/linkwitz.store\/product\/negative-sjostrom-superregulator-ssr-02\/#breadcrumb","itemListElement":[{"@type":"ListItem","position":1,"name":"Home","item":"https:\/\/linkwitz.store\/de\/"},{"@type":"ListItem","position":2,"name":"Shop","item":"https:\/\/linkwitz.store\/de\/shop-2\/"},{"@type":"ListItem","position":3,"name":"Negative Sj\u00f6str\u00f6m Superregulator SSR 02"}]},{"@type":"WebSite","@id":"https:\/\/linkwitz.store\/#website","url":"https:\/\/linkwitz.store\/","name":"LINKWITZ.store","description":"","publisher":{"@id":"https:\/\/linkwitz.store\/#organization"},"potentialAction":[{"@type":"SearchAction","target":{"@type":"EntryPoint","urlTemplate":"https:\/\/linkwitz.store\/?s={search_term_string}"},"query-input":{"@type":"PropertyValueSpecification","valueRequired":true,"valueName":"search_term_string"}}],"inLanguage":"de"},{"@type":"Organization","@id":"https:\/\/linkwitz.store\/#organization","name":"LINKWITZ.store","url":"https:\/\/linkwitz.store\/","logo":{"@type":"ImageObject","inLanguage":"de","@id":"https:\/\/linkwitz.store\/#\/schema\/logo\/image\/","url":"https:\/\/linkwitz.store\/wp-content\/uploads\/2021\/02\/MLX-LINKWITZ-191023-RGB-RZ-weis-3.svg","contentUrl":"https:\/\/linkwitz.store\/wp-content\/uploads\/2021\/02\/MLX-LINKWITZ-191023-RGB-RZ-weis-3.svg","width":156,"height":36,"caption":"LINKWITZ.store"},"image":{"@id":"https:\/\/linkwitz.store\/#\/schema\/logo\/image\/"}}]}},"_links":{"self":[{"href":"https:\/\/linkwitz.store\/de\/wp-json\/wp\/v2\/product\/3628","targetHints":{"allow":["GET"]}}],"collection":[{"href":"https:\/\/linkwitz.store\/de\/wp-json\/wp\/v2\/product"}],"about":[{"href":"https:\/\/linkwitz.store\/de\/wp-json\/wp\/v2\/types\/product"}],"wp:featuredmedia":[{"embeddable":true,"href":"https:\/\/linkwitz.store\/de\/wp-json\/wp\/v2\/media\/4068"}],"wp:attachment":[{"href":"https:\/\/linkwitz.store\/de\/wp-json\/wp\/v2\/media?parent=3628"}],"wp:term":[{"taxonomy":"product_brand","embeddable":true,"href":"https:\/\/linkwitz.store\/de\/wp-json\/wp\/v2\/product_brand?post=3628"},{"taxonomy":"product_cat","embeddable":true,"href":"https:\/\/linkwitz.store\/de\/wp-json\/wp\/v2\/product_cat?post=3628"},{"taxonomy":"product_tag","embeddable":true,"href":"https:\/\/linkwitz.store\/de\/wp-json\/wp\/v2\/product_tag?post=3628"}],"curies":[{"name":"wp","href":"https:\/\/api.w.org\/{rel}","templated":true}]}}