{"id":4132,"date":"2021-02-28T13:43:54","date_gmt":"2021-02-28T13:43:54","guid":{"rendered":"https:\/\/magiclx.com\/?post_type=product&#038;p=4132"},"modified":"2021-03-31T12:25:48","modified_gmt":"2021-03-31T12:25:48","slug":"lxsub4","status":"publish","type":"product","link":"https:\/\/linkwitz.store\/de\/produkt\/lxsub4\/","title":{"rendered":"LXsub4"},"content":{"rendered":"<p>LXstudio \u00fcberzeugt im Frequenzbereich von 20Hz bis 20kHz mit ausgezeichneter Klarheit und Dynamik. Mit einem LR2 Filter bei niedrigen 60Hz k\u00f6nnen die Woofer nahe an Seitenw\u00e4nden platziert werden, w\u00e4hrend die LXmini\u00aes als Nahfeldmonitore arbeiten. Unterschiedliche Entfernungen k\u00f6nnen mittels DSP kompensiert werden. Dipol Woofer regen weniger Raummoden an und sorgen so f\u00fcr eine pr\u00e4zise Basswidergabe, was selbst in hoch bed\u00e4mpften Aufnahme- oder Mixing Studios z\u00e4hlt.<\/p>\n<p>LXstudio ist bei Frequenzgang , Klarheit, Phantomabbildung und Phantomb\u00fchnengr\u00f6\u00dfe, Dynamik und akustischem &#8222;Verschwinden&#8220; mit den LX521\u00ae.4 auf Augenh\u00f6he, wenn auch bei geringeren Lautst\u00e4rken im mittleren und hohen Frequenzbereich. LXstudio ist flexibler bei der Aufstellung im Raum.<\/p>\n<p>LXstudio erlaubt die pr\u00e4zise und offenlegende Wiedergabe von Stereoaufnahmen.<\/p>\n<p>Das LXsub4 Wooferpaar ist aus dunklem , anthrazitfarbenem MDF fergestellt. Die Verbindungen werden \u00fcberwiegend mit professionellen 45Grad Gehrungen ausgef\u00fchrt.\u00a0 Klar mattes\u00a0Finish.\u00a0 Kabel laufen verdeckt. Die 4 SEAS Woofer LR25R04Y sind mit profesionellen\u00a0speakON\u00ae 4-pol Terminals verbunden<em>.<\/em><\/p>\n<p>Versandinformation:<br \/>\nVersand per Spedition im Holzcontainer ca 60x80x100cm (120kg) oder Selbstabholung in Stuttgart.<\/p>\n","protected":false},"excerpt":{"rendered":"<p><strong>LXstudio<\/strong>\u00a0ist ein 3-Wege Lautsprecher aus LXsirius und LXsub4 Woofern.<\/p>\n","protected":false},"featured_media":3893,"template":"","meta":{"inline_featured_image":false},"product_brand":[],"product_cat":[88],"product_tag":[],"class_list":{"0":"post-4132","1":"product","2":"type-product","3":"status-publish","4":"has-post-thumbnail","6":"product_cat-lxspeakers-de","8":"first","9":"instock","10":"taxable","11":"shipping-taxable","12":"purchasable","13":"product-type-simple"},"yoast_head":"<!-- This site is optimized with the Yoast SEO plugin v27.0 - https:\/\/yoast.com\/product\/yoast-seo-wordpress\/ -->\n<title>LXsub4 - LINKWITZ.store<\/title>\n<meta name=\"description\" content=\"LINKWITZ.store - LXsub4\" \/>\n<meta name=\"robots\" content=\"index, follow, max-snippet:-1, max-image-preview:large, max-video-preview:-1\" \/>\n<link rel=\"canonical\" href=\"https:\/\/linkwitz.store\/de\/produkt\/lxsub4\/\" \/>\n<meta property=\"og:locale\" content=\"de_DE\" \/>\n<meta property=\"og:type\" content=\"article\" \/>\n<meta property=\"og:title\" content=\"LXsub4 - LINKWITZ.store\" \/>\n<meta property=\"og:description\" content=\"LINKWITZ.store - LXsub4\" \/>\n<meta property=\"og:url\" content=\"https:\/\/linkwitz.store\/de\/produkt\/lxsub4\/\" \/>\n<meta property=\"og:site_name\" content=\"LINKWITZ.store\" \/>\n<meta property=\"article:modified_time\" content=\"2021-03-31T12:25:48+00:00\" \/>\n<meta property=\"og:image\" content=\"https:\/\/linkwitz.store\/wp-content\/uploads\/2021\/01\/LXsub4-001-1.jpg\" \/>\n\t<meta property=\"og:image:width\" content=\"1080\" \/>\n\t<meta property=\"og:image:height\" content=\"1080\" \/>\n\t<meta property=\"og:image:type\" content=\"image\/jpeg\" \/>\n<meta name=\"twitter:card\" content=\"summary_large_image\" \/>\n<meta name=\"twitter:label1\" content=\"Gesch\u00e4tzte Lesezeit\" \/>\n\t<meta name=\"twitter:data1\" content=\"1\u00a0Minute\" \/>\n<script type=\"application\/ld+json\" class=\"yoast-schema-graph\">{\"@context\":\"https:\/\/schema.org\",\"@graph\":[{\"@type\":\"WebPage\",\"@id\":\"https:\/\/linkwitz.store\/de\/produkt\/lxsub4\/\",\"url\":\"https:\/\/linkwitz.store\/de\/produkt\/lxsub4\/\",\"name\":\"LXsub4 - LINKWITZ.store\",\"isPartOf\":{\"@id\":\"https:\/\/linkwitz.store\/#website\"},\"primaryImageOfPage\":{\"@id\":\"https:\/\/linkwitz.store\/de\/produkt\/lxsub4\/#primaryimage\"},\"image\":{\"@id\":\"https:\/\/linkwitz.store\/de\/produkt\/lxsub4\/#primaryimage\"},\"thumbnailUrl\":\"https:\/\/linkwitz.store\/wp-content\/uploads\/2021\/01\/LXsub4-001-1.jpg\",\"datePublished\":\"2021-02-28T13:43:54+00:00\",\"dateModified\":\"2021-03-31T12:25:48+00:00\",\"description\":\"LINKWITZ.store - LXsub4\",\"breadcrumb\":{\"@id\":\"https:\/\/linkwitz.store\/de\/produkt\/lxsub4\/#breadcrumb\"},\"inLanguage\":\"de\",\"potentialAction\":[{\"@type\":\"ReadAction\",\"target\":[\"https:\/\/linkwitz.store\/de\/produkt\/lxsub4\/\"]}]},{\"@type\":\"ImageObject\",\"inLanguage\":\"de\",\"@id\":\"https:\/\/linkwitz.store\/de\/produkt\/lxsub4\/#primaryimage\",\"url\":\"https:\/\/linkwitz.store\/wp-content\/uploads\/2021\/01\/LXsub4-001-1.jpg\",\"contentUrl\":\"https:\/\/linkwitz.store\/wp-content\/uploads\/2021\/01\/LXsub4-001-1.jpg\",\"width\":1080,\"height\":1080},{\"@type\":\"BreadcrumbList\",\"@id\":\"https:\/\/linkwitz.store\/de\/produkt\/lxsub4\/#breadcrumb\",\"itemListElement\":[{\"@type\":\"ListItem\",\"position\":1,\"name\":\"Home\",\"item\":\"https:\/\/linkwitz.store\/de\/\"},{\"@type\":\"ListItem\",\"position\":2,\"name\":\"Shop\",\"item\":\"https:\/\/linkwitz.store\/de\/shop-2\/\"},{\"@type\":\"ListItem\",\"position\":3,\"name\":\"LXsub4\"}]},{\"@type\":\"WebSite\",\"@id\":\"https:\/\/linkwitz.store\/#website\",\"url\":\"https:\/\/linkwitz.store\/\",\"name\":\"LINKWITZ.store\",\"description\":\"\",\"publisher\":{\"@id\":\"https:\/\/linkwitz.store\/#organization\"},\"potentialAction\":[{\"@type\":\"SearchAction\",\"target\":{\"@type\":\"EntryPoint\",\"urlTemplate\":\"https:\/\/linkwitz.store\/?s={search_term_string}\"},\"query-input\":{\"@type\":\"PropertyValueSpecification\",\"valueRequired\":true,\"valueName\":\"search_term_string\"}}],\"inLanguage\":\"de\"},{\"@type\":\"Organization\",\"@id\":\"https:\/\/linkwitz.store\/#organization\",\"name\":\"LINKWITZ.store\",\"url\":\"https:\/\/linkwitz.store\/\",\"logo\":{\"@type\":\"ImageObject\",\"inLanguage\":\"de\",\"@id\":\"https:\/\/linkwitz.store\/#\/schema\/logo\/image\/\",\"url\":\"https:\/\/linkwitz.store\/wp-content\/uploads\/2021\/02\/MLX-LINKWITZ-191023-RGB-RZ-weis-3.svg\",\"contentUrl\":\"https:\/\/linkwitz.store\/wp-content\/uploads\/2021\/02\/MLX-LINKWITZ-191023-RGB-RZ-weis-3.svg\",\"width\":156,\"height\":36,\"caption\":\"LINKWITZ.store\"},\"image\":{\"@id\":\"https:\/\/linkwitz.store\/#\/schema\/logo\/image\/\"}}]}<\/script>\n<!-- \/ Yoast SEO plugin. -->","yoast_head_json":{"title":"LXsub4 - LINKWITZ.store","description":"LINKWITZ.store - LXsub4","robots":{"index":"index","follow":"follow","max-snippet":"max-snippet:-1","max-image-preview":"max-image-preview:large","max-video-preview":"max-video-preview:-1"},"canonical":"https:\/\/linkwitz.store\/de\/produkt\/lxsub4\/","og_locale":"de_DE","og_type":"article","og_title":"LXsub4 - LINKWITZ.store","og_description":"LINKWITZ.store - LXsub4","og_url":"https:\/\/linkwitz.store\/de\/produkt\/lxsub4\/","og_site_name":"LINKWITZ.store","article_modified_time":"2021-03-31T12:25:48+00:00","og_image":[{"width":1080,"height":1080,"url":"https:\/\/linkwitz.store\/wp-content\/uploads\/2021\/01\/LXsub4-001-1.jpg","type":"image\/jpeg"}],"twitter_card":"summary_large_image","twitter_misc":{"Gesch\u00e4tzte Lesezeit":"1\u00a0Minute"},"schema":{"@context":"https:\/\/schema.org","@graph":[{"@type":"WebPage","@id":"https:\/\/linkwitz.store\/de\/produkt\/lxsub4\/","url":"https:\/\/linkwitz.store\/de\/produkt\/lxsub4\/","name":"LXsub4 - LINKWITZ.store","isPartOf":{"@id":"https:\/\/linkwitz.store\/#website"},"primaryImageOfPage":{"@id":"https:\/\/linkwitz.store\/de\/produkt\/lxsub4\/#primaryimage"},"image":{"@id":"https:\/\/linkwitz.store\/de\/produkt\/lxsub4\/#primaryimage"},"thumbnailUrl":"https:\/\/linkwitz.store\/wp-content\/uploads\/2021\/01\/LXsub4-001-1.jpg","datePublished":"2021-02-28T13:43:54+00:00","dateModified":"2021-03-31T12:25:48+00:00","description":"LINKWITZ.store - LXsub4","breadcrumb":{"@id":"https:\/\/linkwitz.store\/de\/produkt\/lxsub4\/#breadcrumb"},"inLanguage":"de","potentialAction":[{"@type":"ReadAction","target":["https:\/\/linkwitz.store\/de\/produkt\/lxsub4\/"]}]},{"@type":"ImageObject","inLanguage":"de","@id":"https:\/\/linkwitz.store\/de\/produkt\/lxsub4\/#primaryimage","url":"https:\/\/linkwitz.store\/wp-content\/uploads\/2021\/01\/LXsub4-001-1.jpg","contentUrl":"https:\/\/linkwitz.store\/wp-content\/uploads\/2021\/01\/LXsub4-001-1.jpg","width":1080,"height":1080},{"@type":"BreadcrumbList","@id":"https:\/\/linkwitz.store\/de\/produkt\/lxsub4\/#breadcrumb","itemListElement":[{"@type":"ListItem","position":1,"name":"Home","item":"https:\/\/linkwitz.store\/de\/"},{"@type":"ListItem","position":2,"name":"Shop","item":"https:\/\/linkwitz.store\/de\/shop-2\/"},{"@type":"ListItem","position":3,"name":"LXsub4"}]},{"@type":"WebSite","@id":"https:\/\/linkwitz.store\/#website","url":"https:\/\/linkwitz.store\/","name":"LINKWITZ.store","description":"","publisher":{"@id":"https:\/\/linkwitz.store\/#organization"},"potentialAction":[{"@type":"SearchAction","target":{"@type":"EntryPoint","urlTemplate":"https:\/\/linkwitz.store\/?s={search_term_string}"},"query-input":{"@type":"PropertyValueSpecification","valueRequired":true,"valueName":"search_term_string"}}],"inLanguage":"de"},{"@type":"Organization","@id":"https:\/\/linkwitz.store\/#organization","name":"LINKWITZ.store","url":"https:\/\/linkwitz.store\/","logo":{"@type":"ImageObject","inLanguage":"de","@id":"https:\/\/linkwitz.store\/#\/schema\/logo\/image\/","url":"https:\/\/linkwitz.store\/wp-content\/uploads\/2021\/02\/MLX-LINKWITZ-191023-RGB-RZ-weis-3.svg","contentUrl":"https:\/\/linkwitz.store\/wp-content\/uploads\/2021\/02\/MLX-LINKWITZ-191023-RGB-RZ-weis-3.svg","width":156,"height":36,"caption":"LINKWITZ.store"},"image":{"@id":"https:\/\/linkwitz.store\/#\/schema\/logo\/image\/"}}]}},"_links":{"self":[{"href":"https:\/\/linkwitz.store\/de\/wp-json\/wp\/v2\/product\/4132","targetHints":{"allow":["GET"]}}],"collection":[{"href":"https:\/\/linkwitz.store\/de\/wp-json\/wp\/v2\/product"}],"about":[{"href":"https:\/\/linkwitz.store\/de\/wp-json\/wp\/v2\/types\/product"}],"wp:featuredmedia":[{"embeddable":true,"href":"https:\/\/linkwitz.store\/de\/wp-json\/wp\/v2\/media\/3893"}],"wp:attachment":[{"href":"https:\/\/linkwitz.store\/de\/wp-json\/wp\/v2\/media?parent=4132"}],"wp:term":[{"taxonomy":"product_brand","embeddable":true,"href":"https:\/\/linkwitz.store\/de\/wp-json\/wp\/v2\/product_brand?post=4132"},{"taxonomy":"product_cat","embeddable":true,"href":"https:\/\/linkwitz.store\/de\/wp-json\/wp\/v2\/product_cat?post=4132"},{"taxonomy":"product_tag","embeddable":true,"href":"https:\/\/linkwitz.store\/de\/wp-json\/wp\/v2\/product_tag?post=4132"}],"curies":[{"name":"wp","href":"https:\/\/api.w.org\/{rel}","templated":true}]}}