{"id":4135,"date":"2021-02-26T19:56:58","date_gmt":"2021-02-26T19:56:58","guid":{"rendered":"https:\/\/magiclx.com\/product\/4x-xm004-04s-l26ro4y-subwoofer-chassis\/"},"modified":"2023-06-03T09:03:00","modified_gmt":"2023-06-03T09:03:00","slug":"4x-xm004-04s-l26ro4y-subwoofer-chassis","status":"publish","type":"product","link":"https:\/\/linkwitz.store\/de\/produkt\/4x-xm004-04s-l26ro4y-subwoofer-chassis\/","title":{"rendered":"4x XM004-04S L26RO4Y Subwoofer Chassis"},"content":{"rendered":"","protected":false},"excerpt":{"rendered":"<p>Subwoofer Treiber f\u00fcr LXsub2, LXsub4 und LX521\u00ae<\/p>\n<p>Extrem steifer Langhuber mit Alu Konus f\u00fcr au\u00dferorfdentliche Basspr\u00e4zision. Verlustarme Einspannung vermeidet die \u00fcblichen Konusresonanzen und Verzerrungen der weichen Konusmaterialien.<\/p>\n","protected":false},"featured_media":0,"template":"","meta":{"inline_featured_image":false},"product_brand":[],"product_cat":[148,15],"product_tag":[],"class_list":{"0":"post-4135","1":"product","2":"type-product","3":"status-publish","5":"product_cat-drivers-de","6":"product_cat-unkategorisiert","8":"first","9":"outofstock","10":"taxable","11":"shipping-taxable","12":"product-type-variable"},"yoast_head":"<!-- This site is optimized with the Yoast SEO plugin v27.0 - https:\/\/yoast.com\/product\/yoast-seo-wordpress\/ -->\n<title>4x XM004-04S L26RO4Y Subwoofer Chassis - LINKWITZ.store<\/title>\n<meta name=\"description\" content=\"LINKWITZ.store - 4x XM004-04S L26RO4Y Subwoofer Chassis\" \/>\n<meta name=\"robots\" content=\"index, follow, max-snippet:-1, max-image-preview:large, max-video-preview:-1\" \/>\n<link rel=\"canonical\" href=\"https:\/\/linkwitz.store\/de\/produkt\/4x-xm004-04s-l26ro4y-subwoofer-chassis\/\" \/>\n<meta property=\"og:locale\" content=\"de_DE\" \/>\n<meta property=\"og:type\" content=\"article\" \/>\n<meta property=\"og:title\" content=\"4x XM004-04S L26RO4Y Subwoofer Chassis - LINKWITZ.store\" \/>\n<meta property=\"og:description\" content=\"LINKWITZ.store - 4x XM004-04S L26RO4Y Subwoofer Chassis\" \/>\n<meta property=\"og:url\" content=\"https:\/\/linkwitz.store\/de\/produkt\/4x-xm004-04s-l26ro4y-subwoofer-chassis\/\" \/>\n<meta property=\"og:site_name\" content=\"LINKWITZ.store\" \/>\n<meta property=\"article:modified_time\" content=\"2023-06-03T09:03:00+00:00\" \/>\n<meta name=\"twitter:card\" content=\"summary_large_image\" \/>\n<script type=\"application\/ld+json\" class=\"yoast-schema-graph\">{\"@context\":\"https:\/\/schema.org\",\"@graph\":[{\"@type\":\"WebPage\",\"@id\":\"https:\/\/linkwitz.store\/de\/produkt\/4x-xm004-04s-l26ro4y-subwoofer-chassis\/\",\"url\":\"https:\/\/linkwitz.store\/de\/produkt\/4x-xm004-04s-l26ro4y-subwoofer-chassis\/\",\"name\":\"4x XM004-04S L26RO4Y Subwoofer Chassis - LINKWITZ.store\",\"isPartOf\":{\"@id\":\"https:\/\/linkwitz.store\/#website\"},\"datePublished\":\"2021-02-26T19:56:58+00:00\",\"dateModified\":\"2023-06-03T09:03:00+00:00\",\"description\":\"LINKWITZ.store - 4x XM004-04S L26RO4Y Subwoofer Chassis\",\"breadcrumb\":{\"@id\":\"https:\/\/linkwitz.store\/de\/produkt\/4x-xm004-04s-l26ro4y-subwoofer-chassis\/#breadcrumb\"},\"inLanguage\":\"de\",\"potentialAction\":[{\"@type\":\"ReadAction\",\"target\":[\"https:\/\/linkwitz.store\/de\/produkt\/4x-xm004-04s-l26ro4y-subwoofer-chassis\/\"]}]},{\"@type\":\"BreadcrumbList\",\"@id\":\"https:\/\/linkwitz.store\/de\/produkt\/4x-xm004-04s-l26ro4y-subwoofer-chassis\/#breadcrumb\",\"itemListElement\":[{\"@type\":\"ListItem\",\"position\":1,\"name\":\"Home\",\"item\":\"https:\/\/linkwitz.store\/de\/\"},{\"@type\":\"ListItem\",\"position\":2,\"name\":\"Shop\",\"item\":\"https:\/\/linkwitz.store\/de\/shop-2\/\"},{\"@type\":\"ListItem\",\"position\":3,\"name\":\"4x XM004-04S L26RO4Y Subwoofer Chassis\"}]},{\"@type\":\"WebSite\",\"@id\":\"https:\/\/linkwitz.store\/#website\",\"url\":\"https:\/\/linkwitz.store\/\",\"name\":\"LINKWITZ.store\",\"description\":\"\",\"publisher\":{\"@id\":\"https:\/\/linkwitz.store\/#organization\"},\"potentialAction\":[{\"@type\":\"SearchAction\",\"target\":{\"@type\":\"EntryPoint\",\"urlTemplate\":\"https:\/\/linkwitz.store\/?s={search_term_string}\"},\"query-input\":{\"@type\":\"PropertyValueSpecification\",\"valueRequired\":true,\"valueName\":\"search_term_string\"}}],\"inLanguage\":\"de\"},{\"@type\":\"Organization\",\"@id\":\"https:\/\/linkwitz.store\/#organization\",\"name\":\"LINKWITZ.store\",\"url\":\"https:\/\/linkwitz.store\/\",\"logo\":{\"@type\":\"ImageObject\",\"inLanguage\":\"de\",\"@id\":\"https:\/\/linkwitz.store\/#\/schema\/logo\/image\/\",\"url\":\"https:\/\/linkwitz.store\/wp-content\/uploads\/2021\/02\/MLX-LINKWITZ-191023-RGB-RZ-weis-3.svg\",\"contentUrl\":\"https:\/\/linkwitz.store\/wp-content\/uploads\/2021\/02\/MLX-LINKWITZ-191023-RGB-RZ-weis-3.svg\",\"width\":156,\"height\":36,\"caption\":\"LINKWITZ.store\"},\"image\":{\"@id\":\"https:\/\/linkwitz.store\/#\/schema\/logo\/image\/\"}}]}<\/script>\n<!-- \/ Yoast SEO plugin. -->","yoast_head_json":{"title":"4x XM004-04S L26RO4Y Subwoofer Chassis - LINKWITZ.store","description":"LINKWITZ.store - 4x XM004-04S L26RO4Y Subwoofer Chassis","robots":{"index":"index","follow":"follow","max-snippet":"max-snippet:-1","max-image-preview":"max-image-preview:large","max-video-preview":"max-video-preview:-1"},"canonical":"https:\/\/linkwitz.store\/de\/produkt\/4x-xm004-04s-l26ro4y-subwoofer-chassis\/","og_locale":"de_DE","og_type":"article","og_title":"4x XM004-04S L26RO4Y Subwoofer Chassis - LINKWITZ.store","og_description":"LINKWITZ.store - 4x XM004-04S L26RO4Y Subwoofer Chassis","og_url":"https:\/\/linkwitz.store\/de\/produkt\/4x-xm004-04s-l26ro4y-subwoofer-chassis\/","og_site_name":"LINKWITZ.store","article_modified_time":"2023-06-03T09:03:00+00:00","twitter_card":"summary_large_image","schema":{"@context":"https:\/\/schema.org","@graph":[{"@type":"WebPage","@id":"https:\/\/linkwitz.store\/de\/produkt\/4x-xm004-04s-l26ro4y-subwoofer-chassis\/","url":"https:\/\/linkwitz.store\/de\/produkt\/4x-xm004-04s-l26ro4y-subwoofer-chassis\/","name":"4x XM004-04S L26RO4Y Subwoofer Chassis - LINKWITZ.store","isPartOf":{"@id":"https:\/\/linkwitz.store\/#website"},"datePublished":"2021-02-26T19:56:58+00:00","dateModified":"2023-06-03T09:03:00+00:00","description":"LINKWITZ.store - 4x XM004-04S L26RO4Y Subwoofer Chassis","breadcrumb":{"@id":"https:\/\/linkwitz.store\/de\/produkt\/4x-xm004-04s-l26ro4y-subwoofer-chassis\/#breadcrumb"},"inLanguage":"de","potentialAction":[{"@type":"ReadAction","target":["https:\/\/linkwitz.store\/de\/produkt\/4x-xm004-04s-l26ro4y-subwoofer-chassis\/"]}]},{"@type":"BreadcrumbList","@id":"https:\/\/linkwitz.store\/de\/produkt\/4x-xm004-04s-l26ro4y-subwoofer-chassis\/#breadcrumb","itemListElement":[{"@type":"ListItem","position":1,"name":"Home","item":"https:\/\/linkwitz.store\/de\/"},{"@type":"ListItem","position":2,"name":"Shop","item":"https:\/\/linkwitz.store\/de\/shop-2\/"},{"@type":"ListItem","position":3,"name":"4x XM004-04S L26RO4Y Subwoofer Chassis"}]},{"@type":"WebSite","@id":"https:\/\/linkwitz.store\/#website","url":"https:\/\/linkwitz.store\/","name":"LINKWITZ.store","description":"","publisher":{"@id":"https:\/\/linkwitz.store\/#organization"},"potentialAction":[{"@type":"SearchAction","target":{"@type":"EntryPoint","urlTemplate":"https:\/\/linkwitz.store\/?s={search_term_string}"},"query-input":{"@type":"PropertyValueSpecification","valueRequired":true,"valueName":"search_term_string"}}],"inLanguage":"de"},{"@type":"Organization","@id":"https:\/\/linkwitz.store\/#organization","name":"LINKWITZ.store","url":"https:\/\/linkwitz.store\/","logo":{"@type":"ImageObject","inLanguage":"de","@id":"https:\/\/linkwitz.store\/#\/schema\/logo\/image\/","url":"https:\/\/linkwitz.store\/wp-content\/uploads\/2021\/02\/MLX-LINKWITZ-191023-RGB-RZ-weis-3.svg","contentUrl":"https:\/\/linkwitz.store\/wp-content\/uploads\/2021\/02\/MLX-LINKWITZ-191023-RGB-RZ-weis-3.svg","width":156,"height":36,"caption":"LINKWITZ.store"},"image":{"@id":"https:\/\/linkwitz.store\/#\/schema\/logo\/image\/"}}]}},"_links":{"self":[{"href":"https:\/\/linkwitz.store\/de\/wp-json\/wp\/v2\/product\/4135","targetHints":{"allow":["GET"]}}],"collection":[{"href":"https:\/\/linkwitz.store\/de\/wp-json\/wp\/v2\/product"}],"about":[{"href":"https:\/\/linkwitz.store\/de\/wp-json\/wp\/v2\/types\/product"}],"wp:attachment":[{"href":"https:\/\/linkwitz.store\/de\/wp-json\/wp\/v2\/media?parent=4135"}],"wp:term":[{"taxonomy":"product_brand","embeddable":true,"href":"https:\/\/linkwitz.store\/de\/wp-json\/wp\/v2\/product_brand?post=4135"},{"taxonomy":"product_cat","embeddable":true,"href":"https:\/\/linkwitz.store\/de\/wp-json\/wp\/v2\/product_cat?post=4135"},{"taxonomy":"product_tag","embeddable":true,"href":"https:\/\/linkwitz.store\/de\/wp-json\/wp\/v2\/product_tag?post=4135"}],"curies":[{"name":"wp","href":"https:\/\/api.w.org\/{rel}","templated":true}]}}