{"id":4190,"date":"2021-01-24T19:14:20","date_gmt":"2021-01-24T19:14:20","guid":{"rendered":"https:\/\/magiclx.com\/product\/dlcp\/"},"modified":"2021-04-04T06:51:35","modified_gmt":"2021-04-04T06:51:35","slug":"dlcp","status":"publish","type":"product","link":"https:\/\/linkwitz.store\/de\/produkt\/dlcp\/","title":{"rendered":"DLCP"},"content":{"rendered":"<p><strong>Anwendungen<\/strong><\/p>\n<ul>\n<li>High-end audio<\/li>\n<li>Digitale Vorverst\u00e4rker<\/li>\n<li>Aktiv-Lautsprecher bis 6 Kan\u00e4le<\/li>\n<li>3-weg aktive Stereosysteme<\/li>\n<li>PA Systeme<\/li>\n<li>Studio Monitore<\/li>\n<\/ul>\n<p><strong>Anleitung und Dokumentation nur in englischer Sprache<\/strong><\/p>\n<p>DLCP \/ DLCP control panel Software (bereitgestellt ohne jegliche Gew\u00e4hr)<\/p>\n<p>(<em>provided &#8222;as is&#8220;, we disclaim any and all liability for any errors, inaccuracies or incompleteness contained in any datasheet or in any other disclosure relating to any product, respect Hypex documentation and Hypex software\u00a0 copyrights<\/em>).<\/p>\n<p>UNZIP firmware before uploading<\/p>\n<p><a href=\"https:\/\/linkwitz.store\/wp-content\/uploads\/2021\/01\/DLCP-datasheet-R3-o.pdf\">DLCP datasheet R3 o<\/a><\/p>\n<p><a href=\"https:\/\/linkwitz.store\/wp-content\/uploads\/2021\/01\/DLCP_manual.pdf\">DLCP_manual<\/a><\/p>\n<p><a href=\"https:\/\/linkwitz.store\/wp-content\/uploads\/2021\/01\/DLCP-Firmware-V2.3.hex_.zip\">DLCP Firmware V2.3.hex<\/a><\/p>\n<p><a href=\"https:\/\/linkwitz.store\/wp-content\/uploads\/2021\/01\/A-DLCP-Control-Firmware-V1.4.hex_-1.zip\">A DLCP Control Firmware V1.4.hex<\/a><\/p>\n<p><a href=\"https:\/\/linkwitz.store\/wp-content\/uploads\/2021\/01\/DLCP-Control-Firmware-V1.5b.hex_.zip\">DLCP Control Firmware V1.5b.hex<\/a>(BETA,prevents bootloader mode)<\/p>\n<p><a href=\"https:\/\/linkwitz.store\/wp-content\/uploads\/2021\/01\/DLCP-Control-Firmware-V1.6b.hex_.zip\">DLCP Control Firmware V1.6b.hex<\/a>(BETA,prevents bootloader mode , combi display)<\/p>\n<p><a href=\"https:\/\/linkwitz.store\/wp-content\/uploads\/2021\/01\/DLCP-control-intro.pdf\">DLCP control intro<\/a><\/p>\n<p><a href=\"https:\/\/linkwitz.store\/wp-content\/uploads\/2021\/01\/PowerBox_Tandem_.pdf\">DLCP Interconnect<\/a><\/p>\n","protected":false},"excerpt":{"rendered":"<p>&#8222;DLCP\u201d ist ein digitaler Signalprozessor (6 Kan\u00e4le). Digitales Filtern er\u00f6ffnet neue M\u00f6glichkeiten im akustischen Lautsprecherdesign und im Abstahlverhalten. Dies m\u00f6glicht mehr Freiheiten in der\u00a0 Treiberauswahl.<\/p>\n<p>Geniales DSP Design mit smarter Clock Architektur und optimierten analogen Ein- und Ausgangsstufen.\u00a0<strong>Nur DSP board!<\/strong><\/p>\n","protected":false},"featured_media":4023,"template":"","meta":{"inline_featured_image":false},"product_brand":[],"product_cat":[194,216,217,146],"product_tag":[],"class_list":{"0":"post-4190","1":"product","2":"type-product","3":"status-publish","4":"has-post-thumbnail","6":"product_cat-lxaccessoires-de","7":"product_cat-lx521-de","8":"product_cat-lxmini-de","9":"product_cat-active-crossovers-de","11":"first","12":"outofstock","13":"taxable","14":"shipping-taxable","15":"purchasable","16":"product-type-simple"},"yoast_head":"<!-- This site is optimized with the Yoast SEO plugin v27.0 - https:\/\/yoast.com\/product\/yoast-seo-wordpress\/ -->\n<title>DLCP - LINKWITZ.store<\/title>\n<meta name=\"description\" content=\"LINKWITZ.store - DLCP\" \/>\n<meta name=\"robots\" content=\"index, follow, max-snippet:-1, max-image-preview:large, max-video-preview:-1\" \/>\n<link rel=\"canonical\" href=\"https:\/\/linkwitz.store\/de\/produkt\/dlcp\/\" \/>\n<meta property=\"og:locale\" content=\"de_DE\" \/>\n<meta property=\"og:type\" content=\"article\" \/>\n<meta property=\"og:title\" content=\"DLCP - LINKWITZ.store\" \/>\n<meta property=\"og:description\" content=\"LINKWITZ.store - DLCP\" \/>\n<meta property=\"og:url\" content=\"https:\/\/linkwitz.store\/de\/produkt\/dlcp\/\" \/>\n<meta property=\"og:site_name\" content=\"LINKWITZ.store\" \/>\n<meta property=\"article:modified_time\" content=\"2021-04-04T06:51:35+00:00\" \/>\n<meta property=\"og:image\" content=\"https:\/\/linkwitz.store\/wp-content\/uploads\/2021\/02\/DLCP-Hypex-6ch-DSP-.jpg\" \/>\n\t<meta property=\"og:image:width\" content=\"1080\" \/>\n\t<meta property=\"og:image:height\" content=\"1080\" \/>\n\t<meta property=\"og:image:type\" content=\"image\/jpeg\" \/>\n<meta name=\"twitter:card\" content=\"summary_large_image\" \/>\n<meta name=\"twitter:label1\" content=\"Gesch\u00e4tzte Lesezeit\" \/>\n\t<meta name=\"twitter:data1\" content=\"1\u00a0Minute\" \/>\n<script type=\"application\/ld+json\" class=\"yoast-schema-graph\">{\"@context\":\"https:\/\/schema.org\",\"@graph\":[{\"@type\":\"WebPage\",\"@id\":\"https:\/\/linkwitz.store\/de\/produkt\/dlcp\/\",\"url\":\"https:\/\/linkwitz.store\/de\/produkt\/dlcp\/\",\"name\":\"DLCP - LINKWITZ.store\",\"isPartOf\":{\"@id\":\"https:\/\/linkwitz.store\/#website\"},\"primaryImageOfPage\":{\"@id\":\"https:\/\/linkwitz.store\/de\/produkt\/dlcp\/#primaryimage\"},\"image\":{\"@id\":\"https:\/\/linkwitz.store\/de\/produkt\/dlcp\/#primaryimage\"},\"thumbnailUrl\":\"https:\/\/linkwitz.store\/wp-content\/uploads\/2021\/02\/DLCP-Hypex-6ch-DSP-.jpg\",\"datePublished\":\"2021-01-24T19:14:20+00:00\",\"dateModified\":\"2021-04-04T06:51:35+00:00\",\"description\":\"LINKWITZ.store - DLCP\",\"breadcrumb\":{\"@id\":\"https:\/\/linkwitz.store\/de\/produkt\/dlcp\/#breadcrumb\"},\"inLanguage\":\"de\",\"potentialAction\":[{\"@type\":\"ReadAction\",\"target\":[\"https:\/\/linkwitz.store\/de\/produkt\/dlcp\/\"]}]},{\"@type\":\"ImageObject\",\"inLanguage\":\"de\",\"@id\":\"https:\/\/linkwitz.store\/de\/produkt\/dlcp\/#primaryimage\",\"url\":\"https:\/\/linkwitz.store\/wp-content\/uploads\/2021\/02\/DLCP-Hypex-6ch-DSP-.jpg\",\"contentUrl\":\"https:\/\/linkwitz.store\/wp-content\/uploads\/2021\/02\/DLCP-Hypex-6ch-DSP-.jpg\",\"width\":1080,\"height\":1080},{\"@type\":\"BreadcrumbList\",\"@id\":\"https:\/\/linkwitz.store\/de\/produkt\/dlcp\/#breadcrumb\",\"itemListElement\":[{\"@type\":\"ListItem\",\"position\":1,\"name\":\"Home\",\"item\":\"https:\/\/linkwitz.store\/de\/\"},{\"@type\":\"ListItem\",\"position\":2,\"name\":\"Shop\",\"item\":\"https:\/\/linkwitz.store\/de\/shop-2\/\"},{\"@type\":\"ListItem\",\"position\":3,\"name\":\"DLCP\"}]},{\"@type\":\"WebSite\",\"@id\":\"https:\/\/linkwitz.store\/#website\",\"url\":\"https:\/\/linkwitz.store\/\",\"name\":\"LINKWITZ.store\",\"description\":\"\",\"publisher\":{\"@id\":\"https:\/\/linkwitz.store\/#organization\"},\"potentialAction\":[{\"@type\":\"SearchAction\",\"target\":{\"@type\":\"EntryPoint\",\"urlTemplate\":\"https:\/\/linkwitz.store\/?s={search_term_string}\"},\"query-input\":{\"@type\":\"PropertyValueSpecification\",\"valueRequired\":true,\"valueName\":\"search_term_string\"}}],\"inLanguage\":\"de\"},{\"@type\":\"Organization\",\"@id\":\"https:\/\/linkwitz.store\/#organization\",\"name\":\"LINKWITZ.store\",\"url\":\"https:\/\/linkwitz.store\/\",\"logo\":{\"@type\":\"ImageObject\",\"inLanguage\":\"de\",\"@id\":\"https:\/\/linkwitz.store\/#\/schema\/logo\/image\/\",\"url\":\"https:\/\/linkwitz.store\/wp-content\/uploads\/2021\/02\/MLX-LINKWITZ-191023-RGB-RZ-weis-3.svg\",\"contentUrl\":\"https:\/\/linkwitz.store\/wp-content\/uploads\/2021\/02\/MLX-LINKWITZ-191023-RGB-RZ-weis-3.svg\",\"width\":156,\"height\":36,\"caption\":\"LINKWITZ.store\"},\"image\":{\"@id\":\"https:\/\/linkwitz.store\/#\/schema\/logo\/image\/\"}}]}<\/script>\n<!-- \/ Yoast SEO plugin. -->","yoast_head_json":{"title":"DLCP - LINKWITZ.store","description":"LINKWITZ.store - DLCP","robots":{"index":"index","follow":"follow","max-snippet":"max-snippet:-1","max-image-preview":"max-image-preview:large","max-video-preview":"max-video-preview:-1"},"canonical":"https:\/\/linkwitz.store\/de\/produkt\/dlcp\/","og_locale":"de_DE","og_type":"article","og_title":"DLCP - LINKWITZ.store","og_description":"LINKWITZ.store - DLCP","og_url":"https:\/\/linkwitz.store\/de\/produkt\/dlcp\/","og_site_name":"LINKWITZ.store","article_modified_time":"2021-04-04T06:51:35+00:00","og_image":[{"width":1080,"height":1080,"url":"https:\/\/linkwitz.store\/wp-content\/uploads\/2021\/02\/DLCP-Hypex-6ch-DSP-.jpg","type":"image\/jpeg"}],"twitter_card":"summary_large_image","twitter_misc":{"Gesch\u00e4tzte Lesezeit":"1\u00a0Minute"},"schema":{"@context":"https:\/\/schema.org","@graph":[{"@type":"WebPage","@id":"https:\/\/linkwitz.store\/de\/produkt\/dlcp\/","url":"https:\/\/linkwitz.store\/de\/produkt\/dlcp\/","name":"DLCP - LINKWITZ.store","isPartOf":{"@id":"https:\/\/linkwitz.store\/#website"},"primaryImageOfPage":{"@id":"https:\/\/linkwitz.store\/de\/produkt\/dlcp\/#primaryimage"},"image":{"@id":"https:\/\/linkwitz.store\/de\/produkt\/dlcp\/#primaryimage"},"thumbnailUrl":"https:\/\/linkwitz.store\/wp-content\/uploads\/2021\/02\/DLCP-Hypex-6ch-DSP-.jpg","datePublished":"2021-01-24T19:14:20+00:00","dateModified":"2021-04-04T06:51:35+00:00","description":"LINKWITZ.store - DLCP","breadcrumb":{"@id":"https:\/\/linkwitz.store\/de\/produkt\/dlcp\/#breadcrumb"},"inLanguage":"de","potentialAction":[{"@type":"ReadAction","target":["https:\/\/linkwitz.store\/de\/produkt\/dlcp\/"]}]},{"@type":"ImageObject","inLanguage":"de","@id":"https:\/\/linkwitz.store\/de\/produkt\/dlcp\/#primaryimage","url":"https:\/\/linkwitz.store\/wp-content\/uploads\/2021\/02\/DLCP-Hypex-6ch-DSP-.jpg","contentUrl":"https:\/\/linkwitz.store\/wp-content\/uploads\/2021\/02\/DLCP-Hypex-6ch-DSP-.jpg","width":1080,"height":1080},{"@type":"BreadcrumbList","@id":"https:\/\/linkwitz.store\/de\/produkt\/dlcp\/#breadcrumb","itemListElement":[{"@type":"ListItem","position":1,"name":"Home","item":"https:\/\/linkwitz.store\/de\/"},{"@type":"ListItem","position":2,"name":"Shop","item":"https:\/\/linkwitz.store\/de\/shop-2\/"},{"@type":"ListItem","position":3,"name":"DLCP"}]},{"@type":"WebSite","@id":"https:\/\/linkwitz.store\/#website","url":"https:\/\/linkwitz.store\/","name":"LINKWITZ.store","description":"","publisher":{"@id":"https:\/\/linkwitz.store\/#organization"},"potentialAction":[{"@type":"SearchAction","target":{"@type":"EntryPoint","urlTemplate":"https:\/\/linkwitz.store\/?s={search_term_string}"},"query-input":{"@type":"PropertyValueSpecification","valueRequired":true,"valueName":"search_term_string"}}],"inLanguage":"de"},{"@type":"Organization","@id":"https:\/\/linkwitz.store\/#organization","name":"LINKWITZ.store","url":"https:\/\/linkwitz.store\/","logo":{"@type":"ImageObject","inLanguage":"de","@id":"https:\/\/linkwitz.store\/#\/schema\/logo\/image\/","url":"https:\/\/linkwitz.store\/wp-content\/uploads\/2021\/02\/MLX-LINKWITZ-191023-RGB-RZ-weis-3.svg","contentUrl":"https:\/\/linkwitz.store\/wp-content\/uploads\/2021\/02\/MLX-LINKWITZ-191023-RGB-RZ-weis-3.svg","width":156,"height":36,"caption":"LINKWITZ.store"},"image":{"@id":"https:\/\/linkwitz.store\/#\/schema\/logo\/image\/"}}]}},"_links":{"self":[{"href":"https:\/\/linkwitz.store\/de\/wp-json\/wp\/v2\/product\/4190","targetHints":{"allow":["GET"]}}],"collection":[{"href":"https:\/\/linkwitz.store\/de\/wp-json\/wp\/v2\/product"}],"about":[{"href":"https:\/\/linkwitz.store\/de\/wp-json\/wp\/v2\/types\/product"}],"wp:featuredmedia":[{"embeddable":true,"href":"https:\/\/linkwitz.store\/de\/wp-json\/wp\/v2\/media\/4023"}],"wp:attachment":[{"href":"https:\/\/linkwitz.store\/de\/wp-json\/wp\/v2\/media?parent=4190"}],"wp:term":[{"taxonomy":"product_brand","embeddable":true,"href":"https:\/\/linkwitz.store\/de\/wp-json\/wp\/v2\/product_brand?post=4190"},{"taxonomy":"product_cat","embeddable":true,"href":"https:\/\/linkwitz.store\/de\/wp-json\/wp\/v2\/product_cat?post=4190"},{"taxonomy":"product_tag","embeddable":true,"href":"https:\/\/linkwitz.store\/de\/wp-json\/wp\/v2\/product_tag?post=4190"}],"curies":[{"name":"wp","href":"https:\/\/api.w.org\/{rel}","templated":true}]}}