{"id":4198,"date":"2021-01-24T20:09:41","date_gmt":"2021-01-24T20:09:41","guid":{"rendered":"https:\/\/magiclx.com\/product\/lx521-plans\/"},"modified":"2025-07-15T13:36:51","modified_gmt":"2025-07-15T13:36:51","slug":"lx521-plans","status":"publish","type":"product","link":"https:\/\/linkwitz.store\/de\/produkt\/lx521-plans\/","title":{"rendered":"LX521\u00ae Konstruktionspl\u00e4ne und Lizenz"},"content":{"rendered":"<p>Weitergehende Informationen finden Sie auf einer speziellen LX Support Website. Der Zugangsweg zu dieser Support Website\u00a0ist im .pdf Dokument beschrieben.<\/p>\n<p>LX521.4MG markiert den f\u00fcnften Entwicklungsschritt des Systems. W\u00e4hrend die Geh\u00e4usekonstruktion f\u00fcr alle Entwicklungsstufen verwendbar ist, konnten bei Lautsprecher-Chassis und Elektronik (z.B. 4-Wege analoger, kaskadierter Signalprozessor statt DSP) weitere Klangsteigerungen erzielt werden.<\/p>\n","protected":false},"excerpt":{"rendered":"<p>Diese Baupl\u00e4ne werden f\u00fcr die Bestellung und den Aufbau der LX521\u00ae Baus\u00e4tze ben\u00f6tigt.<\/p>\n<p>Ebenso sind sie Voraussetzung f\u00fcr die Bestellung einer PowerBox mit installierten LX521\u00ae Filtern.<\/p>\n<p>Diese Pl\u00e4ne sind urheberrechtlich gesch\u00fctzt und nur f\u00fcr den pers\u00f6nlichen und nicht-kommerziellen Gebrauch des K\u00e4ufers. Die Baupl\u00e4ne d\u00fcrfen Dritten in keiner Form zug\u00e4nglich gemacht werden.<\/p>\n","protected":false},"featured_media":4100,"template":"","meta":{"inline_featured_image":false},"product_brand":[],"product_cat":[194,150],"product_tag":[363],"class_list":{"0":"post-4198","1":"product","2":"type-product","3":"status-publish","4":"has-post-thumbnail","6":"product_cat-lxaccessoires-de","7":"product_cat-lxplans-de","8":"product_tag-linkwitz-de-2","10":"first","11":"instock","12":"downloadable","13":"virtual","14":"purchasable","15":"product-type-simple"},"yoast_head":"<!-- This site is optimized with the Yoast SEO plugin v27.0 - https:\/\/yoast.com\/product\/yoast-seo-wordpress\/ -->\n<title>LX521\u00ae Konstruktionspl\u00e4ne und Lizenz - LINKWITZ.store<\/title>\n<meta name=\"description\" content=\"LINKWITZ.store - LX521\u00ae Konstruktionspl\u00e4ne und Lizenz\" \/>\n<meta name=\"robots\" content=\"index, follow, max-snippet:-1, max-image-preview:large, max-video-preview:-1\" \/>\n<link rel=\"canonical\" href=\"https:\/\/linkwitz.store\/de\/produkt\/lx521-plans\/\" \/>\n<meta property=\"og:locale\" content=\"de_DE\" \/>\n<meta property=\"og:type\" content=\"article\" \/>\n<meta property=\"og:title\" content=\"LX521\u00ae Konstruktionspl\u00e4ne und Lizenz - LINKWITZ.store\" \/>\n<meta property=\"og:description\" content=\"LINKWITZ.store - LX521\u00ae Konstruktionspl\u00e4ne und Lizenz\" \/>\n<meta property=\"og:url\" content=\"https:\/\/linkwitz.store\/de\/produkt\/lx521-plans\/\" \/>\n<meta property=\"og:site_name\" content=\"LINKWITZ.store\" \/>\n<meta property=\"article:modified_time\" content=\"2025-07-15T13:36:51+00:00\" \/>\n<meta property=\"og:image\" content=\"https:\/\/linkwitz.store\/wp-content\/uploads\/2021\/02\/lx521.png\" \/>\n\t<meta property=\"og:image:width\" content=\"1080\" \/>\n\t<meta property=\"og:image:height\" content=\"1080\" \/>\n\t<meta property=\"og:image:type\" content=\"image\/png\" \/>\n<meta name=\"twitter:card\" content=\"summary_large_image\" \/>\n<meta name=\"twitter:label1\" content=\"Gesch\u00e4tzte Lesezeit\" \/>\n\t<meta name=\"twitter:data1\" content=\"1\u00a0Minute\" \/>\n<script type=\"application\/ld+json\" class=\"yoast-schema-graph\">{\"@context\":\"https:\/\/schema.org\",\"@graph\":[{\"@type\":\"WebPage\",\"@id\":\"https:\/\/linkwitz.store\/de\/produkt\/lx521-plans\/\",\"url\":\"https:\/\/linkwitz.store\/de\/produkt\/lx521-plans\/\",\"name\":\"LX521\u00ae Konstruktionspl\u00e4ne und Lizenz - LINKWITZ.store\",\"isPartOf\":{\"@id\":\"https:\/\/linkwitz.store\/#website\"},\"primaryImageOfPage\":{\"@id\":\"https:\/\/linkwitz.store\/de\/produkt\/lx521-plans\/#primaryimage\"},\"image\":{\"@id\":\"https:\/\/linkwitz.store\/de\/produkt\/lx521-plans\/#primaryimage\"},\"thumbnailUrl\":\"https:\/\/linkwitz.store\/wp-content\/uploads\/2021\/02\/lx521.png\",\"datePublished\":\"2021-01-24T20:09:41+00:00\",\"dateModified\":\"2025-07-15T13:36:51+00:00\",\"description\":\"LINKWITZ.store - LX521\u00ae Konstruktionspl\u00e4ne und Lizenz\",\"breadcrumb\":{\"@id\":\"https:\/\/linkwitz.store\/de\/produkt\/lx521-plans\/#breadcrumb\"},\"inLanguage\":\"de\",\"potentialAction\":[{\"@type\":\"ReadAction\",\"target\":[\"https:\/\/linkwitz.store\/de\/produkt\/lx521-plans\/\"]}]},{\"@type\":\"ImageObject\",\"inLanguage\":\"de\",\"@id\":\"https:\/\/linkwitz.store\/de\/produkt\/lx521-plans\/#primaryimage\",\"url\":\"https:\/\/linkwitz.store\/wp-content\/uploads\/2021\/02\/lx521.png\",\"contentUrl\":\"https:\/\/linkwitz.store\/wp-content\/uploads\/2021\/02\/lx521.png\",\"width\":1080,\"height\":1080},{\"@type\":\"BreadcrumbList\",\"@id\":\"https:\/\/linkwitz.store\/de\/produkt\/lx521-plans\/#breadcrumb\",\"itemListElement\":[{\"@type\":\"ListItem\",\"position\":1,\"name\":\"Home\",\"item\":\"https:\/\/linkwitz.store\/de\/\"},{\"@type\":\"ListItem\",\"position\":2,\"name\":\"Shop\",\"item\":\"https:\/\/linkwitz.store\/de\/shop-2\/\"},{\"@type\":\"ListItem\",\"position\":3,\"name\":\"LX521\u00ae Konstruktionspl\u00e4ne und Lizenz\"}]},{\"@type\":\"WebSite\",\"@id\":\"https:\/\/linkwitz.store\/#website\",\"url\":\"https:\/\/linkwitz.store\/\",\"name\":\"LINKWITZ.store\",\"description\":\"\",\"publisher\":{\"@id\":\"https:\/\/linkwitz.store\/#organization\"},\"potentialAction\":[{\"@type\":\"SearchAction\",\"target\":{\"@type\":\"EntryPoint\",\"urlTemplate\":\"https:\/\/linkwitz.store\/?s={search_term_string}\"},\"query-input\":{\"@type\":\"PropertyValueSpecification\",\"valueRequired\":true,\"valueName\":\"search_term_string\"}}],\"inLanguage\":\"de\"},{\"@type\":\"Organization\",\"@id\":\"https:\/\/linkwitz.store\/#organization\",\"name\":\"LINKWITZ.store\",\"url\":\"https:\/\/linkwitz.store\/\",\"logo\":{\"@type\":\"ImageObject\",\"inLanguage\":\"de\",\"@id\":\"https:\/\/linkwitz.store\/#\/schema\/logo\/image\/\",\"url\":\"https:\/\/linkwitz.store\/wp-content\/uploads\/2021\/02\/MLX-LINKWITZ-191023-RGB-RZ-weis-3.svg\",\"contentUrl\":\"https:\/\/linkwitz.store\/wp-content\/uploads\/2021\/02\/MLX-LINKWITZ-191023-RGB-RZ-weis-3.svg\",\"width\":156,\"height\":36,\"caption\":\"LINKWITZ.store\"},\"image\":{\"@id\":\"https:\/\/linkwitz.store\/#\/schema\/logo\/image\/\"}}]}<\/script>\n<!-- \/ Yoast SEO plugin. -->","yoast_head_json":{"title":"LX521\u00ae Konstruktionspl\u00e4ne und Lizenz - LINKWITZ.store","description":"LINKWITZ.store - LX521\u00ae Konstruktionspl\u00e4ne und Lizenz","robots":{"index":"index","follow":"follow","max-snippet":"max-snippet:-1","max-image-preview":"max-image-preview:large","max-video-preview":"max-video-preview:-1"},"canonical":"https:\/\/linkwitz.store\/de\/produkt\/lx521-plans\/","og_locale":"de_DE","og_type":"article","og_title":"LX521\u00ae Konstruktionspl\u00e4ne und Lizenz - LINKWITZ.store","og_description":"LINKWITZ.store - LX521\u00ae Konstruktionspl\u00e4ne und Lizenz","og_url":"https:\/\/linkwitz.store\/de\/produkt\/lx521-plans\/","og_site_name":"LINKWITZ.store","article_modified_time":"2025-07-15T13:36:51+00:00","og_image":[{"width":1080,"height":1080,"url":"https:\/\/linkwitz.store\/wp-content\/uploads\/2021\/02\/lx521.png","type":"image\/png"}],"twitter_card":"summary_large_image","twitter_misc":{"Gesch\u00e4tzte Lesezeit":"1\u00a0Minute"},"schema":{"@context":"https:\/\/schema.org","@graph":[{"@type":"WebPage","@id":"https:\/\/linkwitz.store\/de\/produkt\/lx521-plans\/","url":"https:\/\/linkwitz.store\/de\/produkt\/lx521-plans\/","name":"LX521\u00ae Konstruktionspl\u00e4ne und Lizenz - LINKWITZ.store","isPartOf":{"@id":"https:\/\/linkwitz.store\/#website"},"primaryImageOfPage":{"@id":"https:\/\/linkwitz.store\/de\/produkt\/lx521-plans\/#primaryimage"},"image":{"@id":"https:\/\/linkwitz.store\/de\/produkt\/lx521-plans\/#primaryimage"},"thumbnailUrl":"https:\/\/linkwitz.store\/wp-content\/uploads\/2021\/02\/lx521.png","datePublished":"2021-01-24T20:09:41+00:00","dateModified":"2025-07-15T13:36:51+00:00","description":"LINKWITZ.store - LX521\u00ae Konstruktionspl\u00e4ne und Lizenz","breadcrumb":{"@id":"https:\/\/linkwitz.store\/de\/produkt\/lx521-plans\/#breadcrumb"},"inLanguage":"de","potentialAction":[{"@type":"ReadAction","target":["https:\/\/linkwitz.store\/de\/produkt\/lx521-plans\/"]}]},{"@type":"ImageObject","inLanguage":"de","@id":"https:\/\/linkwitz.store\/de\/produkt\/lx521-plans\/#primaryimage","url":"https:\/\/linkwitz.store\/wp-content\/uploads\/2021\/02\/lx521.png","contentUrl":"https:\/\/linkwitz.store\/wp-content\/uploads\/2021\/02\/lx521.png","width":1080,"height":1080},{"@type":"BreadcrumbList","@id":"https:\/\/linkwitz.store\/de\/produkt\/lx521-plans\/#breadcrumb","itemListElement":[{"@type":"ListItem","position":1,"name":"Home","item":"https:\/\/linkwitz.store\/de\/"},{"@type":"ListItem","position":2,"name":"Shop","item":"https:\/\/linkwitz.store\/de\/shop-2\/"},{"@type":"ListItem","position":3,"name":"LX521\u00ae Konstruktionspl\u00e4ne und Lizenz"}]},{"@type":"WebSite","@id":"https:\/\/linkwitz.store\/#website","url":"https:\/\/linkwitz.store\/","name":"LINKWITZ.store","description":"","publisher":{"@id":"https:\/\/linkwitz.store\/#organization"},"potentialAction":[{"@type":"SearchAction","target":{"@type":"EntryPoint","urlTemplate":"https:\/\/linkwitz.store\/?s={search_term_string}"},"query-input":{"@type":"PropertyValueSpecification","valueRequired":true,"valueName":"search_term_string"}}],"inLanguage":"de"},{"@type":"Organization","@id":"https:\/\/linkwitz.store\/#organization","name":"LINKWITZ.store","url":"https:\/\/linkwitz.store\/","logo":{"@type":"ImageObject","inLanguage":"de","@id":"https:\/\/linkwitz.store\/#\/schema\/logo\/image\/","url":"https:\/\/linkwitz.store\/wp-content\/uploads\/2021\/02\/MLX-LINKWITZ-191023-RGB-RZ-weis-3.svg","contentUrl":"https:\/\/linkwitz.store\/wp-content\/uploads\/2021\/02\/MLX-LINKWITZ-191023-RGB-RZ-weis-3.svg","width":156,"height":36,"caption":"LINKWITZ.store"},"image":{"@id":"https:\/\/linkwitz.store\/#\/schema\/logo\/image\/"}}]}},"_links":{"self":[{"href":"https:\/\/linkwitz.store\/de\/wp-json\/wp\/v2\/product\/4198","targetHints":{"allow":["GET"]}}],"collection":[{"href":"https:\/\/linkwitz.store\/de\/wp-json\/wp\/v2\/product"}],"about":[{"href":"https:\/\/linkwitz.store\/de\/wp-json\/wp\/v2\/types\/product"}],"wp:featuredmedia":[{"embeddable":true,"href":"https:\/\/linkwitz.store\/de\/wp-json\/wp\/v2\/media\/4100"}],"wp:attachment":[{"href":"https:\/\/linkwitz.store\/de\/wp-json\/wp\/v2\/media?parent=4198"}],"wp:term":[{"taxonomy":"product_brand","embeddable":true,"href":"https:\/\/linkwitz.store\/de\/wp-json\/wp\/v2\/product_brand?post=4198"},{"taxonomy":"product_cat","embeddable":true,"href":"https:\/\/linkwitz.store\/de\/wp-json\/wp\/v2\/product_cat?post=4198"},{"taxonomy":"product_tag","embeddable":true,"href":"https:\/\/linkwitz.store\/de\/wp-json\/wp\/v2\/product_tag?post=4198"}],"curies":[{"name":"wp","href":"https:\/\/api.w.org\/{rel}","templated":true}]}}