{"id":4225,"date":"2021-01-27T07:07:00","date_gmt":"2021-01-27T07:07:00","guid":{"rendered":"https:\/\/magiclx.com\/product\/ls-4mk2-set-of-4-multilayer-sorbothane-absorbers-together-up-to-45kg\/"},"modified":"2021-02-28T19:34:21","modified_gmt":"2021-02-28T19:34:21","slug":"ls-4mk2-set-of-4-multilayer-sorbothane-absorbers-together-up-to-45kg","status":"publish","type":"product","link":"https:\/\/linkwitz.store\/de\/produkt\/ls-4mk2-set-of-4-multilayer-sorbothane-absorbers-together-up-to-45kg\/","title":{"rendered":"LS 4 mk2 Set mit 4 Multilayer Sorbothane Absorbern, zusammen bis zu 45kg"},"content":{"rendered":"<p><strong>Gerhard B. aus Mannheim schreibt es:<\/strong><br \/>\n<em>.. da ich kein Freund von Superlativen bin nur so viel. Die Durchh\u00f6rbarkeit nahm in einem Ma\u00df zu das ich nicht f\u00fcr m\u00f6glich gehalten h\u00e4tte. Basspr\u00e4zison und Volumen (Schw\u00e4rze) steigerten sich ebenfalls, bei gleichzeitiger Reduzierung von st\u00f6renden Vibrationen. Mein Fazit: Ein absolut empfehlenswertes Produkt f\u00fcr vergleichsweise geringes Entgeld.<\/em><\/p>\n","protected":false},"excerpt":{"rendered":"<p>Auch die g\u00fcnstigen\u00a0<strong>LS<\/strong>\u00a0Absorber wurden entwickelt nach unserer\u00a0<a title=\"Unsere MLA Absorber Technologie mit Sorbothane\" href=\"http:\/\/www.bfly-audio.de\/technologie.html\">MLA-Technologie<\/a>\u00a0und bestehen aus den beiden hoch effektiven Absorbermaterialien\u00a0<a title=\"Das Absorber Material Sorbothane\" href=\"http:\/\/www.bfly-audio.de\/technologie\/sorbothane.html\">Sorbothane<\/a><br \/>\nund Naturkautschuk.<br \/>\nDie Kombination der beiden Absorbermaterialien\u00a0<a title=\"Das Absorber Material Sorbothane\" href=\"http:\/\/www.bfly-audio.de\/technologie\/sorbothane.html\">Sorbothane<\/a>\u00a0und Naturkautschuk gew\u00e4hrleistet eine hochwirksame Filterung eines breiten Frequenzspektrums<br \/>\nund sorgt f\u00fcr ein ruhiges und differenziertes Klangbild.<\/p>\n","protected":false},"featured_media":4224,"template":"","meta":{"inline_featured_image":false},"product_brand":[],"product_cat":[194,151],"product_tag":[],"class_list":{"0":"post-4225","1":"product","2":"type-product","3":"status-publish","4":"has-post-thumbnail","6":"product_cat-lxaccessoires-de","7":"product_cat-other-parts-de","9":"first","10":"instock","11":"taxable","12":"shipping-taxable","13":"purchasable","14":"product-type-simple"},"yoast_head":"<!-- This site is optimized with the Yoast SEO plugin v27.0 - https:\/\/yoast.com\/product\/yoast-seo-wordpress\/ -->\n<title>LS 4 mk2 Set mit 4 Multilayer Sorbothane Absorbern, zusammen bis zu 45kg - LINKWITZ.store<\/title>\n<meta name=\"description\" content=\"LINKWITZ.store - LS 4 mk2 Set mit 4 Multilayer Sorbothane Absorbern, zusammen bis zu 45kg\" \/>\n<meta name=\"robots\" content=\"index, follow, max-snippet:-1, max-image-preview:large, max-video-preview:-1\" \/>\n<link rel=\"canonical\" href=\"https:\/\/linkwitz.store\/de\/produkt\/ls-4mk2-set-of-4-multilayer-sorbothane-absorbers-together-up-to-45kg\/\" \/>\n<meta property=\"og:locale\" content=\"de_DE\" \/>\n<meta property=\"og:type\" content=\"article\" \/>\n<meta property=\"og:title\" content=\"LS 4 mk2 Set mit 4 Multilayer Sorbothane Absorbern, zusammen bis zu 45kg - LINKWITZ.store\" \/>\n<meta property=\"og:description\" content=\"LINKWITZ.store - LS 4 mk2 Set mit 4 Multilayer Sorbothane Absorbern, zusammen bis zu 45kg\" \/>\n<meta property=\"og:url\" content=\"https:\/\/linkwitz.store\/de\/produkt\/ls-4mk2-set-of-4-multilayer-sorbothane-absorbers-together-up-to-45kg\/\" \/>\n<meta property=\"og:site_name\" content=\"LINKWITZ.store\" \/>\n<meta property=\"article:modified_time\" content=\"2021-02-28T19:34:21+00:00\" \/>\n<meta property=\"og:image\" content=\"https:\/\/linkwitz.store\/wp-content\/uploads\/2021\/01\/4.png\" \/>\n\t<meta property=\"og:image:width\" content=\"1080\" \/>\n\t<meta property=\"og:image:height\" content=\"1080\" \/>\n\t<meta property=\"og:image:type\" content=\"image\/png\" \/>\n<meta name=\"twitter:card\" content=\"summary_large_image\" \/>\n<meta name=\"twitter:label1\" content=\"Gesch\u00e4tzte Lesezeit\" \/>\n\t<meta name=\"twitter:data1\" content=\"1\u00a0Minute\" \/>\n<script type=\"application\/ld+json\" class=\"yoast-schema-graph\">{\"@context\":\"https:\/\/schema.org\",\"@graph\":[{\"@type\":\"WebPage\",\"@id\":\"https:\/\/linkwitz.store\/de\/produkt\/ls-4mk2-set-of-4-multilayer-sorbothane-absorbers-together-up-to-45kg\/\",\"url\":\"https:\/\/linkwitz.store\/de\/produkt\/ls-4mk2-set-of-4-multilayer-sorbothane-absorbers-together-up-to-45kg\/\",\"name\":\"LS 4 mk2 Set mit 4 Multilayer Sorbothane Absorbern, zusammen bis zu 45kg - LINKWITZ.store\",\"isPartOf\":{\"@id\":\"https:\/\/linkwitz.store\/#website\"},\"primaryImageOfPage\":{\"@id\":\"https:\/\/linkwitz.store\/de\/produkt\/ls-4mk2-set-of-4-multilayer-sorbothane-absorbers-together-up-to-45kg\/#primaryimage\"},\"image\":{\"@id\":\"https:\/\/linkwitz.store\/de\/produkt\/ls-4mk2-set-of-4-multilayer-sorbothane-absorbers-together-up-to-45kg\/#primaryimage\"},\"thumbnailUrl\":\"https:\/\/linkwitz.store\/wp-content\/uploads\/2021\/01\/4.png\",\"datePublished\":\"2021-01-27T07:07:00+00:00\",\"dateModified\":\"2021-02-28T19:34:21+00:00\",\"description\":\"LINKWITZ.store - LS 4 mk2 Set mit 4 Multilayer Sorbothane Absorbern, zusammen bis zu 45kg\",\"breadcrumb\":{\"@id\":\"https:\/\/linkwitz.store\/de\/produkt\/ls-4mk2-set-of-4-multilayer-sorbothane-absorbers-together-up-to-45kg\/#breadcrumb\"},\"inLanguage\":\"de\",\"potentialAction\":[{\"@type\":\"ReadAction\",\"target\":[\"https:\/\/linkwitz.store\/de\/produkt\/ls-4mk2-set-of-4-multilayer-sorbothane-absorbers-together-up-to-45kg\/\"]}]},{\"@type\":\"ImageObject\",\"inLanguage\":\"de\",\"@id\":\"https:\/\/linkwitz.store\/de\/produkt\/ls-4mk2-set-of-4-multilayer-sorbothane-absorbers-together-up-to-45kg\/#primaryimage\",\"url\":\"https:\/\/linkwitz.store\/wp-content\/uploads\/2021\/01\/4.png\",\"contentUrl\":\"https:\/\/linkwitz.store\/wp-content\/uploads\/2021\/01\/4.png\",\"width\":1080,\"height\":1080},{\"@type\":\"BreadcrumbList\",\"@id\":\"https:\/\/linkwitz.store\/de\/produkt\/ls-4mk2-set-of-4-multilayer-sorbothane-absorbers-together-up-to-45kg\/#breadcrumb\",\"itemListElement\":[{\"@type\":\"ListItem\",\"position\":1,\"name\":\"Home\",\"item\":\"https:\/\/linkwitz.store\/de\/\"},{\"@type\":\"ListItem\",\"position\":2,\"name\":\"Shop\",\"item\":\"https:\/\/linkwitz.store\/de\/shop-2\/\"},{\"@type\":\"ListItem\",\"position\":3,\"name\":\"LS 4 mk2 Set mit 4 Multilayer Sorbothane Absorbern, zusammen bis zu 45kg\"}]},{\"@type\":\"WebSite\",\"@id\":\"https:\/\/linkwitz.store\/#website\",\"url\":\"https:\/\/linkwitz.store\/\",\"name\":\"LINKWITZ.store\",\"description\":\"\",\"publisher\":{\"@id\":\"https:\/\/linkwitz.store\/#organization\"},\"potentialAction\":[{\"@type\":\"SearchAction\",\"target\":{\"@type\":\"EntryPoint\",\"urlTemplate\":\"https:\/\/linkwitz.store\/?s={search_term_string}\"},\"query-input\":{\"@type\":\"PropertyValueSpecification\",\"valueRequired\":true,\"valueName\":\"search_term_string\"}}],\"inLanguage\":\"de\"},{\"@type\":\"Organization\",\"@id\":\"https:\/\/linkwitz.store\/#organization\",\"name\":\"LINKWITZ.store\",\"url\":\"https:\/\/linkwitz.store\/\",\"logo\":{\"@type\":\"ImageObject\",\"inLanguage\":\"de\",\"@id\":\"https:\/\/linkwitz.store\/#\/schema\/logo\/image\/\",\"url\":\"https:\/\/linkwitz.store\/wp-content\/uploads\/2021\/02\/MLX-LINKWITZ-191023-RGB-RZ-weis-3.svg\",\"contentUrl\":\"https:\/\/linkwitz.store\/wp-content\/uploads\/2021\/02\/MLX-LINKWITZ-191023-RGB-RZ-weis-3.svg\",\"width\":156,\"height\":36,\"caption\":\"LINKWITZ.store\"},\"image\":{\"@id\":\"https:\/\/linkwitz.store\/#\/schema\/logo\/image\/\"}}]}<\/script>\n<!-- \/ Yoast SEO plugin. -->","yoast_head_json":{"title":"LS 4 mk2 Set mit 4 Multilayer Sorbothane Absorbern, zusammen bis zu 45kg - LINKWITZ.store","description":"LINKWITZ.store - LS 4 mk2 Set mit 4 Multilayer Sorbothane Absorbern, zusammen bis zu 45kg","robots":{"index":"index","follow":"follow","max-snippet":"max-snippet:-1","max-image-preview":"max-image-preview:large","max-video-preview":"max-video-preview:-1"},"canonical":"https:\/\/linkwitz.store\/de\/produkt\/ls-4mk2-set-of-4-multilayer-sorbothane-absorbers-together-up-to-45kg\/","og_locale":"de_DE","og_type":"article","og_title":"LS 4 mk2 Set mit 4 Multilayer Sorbothane Absorbern, zusammen bis zu 45kg - LINKWITZ.store","og_description":"LINKWITZ.store - LS 4 mk2 Set mit 4 Multilayer Sorbothane Absorbern, zusammen bis zu 45kg","og_url":"https:\/\/linkwitz.store\/de\/produkt\/ls-4mk2-set-of-4-multilayer-sorbothane-absorbers-together-up-to-45kg\/","og_site_name":"LINKWITZ.store","article_modified_time":"2021-02-28T19:34:21+00:00","og_image":[{"width":1080,"height":1080,"url":"https:\/\/linkwitz.store\/wp-content\/uploads\/2021\/01\/4.png","type":"image\/png"}],"twitter_card":"summary_large_image","twitter_misc":{"Gesch\u00e4tzte Lesezeit":"1\u00a0Minute"},"schema":{"@context":"https:\/\/schema.org","@graph":[{"@type":"WebPage","@id":"https:\/\/linkwitz.store\/de\/produkt\/ls-4mk2-set-of-4-multilayer-sorbothane-absorbers-together-up-to-45kg\/","url":"https:\/\/linkwitz.store\/de\/produkt\/ls-4mk2-set-of-4-multilayer-sorbothane-absorbers-together-up-to-45kg\/","name":"LS 4 mk2 Set mit 4 Multilayer Sorbothane Absorbern, zusammen bis zu 45kg - LINKWITZ.store","isPartOf":{"@id":"https:\/\/linkwitz.store\/#website"},"primaryImageOfPage":{"@id":"https:\/\/linkwitz.store\/de\/produkt\/ls-4mk2-set-of-4-multilayer-sorbothane-absorbers-together-up-to-45kg\/#primaryimage"},"image":{"@id":"https:\/\/linkwitz.store\/de\/produkt\/ls-4mk2-set-of-4-multilayer-sorbothane-absorbers-together-up-to-45kg\/#primaryimage"},"thumbnailUrl":"https:\/\/linkwitz.store\/wp-content\/uploads\/2021\/01\/4.png","datePublished":"2021-01-27T07:07:00+00:00","dateModified":"2021-02-28T19:34:21+00:00","description":"LINKWITZ.store - LS 4 mk2 Set mit 4 Multilayer Sorbothane Absorbern, zusammen bis zu 45kg","breadcrumb":{"@id":"https:\/\/linkwitz.store\/de\/produkt\/ls-4mk2-set-of-4-multilayer-sorbothane-absorbers-together-up-to-45kg\/#breadcrumb"},"inLanguage":"de","potentialAction":[{"@type":"ReadAction","target":["https:\/\/linkwitz.store\/de\/produkt\/ls-4mk2-set-of-4-multilayer-sorbothane-absorbers-together-up-to-45kg\/"]}]},{"@type":"ImageObject","inLanguage":"de","@id":"https:\/\/linkwitz.store\/de\/produkt\/ls-4mk2-set-of-4-multilayer-sorbothane-absorbers-together-up-to-45kg\/#primaryimage","url":"https:\/\/linkwitz.store\/wp-content\/uploads\/2021\/01\/4.png","contentUrl":"https:\/\/linkwitz.store\/wp-content\/uploads\/2021\/01\/4.png","width":1080,"height":1080},{"@type":"BreadcrumbList","@id":"https:\/\/linkwitz.store\/de\/produkt\/ls-4mk2-set-of-4-multilayer-sorbothane-absorbers-together-up-to-45kg\/#breadcrumb","itemListElement":[{"@type":"ListItem","position":1,"name":"Home","item":"https:\/\/linkwitz.store\/de\/"},{"@type":"ListItem","position":2,"name":"Shop","item":"https:\/\/linkwitz.store\/de\/shop-2\/"},{"@type":"ListItem","position":3,"name":"LS 4 mk2 Set mit 4 Multilayer Sorbothane Absorbern, zusammen bis zu 45kg"}]},{"@type":"WebSite","@id":"https:\/\/linkwitz.store\/#website","url":"https:\/\/linkwitz.store\/","name":"LINKWITZ.store","description":"","publisher":{"@id":"https:\/\/linkwitz.store\/#organization"},"potentialAction":[{"@type":"SearchAction","target":{"@type":"EntryPoint","urlTemplate":"https:\/\/linkwitz.store\/?s={search_term_string}"},"query-input":{"@type":"PropertyValueSpecification","valueRequired":true,"valueName":"search_term_string"}}],"inLanguage":"de"},{"@type":"Organization","@id":"https:\/\/linkwitz.store\/#organization","name":"LINKWITZ.store","url":"https:\/\/linkwitz.store\/","logo":{"@type":"ImageObject","inLanguage":"de","@id":"https:\/\/linkwitz.store\/#\/schema\/logo\/image\/","url":"https:\/\/linkwitz.store\/wp-content\/uploads\/2021\/02\/MLX-LINKWITZ-191023-RGB-RZ-weis-3.svg","contentUrl":"https:\/\/linkwitz.store\/wp-content\/uploads\/2021\/02\/MLX-LINKWITZ-191023-RGB-RZ-weis-3.svg","width":156,"height":36,"caption":"LINKWITZ.store"},"image":{"@id":"https:\/\/linkwitz.store\/#\/schema\/logo\/image\/"}}]}},"_links":{"self":[{"href":"https:\/\/linkwitz.store\/de\/wp-json\/wp\/v2\/product\/4225","targetHints":{"allow":["GET"]}}],"collection":[{"href":"https:\/\/linkwitz.store\/de\/wp-json\/wp\/v2\/product"}],"about":[{"href":"https:\/\/linkwitz.store\/de\/wp-json\/wp\/v2\/types\/product"}],"wp:featuredmedia":[{"embeddable":true,"href":"https:\/\/linkwitz.store\/de\/wp-json\/wp\/v2\/media\/4224"}],"wp:attachment":[{"href":"https:\/\/linkwitz.store\/de\/wp-json\/wp\/v2\/media?parent=4225"}],"wp:term":[{"taxonomy":"product_brand","embeddable":true,"href":"https:\/\/linkwitz.store\/de\/wp-json\/wp\/v2\/product_brand?post=4225"},{"taxonomy":"product_cat","embeddable":true,"href":"https:\/\/linkwitz.store\/de\/wp-json\/wp\/v2\/product_cat?post=4225"},{"taxonomy":"product_tag","embeddable":true,"href":"https:\/\/linkwitz.store\/de\/wp-json\/wp\/v2\/product_tag?post=4225"}],"curies":[{"name":"wp","href":"https:\/\/api.w.org\/{rel}","templated":true}]}}