{"id":4282,"date":"2021-02-11T21:31:27","date_gmt":"2021-02-11T21:31:27","guid":{"rendered":"https:\/\/magiclx.com\/product\/lxsub2\/"},"modified":"2021-03-31T12:15:32","modified_gmt":"2021-03-31T12:15:32","slug":"lxsub2","status":"publish","type":"product","link":"https:\/\/linkwitz.store\/de\/produkt\/lxsub2\/","title":{"rendered":"LXsub2"},"content":{"rendered":"<p>LXsirius+2 deckt den Freququenzbereich von 20 Hz bis 20 kHz mit ausserordentlicher Klarheit und Dynamik ab. Mit einer LR2 Weiche bei tiefen 60 Hz, k\u00f6nnen die Woofer an Seitenw\u00e4nden aufgestellt werden, w\u00e4hrend die LXmini\u00aes als Nahfeldmonitore arbeiten. Laufzeitunterschiede k\u00f6nnen im DSP ausgeglichen werden. Raummoden werden durch die Dipolwoofer deutlicher weniger angeregt. Der Bass bleibt pr\u00e4zise und trocken.<\/p>\n<p>LXsirius+2 spielt bez\u00fcglich Frequenzbereich, Klarheit, Phantomb\u00fchne und akustischem &#8222;Verschwinden&#8220; auf Augenh\u00f6he mit LX521\u00ae.4, jeoch bei geringerer Gesamzlautst\u00e4rke, speziell im Bassbereich. LXsirius+2 erlaubt viele Aufstellungsvarianten f\u00fcr Hauptlautsprecher und Woofer. Freuen Sie sich auf eine \u00fcberzeugende Wiedergabe von Stereo Live-Aufnahmen!\u00a0\u00a0<a href=\"http:\/\/www.linkwitzlab.com\/LXmini\u00ae\/BAF2016.htm\" data-link-type=\"undefined\" data-type=\"linkpicker\">LXmini\u00ae+2 at Burning Amp 2016<\/a><\/p>\n<p>LXsirius+2 zeigt im Vergleich zu LXstudio dasselbe Bassspektrum, d\u00e4mpft aber unter 20Hz steiler ab, um unerw\u00fcnschte Artefakte auszublenden. Durch die kompakte, offene Bauweise und wegen der zwei statt vier 10&#8243; Treiber, bleibt der akustische Output ca 10dB unter dem des LX4sub vom LXstudio. D.h. der LX2sub ben\u00f6tigt bei gleicher Lautst\u00e4rke etwa die dreifache Membranauslenkung wie LXsub4. Deshalb sollte unbekanntes Musikmaterial zun\u00e4chst bei geringer Lautst\u00e4rke geh\u00f6rt werden, um m\u00f6gliche Maximalauslenkungen zu erkennen. Befolgt man diese Vorsichtsmassnahme, steht einem H\u00f6ren bei genussvoller Lautst\u00e4rke nichts mehr im Wege.<\/p>\n<p>&nbsp;<\/p>\n<p><strong>Marcin, aus PL<\/strong><br \/>\n<em>Frank,<br \/>\nThe sound is just amazing. I am delighted. With LXSub2 these are so different speakers. And it is not that there is more bass. Bass is just more swift but everything else is better, other frequencies, details, space, air.<br \/>\nYou propably know this yourself&#8230;<br \/>\nI play the sound from Roon, through HQ Player and then to AFI USB. Both: the HQ Player and AFI USB make the difference.<br \/>\nThanks again for all the effort.<br \/>\nI wish you all the best &#8230;&#8230;<\/em><\/p>\n<div><strong>and<\/strong><\/div>\n<div><\/div>\n<div><em>&#8222;&#8230;Thank you very much for your experienced tips and advices. Dipolar bass is addictive now! Wow! It has some inusual character that I had never experienced in my life and makes a delight to follow the phrasing in bassists for example. LXsub2 is a marvel from my point of view and a allows a very well thought way to mechanically dampen room modes without additional digital processing. Its sound resembles me the &#8222;real thing&#8220; a lot (I was double bass player when younger)&#8230;&#8220;<\/em><\/div>\n","protected":false},"excerpt":{"rendered":"<p>Zwei kompakte LXsub2 Woofer erweitern LXsirius oder LXmini\u00aes zum 3-Wege-System LXsirius+2 \/LXmini\u00ae+2<\/p>\n","protected":false},"featured_media":3455,"template":"","meta":{"inline_featured_image":false},"product_brand":[],"product_cat":[88],"product_tag":[],"class_list":{"0":"post-4282","1":"product","2":"type-product","3":"status-publish","4":"has-post-thumbnail","6":"product_cat-lxspeakers-de","8":"first","9":"instock","10":"taxable","11":"shipping-taxable","12":"product-type-variable"},"yoast_head":"<!-- This site is optimized with the Yoast SEO plugin v27.0 - https:\/\/yoast.com\/product\/yoast-seo-wordpress\/ -->\n<title>LXsub2 - LINKWITZ.store<\/title>\n<meta name=\"description\" content=\"LINKWITZ.store - LXsub2\" \/>\n<meta name=\"robots\" content=\"index, follow, max-snippet:-1, max-image-preview:large, max-video-preview:-1\" \/>\n<link rel=\"canonical\" href=\"https:\/\/linkwitz.store\/de\/produkt\/lxsub2\/\" \/>\n<meta property=\"og:locale\" content=\"de_DE\" \/>\n<meta property=\"og:type\" content=\"article\" \/>\n<meta property=\"og:title\" content=\"LXsub2 - LINKWITZ.store\" \/>\n<meta property=\"og:description\" content=\"LINKWITZ.store - LXsub2\" \/>\n<meta property=\"og:url\" content=\"https:\/\/linkwitz.store\/de\/produkt\/lxsub2\/\" \/>\n<meta property=\"og:site_name\" content=\"LINKWITZ.store\" \/>\n<meta property=\"article:modified_time\" content=\"2021-03-31T12:15:32+00:00\" \/>\n<meta property=\"og:image\" content=\"https:\/\/linkwitz.store\/wp-content\/uploads\/2021\/01\/LXsub2-003.jpg\" \/>\n\t<meta property=\"og:image:width\" content=\"1080\" \/>\n\t<meta property=\"og:image:height\" content=\"1080\" \/>\n\t<meta property=\"og:image:type\" content=\"image\/jpeg\" \/>\n<meta name=\"twitter:card\" content=\"summary_large_image\" \/>\n<meta name=\"twitter:label1\" content=\"Gesch\u00e4tzte Lesezeit\" \/>\n\t<meta name=\"twitter:data1\" content=\"2\u00a0Minuten\" \/>\n<script type=\"application\/ld+json\" class=\"yoast-schema-graph\">{\"@context\":\"https:\/\/schema.org\",\"@graph\":[{\"@type\":\"WebPage\",\"@id\":\"https:\/\/linkwitz.store\/de\/produkt\/lxsub2\/\",\"url\":\"https:\/\/linkwitz.store\/de\/produkt\/lxsub2\/\",\"name\":\"LXsub2 - LINKWITZ.store\",\"isPartOf\":{\"@id\":\"https:\/\/linkwitz.store\/#website\"},\"primaryImageOfPage\":{\"@id\":\"https:\/\/linkwitz.store\/de\/produkt\/lxsub2\/#primaryimage\"},\"image\":{\"@id\":\"https:\/\/linkwitz.store\/de\/produkt\/lxsub2\/#primaryimage\"},\"thumbnailUrl\":\"https:\/\/linkwitz.store\/wp-content\/uploads\/2021\/01\/LXsub2-003.jpg\",\"datePublished\":\"2021-02-11T21:31:27+00:00\",\"dateModified\":\"2021-03-31T12:15:32+00:00\",\"description\":\"LINKWITZ.store - LXsub2\",\"breadcrumb\":{\"@id\":\"https:\/\/linkwitz.store\/de\/produkt\/lxsub2\/#breadcrumb\"},\"inLanguage\":\"de\",\"potentialAction\":[{\"@type\":\"ReadAction\",\"target\":[\"https:\/\/linkwitz.store\/de\/produkt\/lxsub2\/\"]}]},{\"@type\":\"ImageObject\",\"inLanguage\":\"de\",\"@id\":\"https:\/\/linkwitz.store\/de\/produkt\/lxsub2\/#primaryimage\",\"url\":\"https:\/\/linkwitz.store\/wp-content\/uploads\/2021\/01\/LXsub2-003.jpg\",\"contentUrl\":\"https:\/\/linkwitz.store\/wp-content\/uploads\/2021\/01\/LXsub2-003.jpg\",\"width\":1080,\"height\":1080},{\"@type\":\"BreadcrumbList\",\"@id\":\"https:\/\/linkwitz.store\/de\/produkt\/lxsub2\/#breadcrumb\",\"itemListElement\":[{\"@type\":\"ListItem\",\"position\":1,\"name\":\"Home\",\"item\":\"https:\/\/linkwitz.store\/de\/\"},{\"@type\":\"ListItem\",\"position\":2,\"name\":\"Shop\",\"item\":\"https:\/\/linkwitz.store\/de\/shop-2\/\"},{\"@type\":\"ListItem\",\"position\":3,\"name\":\"LXsub2\"}]},{\"@type\":\"WebSite\",\"@id\":\"https:\/\/linkwitz.store\/#website\",\"url\":\"https:\/\/linkwitz.store\/\",\"name\":\"LINKWITZ.store\",\"description\":\"\",\"publisher\":{\"@id\":\"https:\/\/linkwitz.store\/#organization\"},\"potentialAction\":[{\"@type\":\"SearchAction\",\"target\":{\"@type\":\"EntryPoint\",\"urlTemplate\":\"https:\/\/linkwitz.store\/?s={search_term_string}\"},\"query-input\":{\"@type\":\"PropertyValueSpecification\",\"valueRequired\":true,\"valueName\":\"search_term_string\"}}],\"inLanguage\":\"de\"},{\"@type\":\"Organization\",\"@id\":\"https:\/\/linkwitz.store\/#organization\",\"name\":\"LINKWITZ.store\",\"url\":\"https:\/\/linkwitz.store\/\",\"logo\":{\"@type\":\"ImageObject\",\"inLanguage\":\"de\",\"@id\":\"https:\/\/linkwitz.store\/#\/schema\/logo\/image\/\",\"url\":\"https:\/\/linkwitz.store\/wp-content\/uploads\/2021\/02\/MLX-LINKWITZ-191023-RGB-RZ-weis-3.svg\",\"contentUrl\":\"https:\/\/linkwitz.store\/wp-content\/uploads\/2021\/02\/MLX-LINKWITZ-191023-RGB-RZ-weis-3.svg\",\"width\":156,\"height\":36,\"caption\":\"LINKWITZ.store\"},\"image\":{\"@id\":\"https:\/\/linkwitz.store\/#\/schema\/logo\/image\/\"}}]}<\/script>\n<!-- \/ Yoast SEO plugin. -->","yoast_head_json":{"title":"LXsub2 - LINKWITZ.store","description":"LINKWITZ.store - LXsub2","robots":{"index":"index","follow":"follow","max-snippet":"max-snippet:-1","max-image-preview":"max-image-preview:large","max-video-preview":"max-video-preview:-1"},"canonical":"https:\/\/linkwitz.store\/de\/produkt\/lxsub2\/","og_locale":"de_DE","og_type":"article","og_title":"LXsub2 - LINKWITZ.store","og_description":"LINKWITZ.store - LXsub2","og_url":"https:\/\/linkwitz.store\/de\/produkt\/lxsub2\/","og_site_name":"LINKWITZ.store","article_modified_time":"2021-03-31T12:15:32+00:00","og_image":[{"width":1080,"height":1080,"url":"https:\/\/linkwitz.store\/wp-content\/uploads\/2021\/01\/LXsub2-003.jpg","type":"image\/jpeg"}],"twitter_card":"summary_large_image","twitter_misc":{"Gesch\u00e4tzte Lesezeit":"2\u00a0Minuten"},"schema":{"@context":"https:\/\/schema.org","@graph":[{"@type":"WebPage","@id":"https:\/\/linkwitz.store\/de\/produkt\/lxsub2\/","url":"https:\/\/linkwitz.store\/de\/produkt\/lxsub2\/","name":"LXsub2 - LINKWITZ.store","isPartOf":{"@id":"https:\/\/linkwitz.store\/#website"},"primaryImageOfPage":{"@id":"https:\/\/linkwitz.store\/de\/produkt\/lxsub2\/#primaryimage"},"image":{"@id":"https:\/\/linkwitz.store\/de\/produkt\/lxsub2\/#primaryimage"},"thumbnailUrl":"https:\/\/linkwitz.store\/wp-content\/uploads\/2021\/01\/LXsub2-003.jpg","datePublished":"2021-02-11T21:31:27+00:00","dateModified":"2021-03-31T12:15:32+00:00","description":"LINKWITZ.store - LXsub2","breadcrumb":{"@id":"https:\/\/linkwitz.store\/de\/produkt\/lxsub2\/#breadcrumb"},"inLanguage":"de","potentialAction":[{"@type":"ReadAction","target":["https:\/\/linkwitz.store\/de\/produkt\/lxsub2\/"]}]},{"@type":"ImageObject","inLanguage":"de","@id":"https:\/\/linkwitz.store\/de\/produkt\/lxsub2\/#primaryimage","url":"https:\/\/linkwitz.store\/wp-content\/uploads\/2021\/01\/LXsub2-003.jpg","contentUrl":"https:\/\/linkwitz.store\/wp-content\/uploads\/2021\/01\/LXsub2-003.jpg","width":1080,"height":1080},{"@type":"BreadcrumbList","@id":"https:\/\/linkwitz.store\/de\/produkt\/lxsub2\/#breadcrumb","itemListElement":[{"@type":"ListItem","position":1,"name":"Home","item":"https:\/\/linkwitz.store\/de\/"},{"@type":"ListItem","position":2,"name":"Shop","item":"https:\/\/linkwitz.store\/de\/shop-2\/"},{"@type":"ListItem","position":3,"name":"LXsub2"}]},{"@type":"WebSite","@id":"https:\/\/linkwitz.store\/#website","url":"https:\/\/linkwitz.store\/","name":"LINKWITZ.store","description":"","publisher":{"@id":"https:\/\/linkwitz.store\/#organization"},"potentialAction":[{"@type":"SearchAction","target":{"@type":"EntryPoint","urlTemplate":"https:\/\/linkwitz.store\/?s={search_term_string}"},"query-input":{"@type":"PropertyValueSpecification","valueRequired":true,"valueName":"search_term_string"}}],"inLanguage":"de"},{"@type":"Organization","@id":"https:\/\/linkwitz.store\/#organization","name":"LINKWITZ.store","url":"https:\/\/linkwitz.store\/","logo":{"@type":"ImageObject","inLanguage":"de","@id":"https:\/\/linkwitz.store\/#\/schema\/logo\/image\/","url":"https:\/\/linkwitz.store\/wp-content\/uploads\/2021\/02\/MLX-LINKWITZ-191023-RGB-RZ-weis-3.svg","contentUrl":"https:\/\/linkwitz.store\/wp-content\/uploads\/2021\/02\/MLX-LINKWITZ-191023-RGB-RZ-weis-3.svg","width":156,"height":36,"caption":"LINKWITZ.store"},"image":{"@id":"https:\/\/linkwitz.store\/#\/schema\/logo\/image\/"}}]}},"_links":{"self":[{"href":"https:\/\/linkwitz.store\/de\/wp-json\/wp\/v2\/product\/4282","targetHints":{"allow":["GET"]}}],"collection":[{"href":"https:\/\/linkwitz.store\/de\/wp-json\/wp\/v2\/product"}],"about":[{"href":"https:\/\/linkwitz.store\/de\/wp-json\/wp\/v2\/types\/product"}],"wp:featuredmedia":[{"embeddable":true,"href":"https:\/\/linkwitz.store\/de\/wp-json\/wp\/v2\/media\/3455"}],"wp:attachment":[{"href":"https:\/\/linkwitz.store\/de\/wp-json\/wp\/v2\/media?parent=4282"}],"wp:term":[{"taxonomy":"product_brand","embeddable":true,"href":"https:\/\/linkwitz.store\/de\/wp-json\/wp\/v2\/product_brand?post=4282"},{"taxonomy":"product_cat","embeddable":true,"href":"https:\/\/linkwitz.store\/de\/wp-json\/wp\/v2\/product_cat?post=4282"},{"taxonomy":"product_tag","embeddable":true,"href":"https:\/\/linkwitz.store\/de\/wp-json\/wp\/v2\/product_tag?post=4282"}],"curies":[{"name":"wp","href":"https:\/\/api.w.org\/{rel}","templated":true}]}}