{"id":4300,"date":"2021-01-24T12:25:20","date_gmt":"2021-01-24T12:25:20","guid":{"rendered":"https:\/\/magiclx.com\/product\/lxsirius\/"},"modified":"2021-09-05T06:44:37","modified_gmt":"2021-09-05T06:44:37","slug":"lxsirius","status":"publish","type":"product","link":"https:\/\/linkwitz.store\/de\/produkt\/lxsirius\/","title":{"rendered":"LXsirius &#8211; superschlank"},"content":{"rendered":"<div id=\"ProductInfoTabs\" class=\"ui-tabs ui-widget ui-widget-content ui-corner-all epProductInfoTabs ep-js\" data-js=\"\">\n<div id=\"tab-product-description\" class=\"ui-tabs-panel ui-widget-content ui-corner-bottom\" role=\"tabpanel\" aria-labelledby=\"ui-id-1\" aria-hidden=\"false\">\n<div class=\"description\">\n<p>Der Referenzlautsprecher <a href=\"https:\/\/linkwitz.store\/product\/lx521\/\">LX521<\/a>\u00ae hat bei Musikliebhabern auf der ganzen Welt viel Beifall erhalten. Er hat aber auch f\u00fcr Entt\u00e4uschung gesorgt, weil er Platz und Luft zum Atmen ben\u00f6tigt, die manche Wohnr\u00e4ume nicht bieten. Und manches Budget erlaubt (noch) keinen <a href=\"https:\/\/linkwitz.store\/product\/lx521\/\">LX521<\/a>\u00ae oder die akustisch definierte Form gef\u00e4llt nicht jeder\/jedem im Haushalt. Wenn die nahezu live-\u00e4hnliche Lautst\u00e4rken, f\u00fcr die die LX521\u00ae konzipiert wurde, in den gegebenen Wohnverh\u00e4ltnissen weder gewollt noch toleriert werden k\u00f6nnen, lohnt sich ein Blick auf LXsirius. Ein deutlich kleinerer Lautsprecher.<\/p>\n<p>Die LXsirius bietet eine echte Alternative zur <a href=\"https:\/\/linkwitz.store\/product\/lx521\/\">LX521<\/a>\u00ae. Mit einer 700-Hz Linkwitz-Riley-Weiche zu seinem kleinen Breitb\u00e4nder. Hinter dem Breitb\u00e4nder definieren diffusive und d\u00e4mpfende Strukturen die Abstrahlkarakteristik. Im \u00dcbergangsbereich zum omnidirektionalen Woofer resultiert eine nierenf\u00f6rmiges Schalldruckmuster, welches r\u00fcckw\u00e4rtige Reflexionen reduziert.<\/p>\n<p>Mit der so gesteuerten Abstrahlcharakteristik wird der LXsirius deutlich unempfindlicher gegen\u00fcber der Raumaufstellung und gewinnt gleichzeitig an Pr\u00e4zision bei der 3D-Abbildung. Der kleine Breitb\u00e4nder ist zeigt sich hervorragend ausgewogen und detailliert. Er harmoniert perfekt mit dem Tieft\u00f6ner (einer virtuell unendlichen Transmissionline) zum neutralen Klang. Auch in halligen R\u00e4umen. Der Lautsprecher ist ca 1 Meter hoch.<\/p>\n<p>Mit dieser Konstruktion m\u00f6chte Siegfried Linkwitz jedem Musikliebhaber die M\u00f6glichkeit geben, ein Klangsystem mit Referenzqualit\u00e4t im eigenen Wohnraum zu genie\u00dfen.<\/p>\n<p>LXsirius ist Ihr Einstig zum wohltuend realistischen Musikerlebnis zuhause. Klare, neutrale, detailierte und holografische, 3D-artige Wiedergabe bestimmen das Design dieses unkonventionellen 2-Wege Lautsprechers. So vergisst man die Pr\u00e4senz der LXsirius nach kurzer Zeit,&#8230;. wenn nur noch die Musik z\u00e4hlt und die Technik in den Hintergrund tritt. Reduziert auf das Wesentliche und zu einem unschlagbaren Preis\/Leistungsverh\u00e4ltnis. Entdecken Sie bisher ungekannte Details Ihrer Aufnahmen.<\/p>\n<p>Ein neutrales Abstrahlspektrum (horizontal und vertikal) bestimmt das Design. Dadurch bleibt die virtuelle 3D B\u00fchne, auch au\u00dferhalb der &#8222;Lautsprecher-Stereomitte&#8220; stabil. Die LXsirius &#8222;verschwinden&#8220;, die Musik bleibt.<\/p>\n<p>Aufstellung: Das Musiksignal von Ihrem Abspielger\u00e4t (Plattenspieler\/CD\/NetworkStreamer) wird durch eine elektronische Frequenzweiche\/EQ im Kleinsignalbereich aufbereitet. Dabei werden auch die Eigenheiten der Lautsprecher Chassis kompensiert. Diese elektronische Frequenzweiche mit zus\u00e4tzlichen Ausgleichsstufen wird als ASP (analoger Signalprozessor) bezeichnet. Die gesplitteten Signale werden nach dem Signalprozessor einzeln verst\u00e4rkt und an das jeweilige Lautsprecher Chassis weiter geleitet.<\/p>\n<p>Die besten ausgesuchten Zutaten diese klangbestimmenden Aufgaben finden sich in einer einzigen <a href=\"https:\/\/linkwitz.store\/de\/produkt\/powerbox-6pro-ncore\/\">PowerBox 6pro NCore precision analog<\/a> <a href=\"https:\/\/linkwitz.store\/de\/produkt\/powerbox-6pro-ncore\/\"><img loading=\"lazy\" decoding=\"async\" class=\"aligncenter wp-image-5338 size-medium\" src=\"https:\/\/linkwitz.store\/wp-content\/uploads\/2021\/01\/Linkwitz-frontal-300x63.jpg\" alt=\"\" width=\"300\" height=\"63\" \/><\/a>Alles zwischen Musikquelle und LXsirius findet Platz in einem\u00a0 in einem flachen massiv-Aluminiumgeh\u00e4use: HighEnd Aktivweiche (voll analog), gefolgt von sechs ma\u00dfgeschneiderten Kan\u00e4len NCore\u00ae Verst\u00e4rkung. <em>Sechs Kan\u00e4le bedeuten, dass die PowerBox 6pro NCore auch f\u00fcr die Versorgung zus\u00e4tzlicher Subwoofer (<a href=\"https:\/\/linkwitz.store\/product\/lxsub2\/\">LXsub2<\/a> oder <a href=\"https:\/\/linkwitz.store\/product\/lxsub4\/\">LXsub4<\/a>) vorbereitet ist.<\/em> F\u00fcr den Anschlu\u00df eines LXsirius-Stereopaares an eine <a href=\"https:\/\/linkwitz.store\/de\/produkt\/powerbox-6pro-ncore\/\">PowerBox 6pro precision analog NCore<\/a> gen\u00fcgt ein einziges <a href=\"https:\/\/linkwitz.store\/de\/produkt\/powerbox-lxmini-lxsirius-y-cable\/\">Multicore-Y-Kabel.<\/a><\/p>\n<p>LXsirius, PowerBox 6pro NCore, SpeakOn\u00ae Multicore-Kabel sind im Set erh\u00e4ltlich. (siehe Auswahlmen\u00fc am Seitenanfang).\u00a0 Zur Zeit nur als Set erh\u00e4ltlich!<\/p>\n<p><strong>Upgrades:<\/strong><\/p>\n<ul>\n<li>Mit einem Subwooferpaar <a href=\"https:\/\/linkwitz.store\/de\/produkt\/lxsub2\/\">LXsub2<\/a> zu <a href=\"http:\/\/LXsirius+2\">LXsirius+2<\/a><\/li>\n<li>Mit einem Subwooferpaar <a href=\"https:\/\/linkwitz.store\/de\/produkt\/lxsub4\/\">LXsub4<\/a> zu <a href=\"https:\/\/linkwitz.store\/de\/produkt\/lxstudio\/\">LXstudio<\/a><\/li>\n<\/ul>\n<\/div>\n<\/div>\n<\/div>\n","protected":false},"excerpt":{"rendered":"<p><strong>Der schlankeste Vollbereichs-Standlautsprecher.<\/strong><\/p>\n<p>Klare, neutrale, detailierte und 3D Wiedergabe, auch in weniger bed\u00e4pften R\u00e4umen.<\/p>\n","protected":false},"featured_media":3426,"template":"","meta":{"inline_featured_image":false},"product_brand":[],"product_cat":[88],"product_tag":[],"class_list":{"0":"post-4300","1":"product","2":"type-product","3":"status-publish","4":"has-post-thumbnail","6":"product_cat-lxspeakers-de","8":"first","9":"instock","10":"taxable","11":"shipping-taxable","12":"purchasable","13":"product-type-variable","14":"has-default-attributes"},"yoast_head":"<!-- This site is optimized with the Yoast SEO plugin v27.0 - https:\/\/yoast.com\/product\/yoast-seo-wordpress\/ -->\n<title>LXsirius - superschlank - LINKWITZ.store<\/title>\n<meta name=\"description\" content=\"LINKWITZ.store - LXsirius - superschlank\" \/>\n<meta name=\"robots\" content=\"index, follow, max-snippet:-1, max-image-preview:large, max-video-preview:-1\" \/>\n<link rel=\"canonical\" href=\"https:\/\/linkwitz.store\/de\/produkt\/lxsirius\/\" \/>\n<meta property=\"og:locale\" content=\"de_DE\" \/>\n<meta property=\"og:type\" content=\"article\" \/>\n<meta property=\"og:title\" content=\"LXsirius - superschlank - LINKWITZ.store\" \/>\n<meta property=\"og:description\" content=\"LINKWITZ.store - LXsirius - superschlank\" \/>\n<meta property=\"og:url\" content=\"https:\/\/linkwitz.store\/de\/produkt\/lxsirius\/\" \/>\n<meta property=\"og:site_name\" content=\"LINKWITZ.store\" \/>\n<meta property=\"article:modified_time\" content=\"2021-09-05T06:44:37+00:00\" \/>\n<meta property=\"og:image\" content=\"https:\/\/linkwitz.store\/wp-content\/uploads\/2021\/01\/LXsirius-008-1.jpg\" \/>\n\t<meta property=\"og:image:width\" content=\"1080\" \/>\n\t<meta property=\"og:image:height\" content=\"1080\" \/>\n\t<meta property=\"og:image:type\" content=\"image\/jpeg\" \/>\n<meta name=\"twitter:card\" content=\"summary_large_image\" \/>\n<meta name=\"twitter:label1\" content=\"Gesch\u00e4tzte Lesezeit\" \/>\n\t<meta name=\"twitter:data1\" content=\"3\u00a0Minuten\" \/>\n<script type=\"application\/ld+json\" class=\"yoast-schema-graph\">{\"@context\":\"https:\/\/schema.org\",\"@graph\":[{\"@type\":\"WebPage\",\"@id\":\"https:\/\/linkwitz.store\/de\/produkt\/lxsirius\/\",\"url\":\"https:\/\/linkwitz.store\/de\/produkt\/lxsirius\/\",\"name\":\"LXsirius - superschlank - LINKWITZ.store\",\"isPartOf\":{\"@id\":\"https:\/\/linkwitz.store\/#website\"},\"primaryImageOfPage\":{\"@id\":\"https:\/\/linkwitz.store\/de\/produkt\/lxsirius\/#primaryimage\"},\"image\":{\"@id\":\"https:\/\/linkwitz.store\/de\/produkt\/lxsirius\/#primaryimage\"},\"thumbnailUrl\":\"https:\/\/linkwitz.store\/wp-content\/uploads\/2021\/01\/LXsirius-008-1.jpg\",\"datePublished\":\"2021-01-24T12:25:20+00:00\",\"dateModified\":\"2021-09-05T06:44:37+00:00\",\"description\":\"LINKWITZ.store - LXsirius - superschlank\",\"breadcrumb\":{\"@id\":\"https:\/\/linkwitz.store\/de\/produkt\/lxsirius\/#breadcrumb\"},\"inLanguage\":\"de\",\"potentialAction\":[{\"@type\":\"ReadAction\",\"target\":[\"https:\/\/linkwitz.store\/de\/produkt\/lxsirius\/\"]}]},{\"@type\":\"ImageObject\",\"inLanguage\":\"de\",\"@id\":\"https:\/\/linkwitz.store\/de\/produkt\/lxsirius\/#primaryimage\",\"url\":\"https:\/\/linkwitz.store\/wp-content\/uploads\/2021\/01\/LXsirius-008-1.jpg\",\"contentUrl\":\"https:\/\/linkwitz.store\/wp-content\/uploads\/2021\/01\/LXsirius-008-1.jpg\",\"width\":1080,\"height\":1080},{\"@type\":\"BreadcrumbList\",\"@id\":\"https:\/\/linkwitz.store\/de\/produkt\/lxsirius\/#breadcrumb\",\"itemListElement\":[{\"@type\":\"ListItem\",\"position\":1,\"name\":\"Home\",\"item\":\"https:\/\/linkwitz.store\/de\/\"},{\"@type\":\"ListItem\",\"position\":2,\"name\":\"Shop\",\"item\":\"https:\/\/linkwitz.store\/de\/shop-2\/\"},{\"@type\":\"ListItem\",\"position\":3,\"name\":\"LXsirius &#8211; superschlank\"}]},{\"@type\":\"WebSite\",\"@id\":\"https:\/\/linkwitz.store\/#website\",\"url\":\"https:\/\/linkwitz.store\/\",\"name\":\"LINKWITZ.store\",\"description\":\"\",\"publisher\":{\"@id\":\"https:\/\/linkwitz.store\/#organization\"},\"potentialAction\":[{\"@type\":\"SearchAction\",\"target\":{\"@type\":\"EntryPoint\",\"urlTemplate\":\"https:\/\/linkwitz.store\/?s={search_term_string}\"},\"query-input\":{\"@type\":\"PropertyValueSpecification\",\"valueRequired\":true,\"valueName\":\"search_term_string\"}}],\"inLanguage\":\"de\"},{\"@type\":\"Organization\",\"@id\":\"https:\/\/linkwitz.store\/#organization\",\"name\":\"LINKWITZ.store\",\"url\":\"https:\/\/linkwitz.store\/\",\"logo\":{\"@type\":\"ImageObject\",\"inLanguage\":\"de\",\"@id\":\"https:\/\/linkwitz.store\/#\/schema\/logo\/image\/\",\"url\":\"https:\/\/linkwitz.store\/wp-content\/uploads\/2021\/02\/MLX-LINKWITZ-191023-RGB-RZ-weis-3.svg\",\"contentUrl\":\"https:\/\/linkwitz.store\/wp-content\/uploads\/2021\/02\/MLX-LINKWITZ-191023-RGB-RZ-weis-3.svg\",\"width\":156,\"height\":36,\"caption\":\"LINKWITZ.store\"},\"image\":{\"@id\":\"https:\/\/linkwitz.store\/#\/schema\/logo\/image\/\"}}]}<\/script>\n<!-- \/ Yoast SEO plugin. -->","yoast_head_json":{"title":"LXsirius - superschlank - LINKWITZ.store","description":"LINKWITZ.store - LXsirius - superschlank","robots":{"index":"index","follow":"follow","max-snippet":"max-snippet:-1","max-image-preview":"max-image-preview:large","max-video-preview":"max-video-preview:-1"},"canonical":"https:\/\/linkwitz.store\/de\/produkt\/lxsirius\/","og_locale":"de_DE","og_type":"article","og_title":"LXsirius - superschlank - LINKWITZ.store","og_description":"LINKWITZ.store - LXsirius - superschlank","og_url":"https:\/\/linkwitz.store\/de\/produkt\/lxsirius\/","og_site_name":"LINKWITZ.store","article_modified_time":"2021-09-05T06:44:37+00:00","og_image":[{"width":1080,"height":1080,"url":"https:\/\/linkwitz.store\/wp-content\/uploads\/2021\/01\/LXsirius-008-1.jpg","type":"image\/jpeg"}],"twitter_card":"summary_large_image","twitter_misc":{"Gesch\u00e4tzte Lesezeit":"3\u00a0Minuten"},"schema":{"@context":"https:\/\/schema.org","@graph":[{"@type":"WebPage","@id":"https:\/\/linkwitz.store\/de\/produkt\/lxsirius\/","url":"https:\/\/linkwitz.store\/de\/produkt\/lxsirius\/","name":"LXsirius - superschlank - LINKWITZ.store","isPartOf":{"@id":"https:\/\/linkwitz.store\/#website"},"primaryImageOfPage":{"@id":"https:\/\/linkwitz.store\/de\/produkt\/lxsirius\/#primaryimage"},"image":{"@id":"https:\/\/linkwitz.store\/de\/produkt\/lxsirius\/#primaryimage"},"thumbnailUrl":"https:\/\/linkwitz.store\/wp-content\/uploads\/2021\/01\/LXsirius-008-1.jpg","datePublished":"2021-01-24T12:25:20+00:00","dateModified":"2021-09-05T06:44:37+00:00","description":"LINKWITZ.store - LXsirius - superschlank","breadcrumb":{"@id":"https:\/\/linkwitz.store\/de\/produkt\/lxsirius\/#breadcrumb"},"inLanguage":"de","potentialAction":[{"@type":"ReadAction","target":["https:\/\/linkwitz.store\/de\/produkt\/lxsirius\/"]}]},{"@type":"ImageObject","inLanguage":"de","@id":"https:\/\/linkwitz.store\/de\/produkt\/lxsirius\/#primaryimage","url":"https:\/\/linkwitz.store\/wp-content\/uploads\/2021\/01\/LXsirius-008-1.jpg","contentUrl":"https:\/\/linkwitz.store\/wp-content\/uploads\/2021\/01\/LXsirius-008-1.jpg","width":1080,"height":1080},{"@type":"BreadcrumbList","@id":"https:\/\/linkwitz.store\/de\/produkt\/lxsirius\/#breadcrumb","itemListElement":[{"@type":"ListItem","position":1,"name":"Home","item":"https:\/\/linkwitz.store\/de\/"},{"@type":"ListItem","position":2,"name":"Shop","item":"https:\/\/linkwitz.store\/de\/shop-2\/"},{"@type":"ListItem","position":3,"name":"LXsirius &#8211; superschlank"}]},{"@type":"WebSite","@id":"https:\/\/linkwitz.store\/#website","url":"https:\/\/linkwitz.store\/","name":"LINKWITZ.store","description":"","publisher":{"@id":"https:\/\/linkwitz.store\/#organization"},"potentialAction":[{"@type":"SearchAction","target":{"@type":"EntryPoint","urlTemplate":"https:\/\/linkwitz.store\/?s={search_term_string}"},"query-input":{"@type":"PropertyValueSpecification","valueRequired":true,"valueName":"search_term_string"}}],"inLanguage":"de"},{"@type":"Organization","@id":"https:\/\/linkwitz.store\/#organization","name":"LINKWITZ.store","url":"https:\/\/linkwitz.store\/","logo":{"@type":"ImageObject","inLanguage":"de","@id":"https:\/\/linkwitz.store\/#\/schema\/logo\/image\/","url":"https:\/\/linkwitz.store\/wp-content\/uploads\/2021\/02\/MLX-LINKWITZ-191023-RGB-RZ-weis-3.svg","contentUrl":"https:\/\/linkwitz.store\/wp-content\/uploads\/2021\/02\/MLX-LINKWITZ-191023-RGB-RZ-weis-3.svg","width":156,"height":36,"caption":"LINKWITZ.store"},"image":{"@id":"https:\/\/linkwitz.store\/#\/schema\/logo\/image\/"}}]}},"_links":{"self":[{"href":"https:\/\/linkwitz.store\/de\/wp-json\/wp\/v2\/product\/4300","targetHints":{"allow":["GET"]}}],"collection":[{"href":"https:\/\/linkwitz.store\/de\/wp-json\/wp\/v2\/product"}],"about":[{"href":"https:\/\/linkwitz.store\/de\/wp-json\/wp\/v2\/types\/product"}],"wp:featuredmedia":[{"embeddable":true,"href":"https:\/\/linkwitz.store\/de\/wp-json\/wp\/v2\/media\/3426"}],"wp:attachment":[{"href":"https:\/\/linkwitz.store\/de\/wp-json\/wp\/v2\/media?parent=4300"}],"wp:term":[{"taxonomy":"product_brand","embeddable":true,"href":"https:\/\/linkwitz.store\/de\/wp-json\/wp\/v2\/product_brand?post=4300"},{"taxonomy":"product_cat","embeddable":true,"href":"https:\/\/linkwitz.store\/de\/wp-json\/wp\/v2\/product_cat?post=4300"},{"taxonomy":"product_tag","embeddable":true,"href":"https:\/\/linkwitz.store\/de\/wp-json\/wp\/v2\/product_tag?post=4300"}],"curies":[{"name":"wp","href":"https:\/\/api.w.org\/{rel}","templated":true}]}}