{"id":4339,"date":"2021-01-27T06:54:19","date_gmt":"2021-01-27T06:54:19","guid":{"rendered":"https:\/\/magiclx.com\/product\/asp-lxmini2-nelson-pass\/"},"modified":"2021-09-05T18:16:32","modified_gmt":"2021-09-05T18:16:32","slug":"asp-lxmini2-nelson-pass","status":"publish","type":"product","link":"https:\/\/linkwitz.store\/de\/produkt\/asp-lxmini2-nelson-pass\/","title":{"rendered":"ASP LXmini\u00ae+2 Nelson Pass"},"content":{"rendered":"<ul>\n<li>JFET basiertes Design von Nelson Pass.<\/li>\n<li>Kanalabstimmung \u00fcber 8 Potentiometer m\u00f6glich.<\/li>\n<li>Unser speziell gefertigtes 3mm Alu Massivgeh\u00e4use mit Edelstahl-Frontplatte erlaubt diese Kanalabstimmung von aussen mit einem Schraubenzieher.<\/li>\n<li>Dieser Analoge Signal Prozessor (ASP) empf\u00e4ngt die Musiksignale von einem Vorverst\u00e4rker oder (CD-) Player und gibt sie aufbereitet an externe Endverst\u00e4rker weiter:<\/li>\n<\/ul>\n<p>Zur Auswahl<\/p>\n<ul>\n<li>Unbest\u00fcckte Leiterkarte (f\u00fcr Fortgeschrittene Selbstbauer) , ca 381mm x 203mm<\/li>\n<li>Unbest\u00fcckte Leiterkarte und ca 100 gepaarte JFETs mit Bias Widerst\u00e4nden, weitere Rs und Cs, auf Wunsch mit 3mm Alugeh\u00e4use<\/li>\n<li>Best\u00fcckte und gepr\u00fcfte Leiterkarte und 3mm Alu Geh\u00e4use mit Edelstahl Frontplatte<\/li>\n<\/ul>\n<p><em>&#8222;&#8230;very nice sound. Finally I have a set-up that does justice to these speakers. Thank you! No more digital filtering going through multiple different DACs to feed each input of the speakers. Bass seems plenty in my small room just with the 5 inch Seas driver of the LXmini. I&#8217;ll listen in without any sub for a while. &#8230;<\/em><em>ASP is a very worthwhile upgrade IMO! &#8220; (<strong>Martin C. Ontario,CAN<\/strong>)<br \/>\n<\/em><\/p>\n<p class=\"moz-quote-pre\">&#8222;<em>&#8230;just wanted to let you know the ASP powered up fine and all test points checked out. Used a TI TPS7A-based linear power supply. It is making sweet music as I write! I find it more resolving and smoother than the miniDSP2x4. The top end, in particular, is a noticeable step up and that alone makes the ASP worthwhile in my estimation. Thanks again and I suspect you may have one or two more sales to this little island&#8220; (<strong>Derek R, Barbados)<\/strong><\/em><\/p>\n<p>&nbsp;<\/p>\n<p><strong>Ben\u00f6tigte Anzahl an Endverst\u00e4rkern:<\/strong><\/p>\n<ul>\n<li>4 Endverst\u00e4rker f\u00fcr LXmini\u00ae (zB zwei baugleiche Stereoverst\u00e4rker)<\/li>\n<li>6 Endverst\u00e4rker f\u00fcr LXmini\u00ae+2 (zB drei baugleiche Stereoverst\u00e4rker)<\/li>\n<\/ul>\n<p>&nbsp;<\/p>\n<p><strong>LXstudio:<\/strong><\/p>\n<ul>\n<li>Falls die Endverst\u00e4rker f\u00fcr 2 Ohm Lasten geeignet sind &gt;&gt; 6 Endverst\u00e4rker<\/li>\n<li>Falls die Endverst\u00e4rker f\u00fcr 2 Ohm Lasten nicht geeignet sind &gt;&gt; 8 Endverst\u00e4rker<\/li>\n<\/ul>\n","protected":false},"excerpt":{"rendered":"<p>Analog Signal Processor (ASP) for LXmini\u00ae\/LXsirius\/ LXmini\u00ae+2\/LXsirius+2\/ LXstudio. The end user may always switch between these configurations.<\/p>\n<p>For balanced (XLR) or unbalanced (RCA, Cinch) in-\/outputs.<\/p>\n","protected":false},"featured_media":6146,"template":"","meta":{"inline_featured_image":false},"product_brand":[],"product_cat":[194,217,146],"product_tag":[],"class_list":{"0":"post-4339","1":"product","2":"type-product","3":"status-publish","4":"has-post-thumbnail","6":"product_cat-lxaccessoires-de","7":"product_cat-lxmini-de","8":"product_cat-active-crossovers-de","10":"first","11":"instock","12":"taxable","13":"shipping-taxable","14":"purchasable","15":"product-type-variable","16":"has-default-attributes"},"yoast_head":"<!-- This site is optimized with the Yoast SEO plugin v27.0 - https:\/\/yoast.com\/product\/yoast-seo-wordpress\/ -->\n<title>ASP LXmini\u00ae+2 Nelson Pass - LINKWITZ.store<\/title>\n<meta name=\"description\" content=\"LINKWITZ.store - ASP LXmini\u00ae+2 Nelson Pass\" \/>\n<meta name=\"robots\" content=\"index, follow, max-snippet:-1, max-image-preview:large, max-video-preview:-1\" \/>\n<link rel=\"canonical\" href=\"https:\/\/linkwitz.store\/de\/produkt\/asp-lxmini2-nelson-pass\/\" \/>\n<meta property=\"og:locale\" content=\"de_DE\" \/>\n<meta property=\"og:type\" content=\"article\" \/>\n<meta property=\"og:title\" content=\"ASP LXmini\u00ae+2 Nelson Pass - LINKWITZ.store\" \/>\n<meta property=\"og:description\" content=\"LINKWITZ.store - ASP LXmini\u00ae+2 Nelson Pass\" \/>\n<meta property=\"og:url\" content=\"https:\/\/linkwitz.store\/de\/produkt\/asp-lxmini2-nelson-pass\/\" \/>\n<meta property=\"og:site_name\" content=\"LINKWITZ.store\" \/>\n<meta property=\"article:modified_time\" content=\"2021-09-05T18:16:32+00:00\" \/>\n<meta property=\"og:image\" content=\"https:\/\/linkwitz.store\/wp-content\/uploads\/2021\/01\/panalog.png\" \/>\n\t<meta property=\"og:image:width\" content=\"1080\" \/>\n\t<meta property=\"og:image:height\" content=\"1080\" \/>\n\t<meta property=\"og:image:type\" content=\"image\/png\" \/>\n<meta name=\"twitter:card\" content=\"summary_large_image\" \/>\n<meta name=\"twitter:label1\" content=\"Gesch\u00e4tzte Lesezeit\" \/>\n\t<meta name=\"twitter:data1\" content=\"2\u00a0Minuten\" \/>\n<script type=\"application\/ld+json\" class=\"yoast-schema-graph\">{\"@context\":\"https:\/\/schema.org\",\"@graph\":[{\"@type\":\"WebPage\",\"@id\":\"https:\/\/linkwitz.store\/de\/produkt\/asp-lxmini2-nelson-pass\/\",\"url\":\"https:\/\/linkwitz.store\/de\/produkt\/asp-lxmini2-nelson-pass\/\",\"name\":\"ASP LXmini\u00ae+2 Nelson Pass - LINKWITZ.store\",\"isPartOf\":{\"@id\":\"https:\/\/linkwitz.store\/#website\"},\"primaryImageOfPage\":{\"@id\":\"https:\/\/linkwitz.store\/de\/produkt\/asp-lxmini2-nelson-pass\/#primaryimage\"},\"image\":{\"@id\":\"https:\/\/linkwitz.store\/de\/produkt\/asp-lxmini2-nelson-pass\/#primaryimage\"},\"thumbnailUrl\":\"https:\/\/linkwitz.store\/wp-content\/uploads\/2022\/02\/PowerBox-ASP-neu-FRONT.jpg\",\"datePublished\":\"2021-01-27T06:54:19+00:00\",\"dateModified\":\"2021-09-05T18:16:32+00:00\",\"description\":\"LINKWITZ.store - ASP LXmini\u00ae+2 Nelson Pass\",\"breadcrumb\":{\"@id\":\"https:\/\/linkwitz.store\/de\/produkt\/asp-lxmini2-nelson-pass\/#breadcrumb\"},\"inLanguage\":\"de\",\"potentialAction\":[{\"@type\":\"ReadAction\",\"target\":[\"https:\/\/linkwitz.store\/de\/produkt\/asp-lxmini2-nelson-pass\/\"]}]},{\"@type\":\"ImageObject\",\"inLanguage\":\"de\",\"@id\":\"https:\/\/linkwitz.store\/de\/produkt\/asp-lxmini2-nelson-pass\/#primaryimage\",\"url\":\"https:\/\/linkwitz.store\/wp-content\/uploads\/2022\/02\/PowerBox-ASP-neu-FRONT.jpg\",\"contentUrl\":\"https:\/\/linkwitz.store\/wp-content\/uploads\/2022\/02\/PowerBox-ASP-neu-FRONT.jpg\",\"width\":1080,\"height\":1080},{\"@type\":\"BreadcrumbList\",\"@id\":\"https:\/\/linkwitz.store\/de\/produkt\/asp-lxmini2-nelson-pass\/#breadcrumb\",\"itemListElement\":[{\"@type\":\"ListItem\",\"position\":1,\"name\":\"Home\",\"item\":\"https:\/\/linkwitz.store\/de\/\"},{\"@type\":\"ListItem\",\"position\":2,\"name\":\"Shop\",\"item\":\"https:\/\/linkwitz.store\/de\/shop-2\/\"},{\"@type\":\"ListItem\",\"position\":3,\"name\":\"ASP LXmini\u00ae+2 Nelson Pass\"}]},{\"@type\":\"WebSite\",\"@id\":\"https:\/\/linkwitz.store\/#website\",\"url\":\"https:\/\/linkwitz.store\/\",\"name\":\"LINKWITZ.store\",\"description\":\"\",\"publisher\":{\"@id\":\"https:\/\/linkwitz.store\/#organization\"},\"potentialAction\":[{\"@type\":\"SearchAction\",\"target\":{\"@type\":\"EntryPoint\",\"urlTemplate\":\"https:\/\/linkwitz.store\/?s={search_term_string}\"},\"query-input\":{\"@type\":\"PropertyValueSpecification\",\"valueRequired\":true,\"valueName\":\"search_term_string\"}}],\"inLanguage\":\"de\"},{\"@type\":\"Organization\",\"@id\":\"https:\/\/linkwitz.store\/#organization\",\"name\":\"LINKWITZ.store\",\"url\":\"https:\/\/linkwitz.store\/\",\"logo\":{\"@type\":\"ImageObject\",\"inLanguage\":\"de\",\"@id\":\"https:\/\/linkwitz.store\/#\/schema\/logo\/image\/\",\"url\":\"https:\/\/linkwitz.store\/wp-content\/uploads\/2021\/02\/MLX-LINKWITZ-191023-RGB-RZ-weis-3.svg\",\"contentUrl\":\"https:\/\/linkwitz.store\/wp-content\/uploads\/2021\/02\/MLX-LINKWITZ-191023-RGB-RZ-weis-3.svg\",\"width\":156,\"height\":36,\"caption\":\"LINKWITZ.store\"},\"image\":{\"@id\":\"https:\/\/linkwitz.store\/#\/schema\/logo\/image\/\"}}]}<\/script>\n<!-- \/ Yoast SEO plugin. -->","yoast_head_json":{"title":"ASP LXmini\u00ae+2 Nelson Pass - LINKWITZ.store","description":"LINKWITZ.store - ASP LXmini\u00ae+2 Nelson Pass","robots":{"index":"index","follow":"follow","max-snippet":"max-snippet:-1","max-image-preview":"max-image-preview:large","max-video-preview":"max-video-preview:-1"},"canonical":"https:\/\/linkwitz.store\/de\/produkt\/asp-lxmini2-nelson-pass\/","og_locale":"de_DE","og_type":"article","og_title":"ASP LXmini\u00ae+2 Nelson Pass - LINKWITZ.store","og_description":"LINKWITZ.store - ASP LXmini\u00ae+2 Nelson Pass","og_url":"https:\/\/linkwitz.store\/de\/produkt\/asp-lxmini2-nelson-pass\/","og_site_name":"LINKWITZ.store","article_modified_time":"2021-09-05T18:16:32+00:00","og_image":[{"width":1080,"height":1080,"url":"https:\/\/linkwitz.store\/wp-content\/uploads\/2021\/01\/panalog.png","type":"image\/png"}],"twitter_card":"summary_large_image","twitter_misc":{"Gesch\u00e4tzte Lesezeit":"2\u00a0Minuten"},"schema":{"@context":"https:\/\/schema.org","@graph":[{"@type":"WebPage","@id":"https:\/\/linkwitz.store\/de\/produkt\/asp-lxmini2-nelson-pass\/","url":"https:\/\/linkwitz.store\/de\/produkt\/asp-lxmini2-nelson-pass\/","name":"ASP LXmini\u00ae+2 Nelson Pass - LINKWITZ.store","isPartOf":{"@id":"https:\/\/linkwitz.store\/#website"},"primaryImageOfPage":{"@id":"https:\/\/linkwitz.store\/de\/produkt\/asp-lxmini2-nelson-pass\/#primaryimage"},"image":{"@id":"https:\/\/linkwitz.store\/de\/produkt\/asp-lxmini2-nelson-pass\/#primaryimage"},"thumbnailUrl":"https:\/\/linkwitz.store\/wp-content\/uploads\/2022\/02\/PowerBox-ASP-neu-FRONT.jpg","datePublished":"2021-01-27T06:54:19+00:00","dateModified":"2021-09-05T18:16:32+00:00","description":"LINKWITZ.store - ASP LXmini\u00ae+2 Nelson Pass","breadcrumb":{"@id":"https:\/\/linkwitz.store\/de\/produkt\/asp-lxmini2-nelson-pass\/#breadcrumb"},"inLanguage":"de","potentialAction":[{"@type":"ReadAction","target":["https:\/\/linkwitz.store\/de\/produkt\/asp-lxmini2-nelson-pass\/"]}]},{"@type":"ImageObject","inLanguage":"de","@id":"https:\/\/linkwitz.store\/de\/produkt\/asp-lxmini2-nelson-pass\/#primaryimage","url":"https:\/\/linkwitz.store\/wp-content\/uploads\/2022\/02\/PowerBox-ASP-neu-FRONT.jpg","contentUrl":"https:\/\/linkwitz.store\/wp-content\/uploads\/2022\/02\/PowerBox-ASP-neu-FRONT.jpg","width":1080,"height":1080},{"@type":"BreadcrumbList","@id":"https:\/\/linkwitz.store\/de\/produkt\/asp-lxmini2-nelson-pass\/#breadcrumb","itemListElement":[{"@type":"ListItem","position":1,"name":"Home","item":"https:\/\/linkwitz.store\/de\/"},{"@type":"ListItem","position":2,"name":"Shop","item":"https:\/\/linkwitz.store\/de\/shop-2\/"},{"@type":"ListItem","position":3,"name":"ASP LXmini\u00ae+2 Nelson Pass"}]},{"@type":"WebSite","@id":"https:\/\/linkwitz.store\/#website","url":"https:\/\/linkwitz.store\/","name":"LINKWITZ.store","description":"","publisher":{"@id":"https:\/\/linkwitz.store\/#organization"},"potentialAction":[{"@type":"SearchAction","target":{"@type":"EntryPoint","urlTemplate":"https:\/\/linkwitz.store\/?s={search_term_string}"},"query-input":{"@type":"PropertyValueSpecification","valueRequired":true,"valueName":"search_term_string"}}],"inLanguage":"de"},{"@type":"Organization","@id":"https:\/\/linkwitz.store\/#organization","name":"LINKWITZ.store","url":"https:\/\/linkwitz.store\/","logo":{"@type":"ImageObject","inLanguage":"de","@id":"https:\/\/linkwitz.store\/#\/schema\/logo\/image\/","url":"https:\/\/linkwitz.store\/wp-content\/uploads\/2021\/02\/MLX-LINKWITZ-191023-RGB-RZ-weis-3.svg","contentUrl":"https:\/\/linkwitz.store\/wp-content\/uploads\/2021\/02\/MLX-LINKWITZ-191023-RGB-RZ-weis-3.svg","width":156,"height":36,"caption":"LINKWITZ.store"},"image":{"@id":"https:\/\/linkwitz.store\/#\/schema\/logo\/image\/"}}]}},"_links":{"self":[{"href":"https:\/\/linkwitz.store\/de\/wp-json\/wp\/v2\/product\/4339","targetHints":{"allow":["GET"]}}],"collection":[{"href":"https:\/\/linkwitz.store\/de\/wp-json\/wp\/v2\/product"}],"about":[{"href":"https:\/\/linkwitz.store\/de\/wp-json\/wp\/v2\/types\/product"}],"wp:featuredmedia":[{"embeddable":true,"href":"https:\/\/linkwitz.store\/de\/wp-json\/wp\/v2\/media\/6146"}],"wp:attachment":[{"href":"https:\/\/linkwitz.store\/de\/wp-json\/wp\/v2\/media?parent=4339"}],"wp:term":[{"taxonomy":"product_brand","embeddable":true,"href":"https:\/\/linkwitz.store\/de\/wp-json\/wp\/v2\/product_brand?post=4339"},{"taxonomy":"product_cat","embeddable":true,"href":"https:\/\/linkwitz.store\/de\/wp-json\/wp\/v2\/product_cat?post=4339"},{"taxonomy":"product_tag","embeddable":true,"href":"https:\/\/linkwitz.store\/de\/wp-json\/wp\/v2\/product_tag?post=4339"}],"curies":[{"name":"wp","href":"https:\/\/api.w.org\/{rel}","templated":true}]}}