{"id":4352,"date":"2021-03-06T17:36:25","date_gmt":"2021-03-06T17:36:25","guid":{"rendered":"https:\/\/magiclx.com\/product\/lxmini-kit\/"},"modified":"2023-05-03T11:03:05","modified_gmt":"2023-05-03T11:03:05","slug":"lxmini-kit","status":"publish","type":"product","link":"https:\/\/linkwitz.store\/de\/produkt\/lxmini-kit\/","title":{"rendered":"LXmini\u00ae Kit"},"content":{"rendered":"<p>Man vergisst die LXmini\u00aes nach kurzer Zeit &#8230;, wenn nur noch die die Musik z\u00e4hlt und das Equipment in den Hintergrund tritt. LXmini\u00aes sind einzigartige Meisterwerke des Lautsprecherdesign von Siegfried Linkwitz\u00ae. Reduziert auf das Wesentliche und zu einem unschlagbaren Preis\/Leistungsverh\u00e4ltnis. Entdecken Sie bisher ungekannte Details Ihrer Aufnahmen.<\/p>\n<p>Ein neutrales Abstrahlspektrum (horizontal und vertikal) bestimmt das Design. Dadurch bleibt die virtuelle 3D B\u00fchne, auch au\u00dferhalb der &#8222;Lautsprecher-Stereomitte&#8220; stabil.<\/p>\n<p>Die LXmini\u00aes &#8222;verschwinden&#8220; beim Eintauchen in die Musik&#8230;..<\/p>\n<p>LXmini\u00ae Bausatz f\u00fcr 1 Paar LXmini\u00aes, qualitativ hochwertigen, CNC-pr\u00e4zisionsgefr\u00e4sten HDF Teilen. L\u00f6cher und Schraubverbindungen der Ur-Konstruktion werden durch spezielle Formteile ersetzt.<\/p>\n<p>Abweichungen vom LXmini\u00ae Originalplan:<\/p>\n<ul>\n<li>Verdeckte Kabelf\u00fchrung<\/li>\n<li>1-click Neutrik\u00ae speakON\u00ae Terminal eliminiert Verwechslungs- und Verpolungsgefahr der vier Zuleitungen<\/li>\n<li>HDF (dunkel-anthrazith) statt MDF. HDF ist wesentlich dichter, schwerer und h\u00e4rter als MDF. Stabile Formkanten.<\/li>\n<li>Pr\u00e4zisionsgefr\u00e4ste HDF Bodenplatten erlauben die Montage der Hauptrohre ohne Endkappen.<\/li>\n<li>Montage des Diffusors ohne sichtbare Schrauben<\/li>\n<li>Montage des kleinen Breitbandlautsprechers ohne L\u00f6cher oder Schrauben im Diffusorrohr.<\/li>\n<\/ul>\n<p>&nbsp;<\/p>\n<p><strong>Lieferumfang:<\/strong><\/p>\n<ul>\n<li>4 original SEAS Treiber (wenn gew\u00e4hlt)<\/li>\n<li>2 obere Rohre, Importware, pr\u00e4zisionsges\u00e4gt,<\/li>\n<li>2 untere R\u00f6hren, Importware, pr\u00e4zisionsges\u00e4gt<\/li>\n<li>2 HDF Bodenplatten, CNC gefr\u00e4st, f\u00fcr Endkappenlose Rohrmontage<\/li>\n<li>2 HDF Wooferplatten, CNC gefr\u00e4st<\/li>\n<li>2 HDF Haltebl\u00f6cke, f\u00fcr Diffusormontage mit verdeckten Schrauben<\/li>\n<li>10 Gummif\u00fc\u00dfe<\/li>\n<li>2 HDF speakON\u00ae Halter, CNC-gefr\u00e4st mit schwarzen Schrauben<\/li>\n<li>2 speakON\u00ae Buchsen 4 pol<\/li>\n<li>2 Befestigungsringe f\u00fcr schraubenlose Befestigung der oberen Treiber<\/li>\n<li>2 Gummikuppler, Importware<\/li>\n<li>5 m Kabel , 2x 1,5mm\u00b2<\/li>\n<li>2 Pack D\u00e4mmstoff Monacor MDM2 , ausreichend f\u00fcr weitere 2 St\u00fcck MDM2-D\u00e4mmstoff f\u00fcr obere R\u00f6hren<\/li>\n<\/ul>\n<p>&nbsp;<\/p>\n<p><strong>Nicht enthalten:<\/strong><\/p>\n<ul>\n<li>Lacke<\/li>\n<li>Klebstoffe<\/li>\n<li>Kabel zum Verst\u00e4rker<\/li>\n<li>Werkzeug<\/li>\n<li>Elektronik, Verst\u00e4rker<\/li>\n<li><a href=\"https:\/\/linkwitz.store\/de\/produkt\/lxmini-plans\/\">Linkwitz\u00aelab LXmini\u00ae Baupl\u00e4ne\/Lizenz<\/a>.<\/li>\n<\/ul>\n<p>&nbsp;<\/p>\n<p><strong>Verst\u00e4rker und Elektronik integriert erh\u00e4ltlich:<\/strong><br \/>\nIhre Musikquelle (z.B. CD-Player, Plattenspieler, Netzwerkspieler, Computer) versorgt eine PowerBox 4180 oder PowerBox6 pro NCore analog&#8230;..Alles Weitere erledigt die PowerBox&#8230;. Bequeme Verbindung zu Ihren LXmini\u00ae Lautsprechern mit 1-click speakON\u00ae Kabeln.<\/p>\n<p>&nbsp;<\/p>\n<p><strong>Upgrades<\/strong><\/p>\n<ul>\n<li>Mit Subwoofern <a href=\"https:\/\/linkwitz.store\/de\/produkt\/lxsub2-kit\/\">SUB2<\/a> zu LXmini\u00ae+2<\/li>\n<li>Mit Subwoofern <a href=\"https:\/\/linkwitz.store\/de\/produkt\/lxsub4-kit\/\">SUB4<\/a> zu LXstudio<\/li>\n<\/ul>\n<p><strong>F\u00fcr LINKWITZ Baus\u00e4tze ben\u00f6tigen Sie die entsprechenden <a href=\"https:\/\/linkwitz.store\/category\/lxaccessoires\/lxplans\/\">Linkwitzlab Konstruktionspl\u00e4ne\/Lizenz<\/a> . Sie k\u00f6nnen diese einfach in Ihren Warenkorb legen. Falls Sie schon eine entsprechende Lizenz besitzen, senden Sie bitte eine Kopie der Bestell-Email an <a href=\"mailto:plans@magicLX521.com\">plans@magicLX521.com<\/a><\/strong><\/p>\n","protected":false},"excerpt":{"rendered":"<p>LXmini\u00ae ist Ihr Einstieg zum wohltuend realistischen Musikerlebnis zuhause. Klare, neutrale, detailierte und r\u00e4umliche 3D-Wiedergabe bestimmen das Design dieses unkonventionellen 2-Wege Lautsprechers.<\/p>\n","protected":false},"featured_media":4273,"template":"","meta":{"inline_featured_image":false},"product_brand":[],"product_cat":[144],"product_tag":[363],"class_list":{"0":"post-4352","1":"product","2":"type-product","3":"status-publish","4":"has-post-thumbnail","6":"product_cat-lxkits-de","7":"product_tag-linkwitz-de-2","9":"first","10":"instock","11":"taxable","12":"shipping-taxable","13":"purchasable","14":"product-type-variable","15":"has-default-attributes"},"yoast_head":"<!-- This site is optimized with the Yoast SEO plugin v27.0 - https:\/\/yoast.com\/product\/yoast-seo-wordpress\/ -->\n<title>LXmini\u00ae Kit - LINKWITZ.store<\/title>\n<meta name=\"description\" content=\"LINKWITZ.store - LXmini\u00ae Kit\" \/>\n<meta name=\"robots\" content=\"index, follow, max-snippet:-1, max-image-preview:large, max-video-preview:-1\" \/>\n<link rel=\"canonical\" href=\"https:\/\/linkwitz.store\/de\/produkt\/lxmini-kit\/\" \/>\n<meta property=\"og:locale\" content=\"de_DE\" \/>\n<meta property=\"og:type\" content=\"article\" \/>\n<meta property=\"og:title\" content=\"LXmini\u00ae Kit - LINKWITZ.store\" \/>\n<meta property=\"og:description\" content=\"LINKWITZ.store - LXmini\u00ae Kit\" \/>\n<meta property=\"og:url\" content=\"https:\/\/linkwitz.store\/de\/produkt\/lxmini-kit\/\" \/>\n<meta property=\"og:site_name\" content=\"LINKWITZ.store\" \/>\n<meta property=\"article:modified_time\" content=\"2023-05-03T11:03:05+00:00\" \/>\n<meta property=\"og:image\" content=\"https:\/\/linkwitz.store\/wp-content\/uploads\/2021\/01\/lxmini1.png\" \/>\n\t<meta property=\"og:image:width\" content=\"1080\" \/>\n\t<meta property=\"og:image:height\" content=\"1080\" \/>\n\t<meta property=\"og:image:type\" content=\"image\/png\" \/>\n<meta name=\"twitter:card\" content=\"summary_large_image\" \/>\n<meta name=\"twitter:label1\" content=\"Gesch\u00e4tzte Lesezeit\" \/>\n\t<meta name=\"twitter:data1\" content=\"2\u00a0Minuten\" \/>\n<script type=\"application\/ld+json\" class=\"yoast-schema-graph\">{\"@context\":\"https:\/\/schema.org\",\"@graph\":[{\"@type\":\"WebPage\",\"@id\":\"https:\/\/linkwitz.store\/de\/produkt\/lxmini-kit\/\",\"url\":\"https:\/\/linkwitz.store\/de\/produkt\/lxmini-kit\/\",\"name\":\"LXmini\u00ae Kit - LINKWITZ.store\",\"isPartOf\":{\"@id\":\"https:\/\/linkwitz.store\/#website\"},\"primaryImageOfPage\":{\"@id\":\"https:\/\/linkwitz.store\/de\/produkt\/lxmini-kit\/#primaryimage\"},\"image\":{\"@id\":\"https:\/\/linkwitz.store\/de\/produkt\/lxmini-kit\/#primaryimage\"},\"thumbnailUrl\":\"https:\/\/linkwitz.store\/wp-content\/uploads\/2021\/01\/lxmini1.png\",\"datePublished\":\"2021-03-06T17:36:25+00:00\",\"dateModified\":\"2023-05-03T11:03:05+00:00\",\"description\":\"LINKWITZ.store - LXmini\u00ae Kit\",\"breadcrumb\":{\"@id\":\"https:\/\/linkwitz.store\/de\/produkt\/lxmini-kit\/#breadcrumb\"},\"inLanguage\":\"de\",\"potentialAction\":[{\"@type\":\"ReadAction\",\"target\":[\"https:\/\/linkwitz.store\/de\/produkt\/lxmini-kit\/\"]}]},{\"@type\":\"ImageObject\",\"inLanguage\":\"de\",\"@id\":\"https:\/\/linkwitz.store\/de\/produkt\/lxmini-kit\/#primaryimage\",\"url\":\"https:\/\/linkwitz.store\/wp-content\/uploads\/2021\/01\/lxmini1.png\",\"contentUrl\":\"https:\/\/linkwitz.store\/wp-content\/uploads\/2021\/01\/lxmini1.png\",\"width\":1080,\"height\":1080},{\"@type\":\"BreadcrumbList\",\"@id\":\"https:\/\/linkwitz.store\/de\/produkt\/lxmini-kit\/#breadcrumb\",\"itemListElement\":[{\"@type\":\"ListItem\",\"position\":1,\"name\":\"Home\",\"item\":\"https:\/\/linkwitz.store\/de\/\"},{\"@type\":\"ListItem\",\"position\":2,\"name\":\"Shop\",\"item\":\"https:\/\/linkwitz.store\/de\/shop-2\/\"},{\"@type\":\"ListItem\",\"position\":3,\"name\":\"LXmini\u00ae Kit\"}]},{\"@type\":\"WebSite\",\"@id\":\"https:\/\/linkwitz.store\/#website\",\"url\":\"https:\/\/linkwitz.store\/\",\"name\":\"LINKWITZ.store\",\"description\":\"\",\"publisher\":{\"@id\":\"https:\/\/linkwitz.store\/#organization\"},\"potentialAction\":[{\"@type\":\"SearchAction\",\"target\":{\"@type\":\"EntryPoint\",\"urlTemplate\":\"https:\/\/linkwitz.store\/?s={search_term_string}\"},\"query-input\":{\"@type\":\"PropertyValueSpecification\",\"valueRequired\":true,\"valueName\":\"search_term_string\"}}],\"inLanguage\":\"de\"},{\"@type\":\"Organization\",\"@id\":\"https:\/\/linkwitz.store\/#organization\",\"name\":\"LINKWITZ.store\",\"url\":\"https:\/\/linkwitz.store\/\",\"logo\":{\"@type\":\"ImageObject\",\"inLanguage\":\"de\",\"@id\":\"https:\/\/linkwitz.store\/#\/schema\/logo\/image\/\",\"url\":\"https:\/\/linkwitz.store\/wp-content\/uploads\/2021\/02\/MLX-LINKWITZ-191023-RGB-RZ-weis-3.svg\",\"contentUrl\":\"https:\/\/linkwitz.store\/wp-content\/uploads\/2021\/02\/MLX-LINKWITZ-191023-RGB-RZ-weis-3.svg\",\"width\":156,\"height\":36,\"caption\":\"LINKWITZ.store\"},\"image\":{\"@id\":\"https:\/\/linkwitz.store\/#\/schema\/logo\/image\/\"}}]}<\/script>\n<!-- \/ Yoast SEO plugin. -->","yoast_head_json":{"title":"LXmini\u00ae Kit - LINKWITZ.store","description":"LINKWITZ.store - LXmini\u00ae Kit","robots":{"index":"index","follow":"follow","max-snippet":"max-snippet:-1","max-image-preview":"max-image-preview:large","max-video-preview":"max-video-preview:-1"},"canonical":"https:\/\/linkwitz.store\/de\/produkt\/lxmini-kit\/","og_locale":"de_DE","og_type":"article","og_title":"LXmini\u00ae Kit - LINKWITZ.store","og_description":"LINKWITZ.store - LXmini\u00ae Kit","og_url":"https:\/\/linkwitz.store\/de\/produkt\/lxmini-kit\/","og_site_name":"LINKWITZ.store","article_modified_time":"2023-05-03T11:03:05+00:00","og_image":[{"width":1080,"height":1080,"url":"https:\/\/linkwitz.store\/wp-content\/uploads\/2021\/01\/lxmini1.png","type":"image\/png"}],"twitter_card":"summary_large_image","twitter_misc":{"Gesch\u00e4tzte Lesezeit":"2\u00a0Minuten"},"schema":{"@context":"https:\/\/schema.org","@graph":[{"@type":"WebPage","@id":"https:\/\/linkwitz.store\/de\/produkt\/lxmini-kit\/","url":"https:\/\/linkwitz.store\/de\/produkt\/lxmini-kit\/","name":"LXmini\u00ae Kit - LINKWITZ.store","isPartOf":{"@id":"https:\/\/linkwitz.store\/#website"},"primaryImageOfPage":{"@id":"https:\/\/linkwitz.store\/de\/produkt\/lxmini-kit\/#primaryimage"},"image":{"@id":"https:\/\/linkwitz.store\/de\/produkt\/lxmini-kit\/#primaryimage"},"thumbnailUrl":"https:\/\/linkwitz.store\/wp-content\/uploads\/2021\/01\/lxmini1.png","datePublished":"2021-03-06T17:36:25+00:00","dateModified":"2023-05-03T11:03:05+00:00","description":"LINKWITZ.store - LXmini\u00ae Kit","breadcrumb":{"@id":"https:\/\/linkwitz.store\/de\/produkt\/lxmini-kit\/#breadcrumb"},"inLanguage":"de","potentialAction":[{"@type":"ReadAction","target":["https:\/\/linkwitz.store\/de\/produkt\/lxmini-kit\/"]}]},{"@type":"ImageObject","inLanguage":"de","@id":"https:\/\/linkwitz.store\/de\/produkt\/lxmini-kit\/#primaryimage","url":"https:\/\/linkwitz.store\/wp-content\/uploads\/2021\/01\/lxmini1.png","contentUrl":"https:\/\/linkwitz.store\/wp-content\/uploads\/2021\/01\/lxmini1.png","width":1080,"height":1080},{"@type":"BreadcrumbList","@id":"https:\/\/linkwitz.store\/de\/produkt\/lxmini-kit\/#breadcrumb","itemListElement":[{"@type":"ListItem","position":1,"name":"Home","item":"https:\/\/linkwitz.store\/de\/"},{"@type":"ListItem","position":2,"name":"Shop","item":"https:\/\/linkwitz.store\/de\/shop-2\/"},{"@type":"ListItem","position":3,"name":"LXmini\u00ae Kit"}]},{"@type":"WebSite","@id":"https:\/\/linkwitz.store\/#website","url":"https:\/\/linkwitz.store\/","name":"LINKWITZ.store","description":"","publisher":{"@id":"https:\/\/linkwitz.store\/#organization"},"potentialAction":[{"@type":"SearchAction","target":{"@type":"EntryPoint","urlTemplate":"https:\/\/linkwitz.store\/?s={search_term_string}"},"query-input":{"@type":"PropertyValueSpecification","valueRequired":true,"valueName":"search_term_string"}}],"inLanguage":"de"},{"@type":"Organization","@id":"https:\/\/linkwitz.store\/#organization","name":"LINKWITZ.store","url":"https:\/\/linkwitz.store\/","logo":{"@type":"ImageObject","inLanguage":"de","@id":"https:\/\/linkwitz.store\/#\/schema\/logo\/image\/","url":"https:\/\/linkwitz.store\/wp-content\/uploads\/2021\/02\/MLX-LINKWITZ-191023-RGB-RZ-weis-3.svg","contentUrl":"https:\/\/linkwitz.store\/wp-content\/uploads\/2021\/02\/MLX-LINKWITZ-191023-RGB-RZ-weis-3.svg","width":156,"height":36,"caption":"LINKWITZ.store"},"image":{"@id":"https:\/\/linkwitz.store\/#\/schema\/logo\/image\/"}}]}},"_links":{"self":[{"href":"https:\/\/linkwitz.store\/de\/wp-json\/wp\/v2\/product\/4352","targetHints":{"allow":["GET"]}}],"collection":[{"href":"https:\/\/linkwitz.store\/de\/wp-json\/wp\/v2\/product"}],"about":[{"href":"https:\/\/linkwitz.store\/de\/wp-json\/wp\/v2\/types\/product"}],"wp:featuredmedia":[{"embeddable":true,"href":"https:\/\/linkwitz.store\/de\/wp-json\/wp\/v2\/media\/4273"}],"wp:attachment":[{"href":"https:\/\/linkwitz.store\/de\/wp-json\/wp\/v2\/media?parent=4352"}],"wp:term":[{"taxonomy":"product_brand","embeddable":true,"href":"https:\/\/linkwitz.store\/de\/wp-json\/wp\/v2\/product_brand?post=4352"},{"taxonomy":"product_cat","embeddable":true,"href":"https:\/\/linkwitz.store\/de\/wp-json\/wp\/v2\/product_cat?post=4352"},{"taxonomy":"product_tag","embeddable":true,"href":"https:\/\/linkwitz.store\/de\/wp-json\/wp\/v2\/product_tag?post=4352"}],"curies":[{"name":"wp","href":"https:\/\/api.w.org\/{rel}","templated":true}]}}