{"id":4410,"date":"2021-01-27T08:55:19","date_gmt":"2021-01-27T08:55:19","guid":{"rendered":"https:\/\/magiclx.com\/product\/lx521-bridge-and-topbaffle-kit\/"},"modified":"2021-04-03T10:46:09","modified_gmt":"2021-04-03T10:46:09","slug":"lx521-bridge-and-topbaffle-kit","status":"publish","type":"product","link":"https:\/\/linkwitz.store\/de\/produkt\/lx521-bridge-and-topbaffle-kit\/","title":{"rendered":"LX521\u00ae \u2013 Bridge and Topbaffle Kit"},"content":{"rendered":"<p>Bausatz f\u00fcr LXstudio Besitzer, die auf LX521\u00ae upgraden m\u00f6chten.<\/p>\n<p>Ausf\u00fchrung<\/p>\n<ul>\n<li>Die Br\u00fccke und die Topbaffles im Wuschholzdekor (zB Amerikanisch Walnuss, Kirsche, Bubinga, Paduk, Mahagony) oder in der Wunschfarbe lackiert.<\/li>\n<li>Panzerholz, Panzerholz mit Furnieroberfl\u00e4che, Alu-Panzerholz, Alu-Topbaffles als Sonderwunsch erh\u00e4ltlich.<\/li>\n<li>Die Br\u00fccken werden mit eleganten 45 Gehrungen gefertigt.<\/li>\n<\/ul>\n<p><strong>F\u00fcr LINKWITZ Baus\u00e4tze ben\u00f6tigen Sie die entsprechenden <a href=\"https:\/\/linkwitz.store\/category\/lxaccessoires\/lxplans\/\">Linkwitzlab Konstruktionspl\u00e4ne\/Lizenz<\/a> . Sie k\u00f6nnen diese einfach in Ihren Warenkorb legen. Falls Sie schon eine entsprechende Lizenz besitzen, senden Sie bitte eine Kopie der Bestell-Email an <a href=\"mailto:plans@magicLX521.com\">plans@magicLX521.com<\/a><\/strong><\/p>\n","protected":false},"excerpt":{"rendered":"<p>The LX521\u00ae.4 verk\u00f6rpert das Beste aus 50 Jahren Entwicklung der Stereowiedergabe in Wohnr\u00e4umen. Upgrade Bausatz f\u00fcr den LXstudio oder LXsub4 Besitzer.<\/p>\n","protected":false},"featured_media":4503,"template":"","meta":{"inline_featured_image":false},"product_brand":[],"product_cat":[144],"product_tag":[],"class_list":{"0":"post-4410","1":"product","2":"type-product","3":"status-publish","4":"has-post-thumbnail","6":"product_cat-lxkits-de","8":"first","9":"instock","10":"taxable","11":"shipping-taxable","12":"purchasable","13":"product-type-variable"},"yoast_head":"<!-- This site is optimized with the Yoast SEO plugin v27.0 - https:\/\/yoast.com\/product\/yoast-seo-wordpress\/ -->\n<title>LX521\u00ae \u2013 Bridge and Topbaffle Kit - LINKWITZ.store<\/title>\n<meta name=\"description\" content=\"LINKWITZ.store - LX521\u00ae \u2013 Bridge and Topbaffle Kit\" \/>\n<meta name=\"robots\" content=\"index, follow, max-snippet:-1, max-image-preview:large, max-video-preview:-1\" \/>\n<link rel=\"canonical\" href=\"https:\/\/linkwitz.store\/de\/produkt\/lx521-bridge-and-topbaffle-kit\/\" \/>\n<meta property=\"og:locale\" content=\"de_DE\" \/>\n<meta property=\"og:type\" content=\"article\" \/>\n<meta property=\"og:title\" content=\"LX521\u00ae \u2013 Bridge and Topbaffle Kit - LINKWITZ.store\" \/>\n<meta property=\"og:description\" content=\"LINKWITZ.store - LX521\u00ae \u2013 Bridge and Topbaffle Kit\" \/>\n<meta property=\"og:url\" content=\"https:\/\/linkwitz.store\/de\/produkt\/lx521-bridge-and-topbaffle-kit\/\" \/>\n<meta property=\"og:site_name\" content=\"LINKWITZ.store\" \/>\n<meta property=\"article:modified_time\" content=\"2021-04-03T10:46:09+00:00\" \/>\n<meta property=\"og:image\" content=\"https:\/\/linkwitz.store\/wp-content\/uploads\/2021\/02\/bt.png\" \/>\n\t<meta property=\"og:image:width\" content=\"1080\" \/>\n\t<meta property=\"og:image:height\" content=\"1080\" \/>\n\t<meta property=\"og:image:type\" content=\"image\/png\" \/>\n<meta name=\"twitter:card\" content=\"summary_large_image\" \/>\n<meta name=\"twitter:label1\" content=\"Gesch\u00e4tzte Lesezeit\" \/>\n\t<meta name=\"twitter:data1\" content=\"1\u00a0Minute\" \/>\n<script type=\"application\/ld+json\" class=\"yoast-schema-graph\">{\"@context\":\"https:\/\/schema.org\",\"@graph\":[{\"@type\":\"WebPage\",\"@id\":\"https:\/\/linkwitz.store\/de\/produkt\/lx521-bridge-and-topbaffle-kit\/\",\"url\":\"https:\/\/linkwitz.store\/de\/produkt\/lx521-bridge-and-topbaffle-kit\/\",\"name\":\"LX521\u00ae \u2013 Bridge and Topbaffle Kit - LINKWITZ.store\",\"isPartOf\":{\"@id\":\"https:\/\/linkwitz.store\/#website\"},\"primaryImageOfPage\":{\"@id\":\"https:\/\/linkwitz.store\/de\/produkt\/lx521-bridge-and-topbaffle-kit\/#primaryimage\"},\"image\":{\"@id\":\"https:\/\/linkwitz.store\/de\/produkt\/lx521-bridge-and-topbaffle-kit\/#primaryimage\"},\"thumbnailUrl\":\"https:\/\/linkwitz.store\/wp-content\/uploads\/2021\/02\/bt-1.jpg\",\"datePublished\":\"2021-01-27T08:55:19+00:00\",\"dateModified\":\"2021-04-03T10:46:09+00:00\",\"description\":\"LINKWITZ.store - LX521\u00ae \u2013 Bridge and Topbaffle Kit\",\"breadcrumb\":{\"@id\":\"https:\/\/linkwitz.store\/de\/produkt\/lx521-bridge-and-topbaffle-kit\/#breadcrumb\"},\"inLanguage\":\"de\",\"potentialAction\":[{\"@type\":\"ReadAction\",\"target\":[\"https:\/\/linkwitz.store\/de\/produkt\/lx521-bridge-and-topbaffle-kit\/\"]}]},{\"@type\":\"ImageObject\",\"inLanguage\":\"de\",\"@id\":\"https:\/\/linkwitz.store\/de\/produkt\/lx521-bridge-and-topbaffle-kit\/#primaryimage\",\"url\":\"https:\/\/linkwitz.store\/wp-content\/uploads\/2021\/02\/bt-1.jpg\",\"contentUrl\":\"https:\/\/linkwitz.store\/wp-content\/uploads\/2021\/02\/bt-1.jpg\",\"width\":1080,\"height\":1080},{\"@type\":\"BreadcrumbList\",\"@id\":\"https:\/\/linkwitz.store\/de\/produkt\/lx521-bridge-and-topbaffle-kit\/#breadcrumb\",\"itemListElement\":[{\"@type\":\"ListItem\",\"position\":1,\"name\":\"Home\",\"item\":\"https:\/\/linkwitz.store\/de\/\"},{\"@type\":\"ListItem\",\"position\":2,\"name\":\"Shop\",\"item\":\"https:\/\/linkwitz.store\/de\/shop-2\/\"},{\"@type\":\"ListItem\",\"position\":3,\"name\":\"LX521\u00ae \u2013 Bridge and Topbaffle Kit\"}]},{\"@type\":\"WebSite\",\"@id\":\"https:\/\/linkwitz.store\/#website\",\"url\":\"https:\/\/linkwitz.store\/\",\"name\":\"LINKWITZ.store\",\"description\":\"\",\"publisher\":{\"@id\":\"https:\/\/linkwitz.store\/#organization\"},\"potentialAction\":[{\"@type\":\"SearchAction\",\"target\":{\"@type\":\"EntryPoint\",\"urlTemplate\":\"https:\/\/linkwitz.store\/?s={search_term_string}\"},\"query-input\":{\"@type\":\"PropertyValueSpecification\",\"valueRequired\":true,\"valueName\":\"search_term_string\"}}],\"inLanguage\":\"de\"},{\"@type\":\"Organization\",\"@id\":\"https:\/\/linkwitz.store\/#organization\",\"name\":\"LINKWITZ.store\",\"url\":\"https:\/\/linkwitz.store\/\",\"logo\":{\"@type\":\"ImageObject\",\"inLanguage\":\"de\",\"@id\":\"https:\/\/linkwitz.store\/#\/schema\/logo\/image\/\",\"url\":\"https:\/\/linkwitz.store\/wp-content\/uploads\/2021\/02\/MLX-LINKWITZ-191023-RGB-RZ-weis-3.svg\",\"contentUrl\":\"https:\/\/linkwitz.store\/wp-content\/uploads\/2021\/02\/MLX-LINKWITZ-191023-RGB-RZ-weis-3.svg\",\"width\":156,\"height\":36,\"caption\":\"LINKWITZ.store\"},\"image\":{\"@id\":\"https:\/\/linkwitz.store\/#\/schema\/logo\/image\/\"}}]}<\/script>\n<!-- \/ Yoast SEO plugin. -->","yoast_head_json":{"title":"LX521\u00ae \u2013 Bridge and Topbaffle Kit - LINKWITZ.store","description":"LINKWITZ.store - LX521\u00ae \u2013 Bridge and Topbaffle Kit","robots":{"index":"index","follow":"follow","max-snippet":"max-snippet:-1","max-image-preview":"max-image-preview:large","max-video-preview":"max-video-preview:-1"},"canonical":"https:\/\/linkwitz.store\/de\/produkt\/lx521-bridge-and-topbaffle-kit\/","og_locale":"de_DE","og_type":"article","og_title":"LX521\u00ae \u2013 Bridge and Topbaffle Kit - LINKWITZ.store","og_description":"LINKWITZ.store - LX521\u00ae \u2013 Bridge and Topbaffle Kit","og_url":"https:\/\/linkwitz.store\/de\/produkt\/lx521-bridge-and-topbaffle-kit\/","og_site_name":"LINKWITZ.store","article_modified_time":"2021-04-03T10:46:09+00:00","og_image":[{"width":1080,"height":1080,"url":"https:\/\/linkwitz.store\/wp-content\/uploads\/2021\/02\/bt.png","type":"image\/png"}],"twitter_card":"summary_large_image","twitter_misc":{"Gesch\u00e4tzte Lesezeit":"1\u00a0Minute"},"schema":{"@context":"https:\/\/schema.org","@graph":[{"@type":"WebPage","@id":"https:\/\/linkwitz.store\/de\/produkt\/lx521-bridge-and-topbaffle-kit\/","url":"https:\/\/linkwitz.store\/de\/produkt\/lx521-bridge-and-topbaffle-kit\/","name":"LX521\u00ae \u2013 Bridge and Topbaffle Kit - LINKWITZ.store","isPartOf":{"@id":"https:\/\/linkwitz.store\/#website"},"primaryImageOfPage":{"@id":"https:\/\/linkwitz.store\/de\/produkt\/lx521-bridge-and-topbaffle-kit\/#primaryimage"},"image":{"@id":"https:\/\/linkwitz.store\/de\/produkt\/lx521-bridge-and-topbaffle-kit\/#primaryimage"},"thumbnailUrl":"https:\/\/linkwitz.store\/wp-content\/uploads\/2021\/02\/bt-1.jpg","datePublished":"2021-01-27T08:55:19+00:00","dateModified":"2021-04-03T10:46:09+00:00","description":"LINKWITZ.store - LX521\u00ae \u2013 Bridge and Topbaffle Kit","breadcrumb":{"@id":"https:\/\/linkwitz.store\/de\/produkt\/lx521-bridge-and-topbaffle-kit\/#breadcrumb"},"inLanguage":"de","potentialAction":[{"@type":"ReadAction","target":["https:\/\/linkwitz.store\/de\/produkt\/lx521-bridge-and-topbaffle-kit\/"]}]},{"@type":"ImageObject","inLanguage":"de","@id":"https:\/\/linkwitz.store\/de\/produkt\/lx521-bridge-and-topbaffle-kit\/#primaryimage","url":"https:\/\/linkwitz.store\/wp-content\/uploads\/2021\/02\/bt-1.jpg","contentUrl":"https:\/\/linkwitz.store\/wp-content\/uploads\/2021\/02\/bt-1.jpg","width":1080,"height":1080},{"@type":"BreadcrumbList","@id":"https:\/\/linkwitz.store\/de\/produkt\/lx521-bridge-and-topbaffle-kit\/#breadcrumb","itemListElement":[{"@type":"ListItem","position":1,"name":"Home","item":"https:\/\/linkwitz.store\/de\/"},{"@type":"ListItem","position":2,"name":"Shop","item":"https:\/\/linkwitz.store\/de\/shop-2\/"},{"@type":"ListItem","position":3,"name":"LX521\u00ae \u2013 Bridge and Topbaffle Kit"}]},{"@type":"WebSite","@id":"https:\/\/linkwitz.store\/#website","url":"https:\/\/linkwitz.store\/","name":"LINKWITZ.store","description":"","publisher":{"@id":"https:\/\/linkwitz.store\/#organization"},"potentialAction":[{"@type":"SearchAction","target":{"@type":"EntryPoint","urlTemplate":"https:\/\/linkwitz.store\/?s={search_term_string}"},"query-input":{"@type":"PropertyValueSpecification","valueRequired":true,"valueName":"search_term_string"}}],"inLanguage":"de"},{"@type":"Organization","@id":"https:\/\/linkwitz.store\/#organization","name":"LINKWITZ.store","url":"https:\/\/linkwitz.store\/","logo":{"@type":"ImageObject","inLanguage":"de","@id":"https:\/\/linkwitz.store\/#\/schema\/logo\/image\/","url":"https:\/\/linkwitz.store\/wp-content\/uploads\/2021\/02\/MLX-LINKWITZ-191023-RGB-RZ-weis-3.svg","contentUrl":"https:\/\/linkwitz.store\/wp-content\/uploads\/2021\/02\/MLX-LINKWITZ-191023-RGB-RZ-weis-3.svg","width":156,"height":36,"caption":"LINKWITZ.store"},"image":{"@id":"https:\/\/linkwitz.store\/#\/schema\/logo\/image\/"}}]}},"_links":{"self":[{"href":"https:\/\/linkwitz.store\/de\/wp-json\/wp\/v2\/product\/4410","targetHints":{"allow":["GET"]}}],"collection":[{"href":"https:\/\/linkwitz.store\/de\/wp-json\/wp\/v2\/product"}],"about":[{"href":"https:\/\/linkwitz.store\/de\/wp-json\/wp\/v2\/types\/product"}],"wp:featuredmedia":[{"embeddable":true,"href":"https:\/\/linkwitz.store\/de\/wp-json\/wp\/v2\/media\/4503"}],"wp:attachment":[{"href":"https:\/\/linkwitz.store\/de\/wp-json\/wp\/v2\/media?parent=4410"}],"wp:term":[{"taxonomy":"product_brand","embeddable":true,"href":"https:\/\/linkwitz.store\/de\/wp-json\/wp\/v2\/product_brand?post=4410"},{"taxonomy":"product_cat","embeddable":true,"href":"https:\/\/linkwitz.store\/de\/wp-json\/wp\/v2\/product_cat?post=4410"},{"taxonomy":"product_tag","embeddable":true,"href":"https:\/\/linkwitz.store\/de\/wp-json\/wp\/v2\/product_tag?post=4410"}],"curies":[{"name":"wp","href":"https:\/\/api.w.org\/{rel}","templated":true}]}}