{"id":4424,"date":"2021-01-27T08:51:55","date_gmt":"2021-01-27T08:51:55","guid":{"rendered":"https:\/\/magiclx.com\/product\/lx521-kit\/"},"modified":"2025-07-29T04:56:57","modified_gmt":"2025-07-29T04:56:57","slug":"lx521-kit","status":"publish","type":"product","link":"https:\/\/linkwitz.store\/de\/produkt\/lx521-kit\/","title":{"rendered":"LX521\u00ae Kit"},"content":{"rendered":"<p class=\"line-height-125 cke-line-height\"><em>Beeindruckend ist die R\u00e4umlichkeit, die diese Lautsprecher \u201efabrizieren\u201c&#8230;.Das musikalische Geschehen spielt sich im wahrsten Sinne des Wortes um die beiden Lautsprecher ringsherum ab. Die Instrumente stehen (virtuell) teils vor den Boxen, teils sogar links und rechts daneben, nat\u00fcrlich auch dazwischen und weiter hinter den Boxen\u00a0im physikalisch und psychisch vorhandenen\u00a0 Raum. <\/em><strong>(Dipl.Ing G Redlich, Hifi-Museum.org)<\/strong><\/p>\n<p class=\"line-height-75 cke-line-height\"><em>Hi Frank, &#8230;Der Klang ist einfach atemraubend.\u00a0MfG<\/em>, <strong>(James, Luxemburg,(<a href=\"https:\/\/linkwitz.store\/de\/produkt\/lx521\/\" data-link-type=\"tree\" data-type=\"linkpicker\">LX521<\/a>, Eiche)<\/strong><\/p>\n<p class=\"line-height-125 cke-line-height\"><strong>\u00a0<\/strong>Neutral, klar, offen. Die Musik scheint \u00fcberhaupt nicht in den Lautsprechern zu entstehen. LX521 gibt Ihre guten Aufnahmen -so realistisch wie nur m\u00f6glich- wieder. Entdecken Sie die Freude beim Musikh\u00f6ren (wieder).<\/p>\n<p>LX521\u00ae ist ein 4-Wege Vollbereichs-Dipol-Lautsprecher mit rundum gleichm\u00e4\u00dfigem Frequenzgang. Er ben\u00f6tigt mindestens ca 1m Abstand von gr\u00f6\u00dferen Reflektionsfl\u00e4chen\/W\u00e4nden. Sein volles Potential spielt er in R\u00e4umen \u00fcber etwa 25m\u00b2 aus.<\/p>\n<p><a href=\"https:\/\/linkwitz.store\/de\/news\/\">-mehr Kundenstimmen-<\/a><\/p>\n<p>Ausf\u00fchrung<\/p>\n<ul>\n<li>Dieser\u00a0 vergefertigte Bausatz ist pr\u00e4zisionsgefr\u00e4st. Aus bestem Multiplex Birkensperrholz oder aus anthrazitfarbenen HDF mit HDF\/MDF V-Frame Woofern.<\/li>\n<li>Topbaffles in ihrer Dicke kalibriert und zusammengabaut.<\/li>\n<li>Die Treiber k\u00f6nnen an die verdeckt gef\u00fchrten, eingelegten Kabel angeschlossen werden.<\/li>\n<li>Auch die Baffle Supports.<\/li>\n<li>Br\u00fccke und Woofer werden ohne sichtbare Schrauben , mittels D\u00fcbel zusammengesetzt.<\/li>\n<li>Die Woofer Kabel werden elegant\u00a0 in den Geh\u00e4useseiten aufgenommen und intern zur unteren SpeakON Buchse gef\u00fchrt!<\/li>\n<li>Incl. original SEAS Treiber Set (wenn gew\u00e4hlt).<\/li>\n<\/ul>\n<p>&nbsp;<\/p>\n<p>Nicht enthalten: Lacke, Klebstoffe, Elektronik und Verst\u00e4rker, Kabel zum Verst\u00e4rker,\u00a0 Werkzeug, <a href=\"https:\/\/linkwitz.store\/de\/produkt\/lx521-plans\/\">Linkwitzlab LX521 Baupl\u00e4ne\/Lizenz.<\/a><\/p>\n<p><strong>F\u00fcr LINKWITZ Baus\u00e4tze ben\u00f6tigen Sie die entsprechenden <a href=\"https:\/\/linkwitz.store\/de\/category\/lxaccessoires-de\/lxplans-de\/\">Linkwitzlab Konstruktionspl\u00e4ne\/Lizenz<\/a> . Sie k\u00f6nnen diese einfach in Ihren Warenkorb legen. Falls Sie schon eine entsprechende Lizenz besitzen, senden Sie bitte eine Kopie der Bestell-Email an <a href=\"mailto:plans@magicLX521.com\">plans@magicLX521.com<\/a><\/strong><\/p>\n","protected":false},"excerpt":{"rendered":"<p>The LX521\u00ae.4 verk\u00f6rpert das Beste aus 50 Jahren Entwicklung der Stereowiedergabe in Wohnr\u00e4umen.<\/p>\n","protected":false},"featured_media":3528,"template":"","meta":{"inline_featured_image":false},"product_brand":[],"product_cat":[144],"product_tag":[363,364],"class_list":{"0":"post-4424","1":"product","2":"type-product","3":"status-publish","4":"has-post-thumbnail","6":"product_cat-lxkits-de","7":"product_tag-linkwitz-de-2","8":"product_tag-lx521-de","10":"first","11":"onbackorder","12":"taxable","13":"shipping-taxable","14":"purchasable","15":"product-type-variable","16":"has-default-attributes"},"yoast_head":"<!-- This site is optimized with the Yoast SEO plugin v27.0 - https:\/\/yoast.com\/product\/yoast-seo-wordpress\/ -->\n<title>LX521\u00ae Kit - LINKWITZ.store<\/title>\n<meta name=\"description\" content=\"LINKWITZ.store - LX521\u00ae Kit\" \/>\n<meta name=\"robots\" content=\"index, follow, max-snippet:-1, max-image-preview:large, max-video-preview:-1\" \/>\n<link rel=\"canonical\" href=\"https:\/\/linkwitz.store\/de\/produkt\/lx521-kit\/\" \/>\n<meta property=\"og:locale\" content=\"de_DE\" \/>\n<meta property=\"og:type\" content=\"article\" \/>\n<meta property=\"og:title\" content=\"LX521\u00ae Kit - LINKWITZ.store\" \/>\n<meta property=\"og:description\" content=\"LINKWITZ.store - LX521\u00ae Kit\" \/>\n<meta property=\"og:url\" content=\"https:\/\/linkwitz.store\/de\/produkt\/lx521-kit\/\" \/>\n<meta property=\"og:site_name\" content=\"LINKWITZ.store\" \/>\n<meta property=\"article:modified_time\" content=\"2025-07-29T04:56:57+00:00\" \/>\n<meta property=\"og:image\" content=\"https:\/\/linkwitz.store\/wp-content\/uploads\/2021\/01\/LX521.4oakgrey_H1200.jpg\" \/>\n\t<meta property=\"og:image:width\" content=\"1080\" \/>\n\t<meta property=\"og:image:height\" content=\"1080\" \/>\n\t<meta property=\"og:image:type\" content=\"image\/jpeg\" \/>\n<meta name=\"twitter:card\" content=\"summary_large_image\" \/>\n<meta name=\"twitter:label1\" content=\"Gesch\u00e4tzte Lesezeit\" \/>\n\t<meta name=\"twitter:data1\" content=\"2\u00a0Minuten\" \/>\n<script type=\"application\/ld+json\" class=\"yoast-schema-graph\">{\"@context\":\"https:\/\/schema.org\",\"@graph\":[{\"@type\":\"WebPage\",\"@id\":\"https:\/\/linkwitz.store\/de\/produkt\/lx521-kit\/\",\"url\":\"https:\/\/linkwitz.store\/de\/produkt\/lx521-kit\/\",\"name\":\"LX521\u00ae Kit - LINKWITZ.store\",\"isPartOf\":{\"@id\":\"https:\/\/linkwitz.store\/#website\"},\"primaryImageOfPage\":{\"@id\":\"https:\/\/linkwitz.store\/de\/produkt\/lx521-kit\/#primaryimage\"},\"image\":{\"@id\":\"https:\/\/linkwitz.store\/de\/produkt\/lx521-kit\/#primaryimage\"},\"thumbnailUrl\":\"https:\/\/linkwitz.store\/wp-content\/uploads\/2021\/01\/LX521.4oakgrey_H1200.jpg\",\"datePublished\":\"2021-01-27T08:51:55+00:00\",\"dateModified\":\"2025-07-29T04:56:57+00:00\",\"description\":\"LINKWITZ.store - LX521\u00ae Kit\",\"breadcrumb\":{\"@id\":\"https:\/\/linkwitz.store\/de\/produkt\/lx521-kit\/#breadcrumb\"},\"inLanguage\":\"de\",\"potentialAction\":[{\"@type\":\"ReadAction\",\"target\":[\"https:\/\/linkwitz.store\/de\/produkt\/lx521-kit\/\"]}]},{\"@type\":\"ImageObject\",\"inLanguage\":\"de\",\"@id\":\"https:\/\/linkwitz.store\/de\/produkt\/lx521-kit\/#primaryimage\",\"url\":\"https:\/\/linkwitz.store\/wp-content\/uploads\/2021\/01\/LX521.4oakgrey_H1200.jpg\",\"contentUrl\":\"https:\/\/linkwitz.store\/wp-content\/uploads\/2021\/01\/LX521.4oakgrey_H1200.jpg\",\"width\":1080,\"height\":1080},{\"@type\":\"BreadcrumbList\",\"@id\":\"https:\/\/linkwitz.store\/de\/produkt\/lx521-kit\/#breadcrumb\",\"itemListElement\":[{\"@type\":\"ListItem\",\"position\":1,\"name\":\"Home\",\"item\":\"https:\/\/linkwitz.store\/de\/\"},{\"@type\":\"ListItem\",\"position\":2,\"name\":\"Shop\",\"item\":\"https:\/\/linkwitz.store\/de\/shop-2\/\"},{\"@type\":\"ListItem\",\"position\":3,\"name\":\"LX521\u00ae Kit\"}]},{\"@type\":\"WebSite\",\"@id\":\"https:\/\/linkwitz.store\/#website\",\"url\":\"https:\/\/linkwitz.store\/\",\"name\":\"LINKWITZ.store\",\"description\":\"\",\"publisher\":{\"@id\":\"https:\/\/linkwitz.store\/#organization\"},\"potentialAction\":[{\"@type\":\"SearchAction\",\"target\":{\"@type\":\"EntryPoint\",\"urlTemplate\":\"https:\/\/linkwitz.store\/?s={search_term_string}\"},\"query-input\":{\"@type\":\"PropertyValueSpecification\",\"valueRequired\":true,\"valueName\":\"search_term_string\"}}],\"inLanguage\":\"de\"},{\"@type\":\"Organization\",\"@id\":\"https:\/\/linkwitz.store\/#organization\",\"name\":\"LINKWITZ.store\",\"url\":\"https:\/\/linkwitz.store\/\",\"logo\":{\"@type\":\"ImageObject\",\"inLanguage\":\"de\",\"@id\":\"https:\/\/linkwitz.store\/#\/schema\/logo\/image\/\",\"url\":\"https:\/\/linkwitz.store\/wp-content\/uploads\/2021\/02\/MLX-LINKWITZ-191023-RGB-RZ-weis-3.svg\",\"contentUrl\":\"https:\/\/linkwitz.store\/wp-content\/uploads\/2021\/02\/MLX-LINKWITZ-191023-RGB-RZ-weis-3.svg\",\"width\":156,\"height\":36,\"caption\":\"LINKWITZ.store\"},\"image\":{\"@id\":\"https:\/\/linkwitz.store\/#\/schema\/logo\/image\/\"}}]}<\/script>\n<!-- \/ Yoast SEO plugin. -->","yoast_head_json":{"title":"LX521\u00ae Kit - LINKWITZ.store","description":"LINKWITZ.store - LX521\u00ae Kit","robots":{"index":"index","follow":"follow","max-snippet":"max-snippet:-1","max-image-preview":"max-image-preview:large","max-video-preview":"max-video-preview:-1"},"canonical":"https:\/\/linkwitz.store\/de\/produkt\/lx521-kit\/","og_locale":"de_DE","og_type":"article","og_title":"LX521\u00ae Kit - LINKWITZ.store","og_description":"LINKWITZ.store - LX521\u00ae Kit","og_url":"https:\/\/linkwitz.store\/de\/produkt\/lx521-kit\/","og_site_name":"LINKWITZ.store","article_modified_time":"2025-07-29T04:56:57+00:00","og_image":[{"width":1080,"height":1080,"url":"https:\/\/linkwitz.store\/wp-content\/uploads\/2021\/01\/LX521.4oakgrey_H1200.jpg","type":"image\/jpeg"}],"twitter_card":"summary_large_image","twitter_misc":{"Gesch\u00e4tzte Lesezeit":"2\u00a0Minuten"},"schema":{"@context":"https:\/\/schema.org","@graph":[{"@type":"WebPage","@id":"https:\/\/linkwitz.store\/de\/produkt\/lx521-kit\/","url":"https:\/\/linkwitz.store\/de\/produkt\/lx521-kit\/","name":"LX521\u00ae Kit - LINKWITZ.store","isPartOf":{"@id":"https:\/\/linkwitz.store\/#website"},"primaryImageOfPage":{"@id":"https:\/\/linkwitz.store\/de\/produkt\/lx521-kit\/#primaryimage"},"image":{"@id":"https:\/\/linkwitz.store\/de\/produkt\/lx521-kit\/#primaryimage"},"thumbnailUrl":"https:\/\/linkwitz.store\/wp-content\/uploads\/2021\/01\/LX521.4oakgrey_H1200.jpg","datePublished":"2021-01-27T08:51:55+00:00","dateModified":"2025-07-29T04:56:57+00:00","description":"LINKWITZ.store - LX521\u00ae Kit","breadcrumb":{"@id":"https:\/\/linkwitz.store\/de\/produkt\/lx521-kit\/#breadcrumb"},"inLanguage":"de","potentialAction":[{"@type":"ReadAction","target":["https:\/\/linkwitz.store\/de\/produkt\/lx521-kit\/"]}]},{"@type":"ImageObject","inLanguage":"de","@id":"https:\/\/linkwitz.store\/de\/produkt\/lx521-kit\/#primaryimage","url":"https:\/\/linkwitz.store\/wp-content\/uploads\/2021\/01\/LX521.4oakgrey_H1200.jpg","contentUrl":"https:\/\/linkwitz.store\/wp-content\/uploads\/2021\/01\/LX521.4oakgrey_H1200.jpg","width":1080,"height":1080},{"@type":"BreadcrumbList","@id":"https:\/\/linkwitz.store\/de\/produkt\/lx521-kit\/#breadcrumb","itemListElement":[{"@type":"ListItem","position":1,"name":"Home","item":"https:\/\/linkwitz.store\/de\/"},{"@type":"ListItem","position":2,"name":"Shop","item":"https:\/\/linkwitz.store\/de\/shop-2\/"},{"@type":"ListItem","position":3,"name":"LX521\u00ae Kit"}]},{"@type":"WebSite","@id":"https:\/\/linkwitz.store\/#website","url":"https:\/\/linkwitz.store\/","name":"LINKWITZ.store","description":"","publisher":{"@id":"https:\/\/linkwitz.store\/#organization"},"potentialAction":[{"@type":"SearchAction","target":{"@type":"EntryPoint","urlTemplate":"https:\/\/linkwitz.store\/?s={search_term_string}"},"query-input":{"@type":"PropertyValueSpecification","valueRequired":true,"valueName":"search_term_string"}}],"inLanguage":"de"},{"@type":"Organization","@id":"https:\/\/linkwitz.store\/#organization","name":"LINKWITZ.store","url":"https:\/\/linkwitz.store\/","logo":{"@type":"ImageObject","inLanguage":"de","@id":"https:\/\/linkwitz.store\/#\/schema\/logo\/image\/","url":"https:\/\/linkwitz.store\/wp-content\/uploads\/2021\/02\/MLX-LINKWITZ-191023-RGB-RZ-weis-3.svg","contentUrl":"https:\/\/linkwitz.store\/wp-content\/uploads\/2021\/02\/MLX-LINKWITZ-191023-RGB-RZ-weis-3.svg","width":156,"height":36,"caption":"LINKWITZ.store"},"image":{"@id":"https:\/\/linkwitz.store\/#\/schema\/logo\/image\/"}}]}},"_links":{"self":[{"href":"https:\/\/linkwitz.store\/de\/wp-json\/wp\/v2\/product\/4424","targetHints":{"allow":["GET"]}}],"collection":[{"href":"https:\/\/linkwitz.store\/de\/wp-json\/wp\/v2\/product"}],"about":[{"href":"https:\/\/linkwitz.store\/de\/wp-json\/wp\/v2\/types\/product"}],"wp:featuredmedia":[{"embeddable":true,"href":"https:\/\/linkwitz.store\/de\/wp-json\/wp\/v2\/media\/3528"}],"wp:attachment":[{"href":"https:\/\/linkwitz.store\/de\/wp-json\/wp\/v2\/media?parent=4424"}],"wp:term":[{"taxonomy":"product_brand","embeddable":true,"href":"https:\/\/linkwitz.store\/de\/wp-json\/wp\/v2\/product_brand?post=4424"},{"taxonomy":"product_cat","embeddable":true,"href":"https:\/\/linkwitz.store\/de\/wp-json\/wp\/v2\/product_cat?post=4424"},{"taxonomy":"product_tag","embeddable":true,"href":"https:\/\/linkwitz.store\/de\/wp-json\/wp\/v2\/product_tag?post=4424"}],"curies":[{"name":"wp","href":"https:\/\/api.w.org\/{rel}","templated":true}]}}