{"id":4539,"date":"2021-03-19T15:39:19","date_gmt":"2021-03-19T15:39:19","guid":{"rendered":"https:\/\/magiclx.com\/product\/lxsirius2\/"},"modified":"2021-09-05T06:47:51","modified_gmt":"2021-09-05T06:47:51","slug":"lxsirius2","status":"publish","type":"product","link":"https:\/\/linkwitz.store\/de\/produkt\/lxsirius2\/","title":{"rendered":"LXsirius+2"},"content":{"rendered":"<p>LXsirius+2 deckt den Freququenzbereich von 20 Hz bis 20 kHz mit ausserordentlicher Klarheit und Dynamik ab. Mit einer Linkwitz-Riley-Weiche bei tiefen 60 Hz, k\u00f6nnen die Woofer an Seitenw\u00e4nden aufgestellt werden, w\u00e4hrend die LXminis als Nahfeldmonitore arbeiten. Laufzeitunterschiede k\u00f6nnen im DSP ausgeglichen werden. Raummoden werden durch die Dipolwoofer deutlicher weniger angeregt. Der Bass bleibt pr\u00e4zise und trocken.<\/p>\n<p>LXsirius+2 spielt bez\u00fcglich Frequenzbereich, Klarheit, Phantomb\u00fchne und akustischem &#8222;Verschwinden&#8220; auf Augenh\u00f6he mit <a href=\"https:\/\/linkwitz.store\/de\/produkt\/lx521\">LX521<\/a>, jedoch bei geringerer Gesamzlautst\u00e4rke, speziell im Bassbereich. LXsirius+2 erlaubt viele Aufstellungsvarianten f\u00fcr Hauptlautsprecher und Woofer. Freuen Sie sich auf eine \u00fcberzeugende Wiedergabe von Stereo Live-Aufnahmen!\u00a0 <a href=\"http:\/\/www.linkwitzlab.com\/LXmini\/BAF2016.htm\" data-link-type=\"undefined\" data-type=\"linkpicker\">LXmini+2 at Burning Amp 2016<\/a><\/p>\n<p>LXsirius+2 zeigt im Vergleich zu LXstudio dasselbe Bassspektrum, d\u00e4mpft aber unter 20Hz steiler ab, um unerw\u00fcnschte Artefakte auszublenden. Durch die kompakte, offene Bauweise und wegen der zwei statt vier 26cm-Treiber, bleibt der akustische Effekt ca 10dB unter dem des <a href=\"https:\/\/linkwitz.store\/de\/produkt\/lxsub4\/\">LX4sub<\/a> vom <a href=\"https:\/\/linkwitz.store\/de\/produkt\/lxstudio\/\">LXstudio<\/a>. D.h. der LX2sub ben\u00f6tigt bei gleicher Lautst\u00e4rke etwa die dreifache Membranauslenkung wie LXsub4. Deshalb sollte unbekanntes Musikmaterial zun\u00e4chst bei geringer Lautst\u00e4rke geh\u00f6rt werden, um m\u00f6gliche Maximalauslenkungen zu erkennen. Befolgt man diese Vorsichtsmassnahme, steht einem H\u00f6ren bei genussvoller Lautst\u00e4rke nichts mehr im Wege.<\/p>\n<p>Die besten ausgesuchten Zutaten diese klangbestimmenden Aufgaben finden sich in einer einzigen PowerBox 6pro NCore precision analog <a href=\"https:\/\/linkwitz.store\/de\/produkt\/powerbox-6pro-ncore\/\"><img loading=\"lazy\" decoding=\"async\" class=\"aligncenter wp-image-5338 size-medium\" src=\"https:\/\/linkwitz.store\/wp-content\/uploads\/2021\/01\/Linkwitz-frontal-300x63.jpg\" alt=\"\" width=\"300\" height=\"63\" \/><\/a>Alles zwischen Musikquelle und LXsirius+2 findet in einem flachen massiv-Aluminiumgeh\u00e4use Platz: HighEnd Aktivweiche (voll analog), gefolgt von sechs ma\u00dfgeschneiderten Kan\u00e4len NCore\u00ae Verst\u00e4rkung. <em>Sechs Kan\u00e4le bedeuten, dass die PowerBox 6pro NCore auch f\u00fcr die Versorgung zus\u00e4tzlicher Subwoofer (<a href=\"https:\/\/linkwitz.store\/product\/lxsub2\/\">LXsub2<\/a> oder <a href=\"https:\/\/linkwitz.store\/product\/lxsub4\/\">LXsub4<\/a>) vorbereitet ist.<\/em> F\u00fcr den Anschlu\u00df eines LXsirius+2-Stereopaares an eine <a href=\"https:\/\/linkwitz.store\/de\/produkt\/powerbox-6pro-ncore\/\">PowerBox 6pro NCore<\/a> gen\u00fcgen ein <a href=\"https:\/\/linkwitz.store\/de\/produkt\/powerbox-lxmini-lxsirius-y-cable\/\">Multicore-Y-Kabel <\/a>und ein weiteres <a href=\"https:\/\/linkwitz.store\/de\/produkt\/powerbox-lxsub-y-cable\/\">Multicore-Y-SUB-Kabel<\/a> f\u00fcr LXsub2.<\/p>\n<p>LXsirius+2, <a href=\"https:\/\/linkwitz.store\/de\/produkt\/powerbox-analog\/\">PowerBox 6pro NCore precision analog<\/a>, SpeakOn\u00ae Multicore-Kabel sind im Set erh\u00e4ltlich. (siehe Auswahlmen\u00fc am Seitenanfang). Zur Zeit nur im Set erh\u00e4ltlich.<\/p>\n<p><strong>Marcin aus Polen<\/strong><\/p>\n<p><em>Frank,<\/em><br \/>\n<em>The sound is just amazing. I am delighted. With LXSub2 these are so different speakers. And it is not that there is more bass. Bass is just more swift but everything else is better, other frequencies, details, space, air.\u00a0<\/em><br \/>\n<em>You propably know this yourself&#8230;<\/em><br \/>\n<em>I play the sound from Roon, through HQ Player and then to AFI USB. Both: the HQ Player and AFI USB make the difference.\u00a0<\/em><br \/>\n<em>Thanks again for all the effort.<\/em><br \/>\n<em>I wish you all the best &#8230;&#8230;<\/em><\/p>\n<div>and<\/div>\n<div><\/div>\n<div><em>&#8222;&#8230;Thank you very much for your experienced tips and advices. Dipolar bass is addictive now! Wow! It has some inusual character that I had never experienced in my life and makes a delight to follow the phrasing in bassists for example. LXSub2 is a marvel from my point of view and a allows a very well thought way to mechanically dampen room modes without additional digital processing. Its sound resembles me the &#8222;real thing&#8220; a lot (I was double bass player when younger)&#8230;&#8220;<\/em><\/div>\n","protected":false},"excerpt":{"rendered":"<p>LXsub2 woofer mit LXsirius ergeben LXsirius+2<\/p>\n","protected":false},"featured_media":3453,"template":"","meta":{"inline_featured_image":false},"product_brand":[],"product_cat":[88],"product_tag":[],"class_list":{"0":"post-4539","1":"product","2":"type-product","3":"status-publish","4":"has-post-thumbnail","6":"product_cat-lxspeakers-de","8":"first","9":"onbackorder","10":"taxable","11":"shipping-taxable","12":"purchasable","13":"product-type-variable","14":"has-default-attributes"},"yoast_head":"<!-- This site is optimized with the Yoast SEO plugin v27.0 - https:\/\/yoast.com\/product\/yoast-seo-wordpress\/ -->\n<title>LXsirius+2 - LINKWITZ.store<\/title>\n<meta name=\"description\" content=\"LINKWITZ.store - LXsirius+2\" \/>\n<meta name=\"robots\" content=\"index, follow, max-snippet:-1, max-image-preview:large, max-video-preview:-1\" \/>\n<link rel=\"canonical\" href=\"https:\/\/linkwitz.store\/de\/produkt\/lxsirius2\/\" \/>\n<meta property=\"og:locale\" content=\"de_DE\" \/>\n<meta property=\"og:type\" content=\"article\" \/>\n<meta property=\"og:title\" content=\"LXsirius+2 - LINKWITZ.store\" \/>\n<meta property=\"og:description\" content=\"LINKWITZ.store - LXsirius+2\" \/>\n<meta property=\"og:url\" content=\"https:\/\/linkwitz.store\/de\/produkt\/lxsirius2\/\" \/>\n<meta property=\"og:site_name\" content=\"LINKWITZ.store\" \/>\n<meta property=\"article:modified_time\" content=\"2021-09-05T06:47:51+00:00\" \/>\n<meta property=\"og:image\" content=\"https:\/\/linkwitz.store\/wp-content\/uploads\/2021\/01\/LXsirius-006-1.jpg\" \/>\n\t<meta property=\"og:image:width\" content=\"1080\" \/>\n\t<meta property=\"og:image:height\" content=\"1080\" \/>\n\t<meta property=\"og:image:type\" content=\"image\/jpeg\" \/>\n<meta name=\"twitter:card\" content=\"summary_large_image\" \/>\n<meta name=\"twitter:label1\" content=\"Gesch\u00e4tzte Lesezeit\" \/>\n\t<meta name=\"twitter:data1\" content=\"3\u00a0Minuten\" \/>\n<script type=\"application\/ld+json\" class=\"yoast-schema-graph\">{\"@context\":\"https:\/\/schema.org\",\"@graph\":[{\"@type\":\"WebPage\",\"@id\":\"https:\/\/linkwitz.store\/de\/produkt\/lxsirius2\/\",\"url\":\"https:\/\/linkwitz.store\/de\/produkt\/lxsirius2\/\",\"name\":\"LXsirius+2 - LINKWITZ.store\",\"isPartOf\":{\"@id\":\"https:\/\/linkwitz.store\/#website\"},\"primaryImageOfPage\":{\"@id\":\"https:\/\/linkwitz.store\/de\/produkt\/lxsirius2\/#primaryimage\"},\"image\":{\"@id\":\"https:\/\/linkwitz.store\/de\/produkt\/lxsirius2\/#primaryimage\"},\"thumbnailUrl\":\"https:\/\/linkwitz.store\/wp-content\/uploads\/2021\/01\/LXsirius-006-1.jpg\",\"datePublished\":\"2021-03-19T15:39:19+00:00\",\"dateModified\":\"2021-09-05T06:47:51+00:00\",\"description\":\"LINKWITZ.store - LXsirius+2\",\"breadcrumb\":{\"@id\":\"https:\/\/linkwitz.store\/de\/produkt\/lxsirius2\/#breadcrumb\"},\"inLanguage\":\"de\",\"potentialAction\":[{\"@type\":\"ReadAction\",\"target\":[\"https:\/\/linkwitz.store\/de\/produkt\/lxsirius2\/\"]}]},{\"@type\":\"ImageObject\",\"inLanguage\":\"de\",\"@id\":\"https:\/\/linkwitz.store\/de\/produkt\/lxsirius2\/#primaryimage\",\"url\":\"https:\/\/linkwitz.store\/wp-content\/uploads\/2021\/01\/LXsirius-006-1.jpg\",\"contentUrl\":\"https:\/\/linkwitz.store\/wp-content\/uploads\/2021\/01\/LXsirius-006-1.jpg\",\"width\":1080,\"height\":1080},{\"@type\":\"BreadcrumbList\",\"@id\":\"https:\/\/linkwitz.store\/de\/produkt\/lxsirius2\/#breadcrumb\",\"itemListElement\":[{\"@type\":\"ListItem\",\"position\":1,\"name\":\"Home\",\"item\":\"https:\/\/linkwitz.store\/de\/\"},{\"@type\":\"ListItem\",\"position\":2,\"name\":\"Shop\",\"item\":\"https:\/\/linkwitz.store\/de\/shop-2\/\"},{\"@type\":\"ListItem\",\"position\":3,\"name\":\"LXsirius+2\"}]},{\"@type\":\"WebSite\",\"@id\":\"https:\/\/linkwitz.store\/#website\",\"url\":\"https:\/\/linkwitz.store\/\",\"name\":\"LINKWITZ.store\",\"description\":\"\",\"publisher\":{\"@id\":\"https:\/\/linkwitz.store\/#organization\"},\"potentialAction\":[{\"@type\":\"SearchAction\",\"target\":{\"@type\":\"EntryPoint\",\"urlTemplate\":\"https:\/\/linkwitz.store\/?s={search_term_string}\"},\"query-input\":{\"@type\":\"PropertyValueSpecification\",\"valueRequired\":true,\"valueName\":\"search_term_string\"}}],\"inLanguage\":\"de\"},{\"@type\":\"Organization\",\"@id\":\"https:\/\/linkwitz.store\/#organization\",\"name\":\"LINKWITZ.store\",\"url\":\"https:\/\/linkwitz.store\/\",\"logo\":{\"@type\":\"ImageObject\",\"inLanguage\":\"de\",\"@id\":\"https:\/\/linkwitz.store\/#\/schema\/logo\/image\/\",\"url\":\"https:\/\/linkwitz.store\/wp-content\/uploads\/2021\/02\/MLX-LINKWITZ-191023-RGB-RZ-weis-3.svg\",\"contentUrl\":\"https:\/\/linkwitz.store\/wp-content\/uploads\/2021\/02\/MLX-LINKWITZ-191023-RGB-RZ-weis-3.svg\",\"width\":156,\"height\":36,\"caption\":\"LINKWITZ.store\"},\"image\":{\"@id\":\"https:\/\/linkwitz.store\/#\/schema\/logo\/image\/\"}}]}<\/script>\n<!-- \/ Yoast SEO plugin. -->","yoast_head_json":{"title":"LXsirius+2 - LINKWITZ.store","description":"LINKWITZ.store - LXsirius+2","robots":{"index":"index","follow":"follow","max-snippet":"max-snippet:-1","max-image-preview":"max-image-preview:large","max-video-preview":"max-video-preview:-1"},"canonical":"https:\/\/linkwitz.store\/de\/produkt\/lxsirius2\/","og_locale":"de_DE","og_type":"article","og_title":"LXsirius+2 - LINKWITZ.store","og_description":"LINKWITZ.store - LXsirius+2","og_url":"https:\/\/linkwitz.store\/de\/produkt\/lxsirius2\/","og_site_name":"LINKWITZ.store","article_modified_time":"2021-09-05T06:47:51+00:00","og_image":[{"width":1080,"height":1080,"url":"https:\/\/linkwitz.store\/wp-content\/uploads\/2021\/01\/LXsirius-006-1.jpg","type":"image\/jpeg"}],"twitter_card":"summary_large_image","twitter_misc":{"Gesch\u00e4tzte Lesezeit":"3\u00a0Minuten"},"schema":{"@context":"https:\/\/schema.org","@graph":[{"@type":"WebPage","@id":"https:\/\/linkwitz.store\/de\/produkt\/lxsirius2\/","url":"https:\/\/linkwitz.store\/de\/produkt\/lxsirius2\/","name":"LXsirius+2 - LINKWITZ.store","isPartOf":{"@id":"https:\/\/linkwitz.store\/#website"},"primaryImageOfPage":{"@id":"https:\/\/linkwitz.store\/de\/produkt\/lxsirius2\/#primaryimage"},"image":{"@id":"https:\/\/linkwitz.store\/de\/produkt\/lxsirius2\/#primaryimage"},"thumbnailUrl":"https:\/\/linkwitz.store\/wp-content\/uploads\/2021\/01\/LXsirius-006-1.jpg","datePublished":"2021-03-19T15:39:19+00:00","dateModified":"2021-09-05T06:47:51+00:00","description":"LINKWITZ.store - LXsirius+2","breadcrumb":{"@id":"https:\/\/linkwitz.store\/de\/produkt\/lxsirius2\/#breadcrumb"},"inLanguage":"de","potentialAction":[{"@type":"ReadAction","target":["https:\/\/linkwitz.store\/de\/produkt\/lxsirius2\/"]}]},{"@type":"ImageObject","inLanguage":"de","@id":"https:\/\/linkwitz.store\/de\/produkt\/lxsirius2\/#primaryimage","url":"https:\/\/linkwitz.store\/wp-content\/uploads\/2021\/01\/LXsirius-006-1.jpg","contentUrl":"https:\/\/linkwitz.store\/wp-content\/uploads\/2021\/01\/LXsirius-006-1.jpg","width":1080,"height":1080},{"@type":"BreadcrumbList","@id":"https:\/\/linkwitz.store\/de\/produkt\/lxsirius2\/#breadcrumb","itemListElement":[{"@type":"ListItem","position":1,"name":"Home","item":"https:\/\/linkwitz.store\/de\/"},{"@type":"ListItem","position":2,"name":"Shop","item":"https:\/\/linkwitz.store\/de\/shop-2\/"},{"@type":"ListItem","position":3,"name":"LXsirius+2"}]},{"@type":"WebSite","@id":"https:\/\/linkwitz.store\/#website","url":"https:\/\/linkwitz.store\/","name":"LINKWITZ.store","description":"","publisher":{"@id":"https:\/\/linkwitz.store\/#organization"},"potentialAction":[{"@type":"SearchAction","target":{"@type":"EntryPoint","urlTemplate":"https:\/\/linkwitz.store\/?s={search_term_string}"},"query-input":{"@type":"PropertyValueSpecification","valueRequired":true,"valueName":"search_term_string"}}],"inLanguage":"de"},{"@type":"Organization","@id":"https:\/\/linkwitz.store\/#organization","name":"LINKWITZ.store","url":"https:\/\/linkwitz.store\/","logo":{"@type":"ImageObject","inLanguage":"de","@id":"https:\/\/linkwitz.store\/#\/schema\/logo\/image\/","url":"https:\/\/linkwitz.store\/wp-content\/uploads\/2021\/02\/MLX-LINKWITZ-191023-RGB-RZ-weis-3.svg","contentUrl":"https:\/\/linkwitz.store\/wp-content\/uploads\/2021\/02\/MLX-LINKWITZ-191023-RGB-RZ-weis-3.svg","width":156,"height":36,"caption":"LINKWITZ.store"},"image":{"@id":"https:\/\/linkwitz.store\/#\/schema\/logo\/image\/"}}]}},"_links":{"self":[{"href":"https:\/\/linkwitz.store\/de\/wp-json\/wp\/v2\/product\/4539","targetHints":{"allow":["GET"]}}],"collection":[{"href":"https:\/\/linkwitz.store\/de\/wp-json\/wp\/v2\/product"}],"about":[{"href":"https:\/\/linkwitz.store\/de\/wp-json\/wp\/v2\/types\/product"}],"wp:featuredmedia":[{"embeddable":true,"href":"https:\/\/linkwitz.store\/de\/wp-json\/wp\/v2\/media\/3453"}],"wp:attachment":[{"href":"https:\/\/linkwitz.store\/de\/wp-json\/wp\/v2\/media?parent=4539"}],"wp:term":[{"taxonomy":"product_brand","embeddable":true,"href":"https:\/\/linkwitz.store\/de\/wp-json\/wp\/v2\/product_brand?post=4539"},{"taxonomy":"product_cat","embeddable":true,"href":"https:\/\/linkwitz.store\/de\/wp-json\/wp\/v2\/product_cat?post=4539"},{"taxonomy":"product_tag","embeddable":true,"href":"https:\/\/linkwitz.store\/de\/wp-json\/wp\/v2\/product_tag?post=4539"}],"curies":[{"name":"wp","href":"https:\/\/api.w.org\/{rel}","templated":true}]}}