{"id":4662,"date":"2021-01-24T17:49:29","date_gmt":"2021-01-24T17:49:29","guid":{"rendered":"https:\/\/magiclx.com\/product\/lx521\/"},"modified":"2023-06-03T09:29:08","modified_gmt":"2023-06-03T09:29:08","slug":"lx521","status":"publish","type":"product","link":"https:\/\/linkwitz.store\/de\/produkt\/lx521\/","title":{"rendered":"LX521-Die Referenz"},"content":{"rendered":"<p class=\"line-height-125 cke-line-height\"><em>Beeindruckend ist die R\u00e4umlichkeit, die diese Lautsprecher \u201efabrizieren\u201c&#8230;.Das musikalische Geschehen spielt sich im wahrsten Sinne des Wortes um die beiden Lautsprecher ringsherum ab. Die Instrumente stehen (virtuell) teils vor den Boxen, teils sogar links und rechts daneben, nat\u00fcrlich auch dazwischen und weiter hinter den Boxen\u00a0im physikalisch und psychisch vorhandenen\u00a0 Raum. <\/em><strong>(Dipl.Ing G Redlich, Hifi-Museum.org)<\/strong><\/p>\n<p class=\"line-height-75 cke-line-height\"><em>Hi Frank, &#8230;Der Klang ist einfach atemraubend.\u00a0MfG<\/em>, <strong>(James, Luxemburg,(<a href=\"https:\/\/linkwitz.store\/de\/produkt\/lx521\/\" data-link-type=\"tree\" data-type=\"linkpicker\">LX521<\/a>, Eiche)<\/strong><\/p>\n<p class=\"line-height-125 cke-line-height\"><strong>\u00a0<\/strong>Neutral, klar, offen. Die Musik scheint \u00fcberhaupt nicht in den Lautsprechern zu entstehen. LX521 gibt Ihre guten Aufnahmen -so realistisch wie nur m\u00f6glich- wieder. Entdecken Sie die Freude beim Musikh\u00f6ren (wieder).<\/p>\n<p>LX521\u00ae ist ein 4-Wege Vollbereichs-Dipol-Lautsprecher mit rundum gleichm\u00e4\u00dfigem Frequenzgang. Er ben\u00f6tigt mindestens ca 1m Abstand von gr\u00f6\u00dferen Reflektionsfl\u00e4chen\/W\u00e4nden. Sein volles Potential spielt er in R\u00e4umen \u00fcber etwa 25m\u00b2 aus.<\/p>\n<p style=\"text-align: center;\"><a href=\"https:\/\/linkwitz.store\/de\/news\">-mehr Kundenstimmen-<\/a><\/p>\n<p>&nbsp;<\/p>\n<p><strong>Ausf\u00fchrung<\/strong><\/p>\n<ul>\n<li><strong>Wir empfehlen die Installation eines Komplettsystems. Im Men\u00fc &#8222;PowerBox Set&#8220;, die Auswahl &#8222;2x <a href=\"https:\/\/linkwitz.store\/product\/powerbox-6pro-ncore-precision-analog-lx521\/\">PowerBoxes<\/a> mit 2x <\/strong><a href=\"https:\/\/linkwitz.store\/product\/lx521-cable-from-powerbox-6pro-ncore\/\"><strong>0.7m SpeakOn Kabel.<\/strong> <\/a>Sie schlie\u00dfen einfach ihre analoge Musikquelle (mit Lautst\u00e4rkewahl) an den symmetrischen XLR Eingang der PowerBoxes an, fertig! Die analoge Musikquelle ist z.B. ein DAC, ein CD-Spieler, ein Plattenspieler, ein Vorverst\u00e4rker, eine Bandmaschine, etc.<\/li>\n<li>Wollen Sie selbst einen 10-Kanal-Verst\u00e4rker bereitstellen (gleicher Verst\u00e4rkungsfaktor f\u00fcr alle Kan\u00e4le erforderlich), so w\u00e4hlen Sie &#8222;no&#8220; im Men\u00fc &#8222;PowerBox Set&#8220; und nehmen das <a href=\"https:\/\/linkwitz.store\/product\/precision-asp-lx521-4\/\">precisionASP<\/a> stattdessen. Diese Analogweiche wird zwischen Ihrer Analogquelle (mit Lautst\u00e4rkewahl) und Ihrem 10-Kanal-Verst\u00e4rker platziert. Sie ben\u00f6tigen des Weiteren 6 symmetrische Signalkabel,<a href=\"https:\/\/linkwitz.store\/de\/produkt\/y-cable-xlr\/\"> 2 symmetrische Y-Kabel (XLR)<\/a>\u00a0 und 10 Paar Lautsprecherkabel.<\/li>\n<li>V-Motor Bassgeh\u00e4use <a href=\"https:\/\/linkwitz.store\/de\/produkt\/lxsub4\/\">LXsub4<\/a> in mattem Dunkel-Anthrazith<\/li>\n<li>Br\u00fccke und Topteil in Mehrschichtholz oder HDF mit ansprechender Deckschicht (zB Amerikanisches Walnu\u00dfholz oder Eiche gegraut).\u00a0 Gerne fertigen wir in individuellen Holzarten f\u00fcr Sie. <a href=\"mailto:info@linkwitz.store\">Sprechen Sie mit uns.<\/a><\/li>\n<li>Panzerholz, Panzerholz&amp;Walnu\u00dfoberfl\u00e4che, Alu-Panzerholz-Alu Oberteile. <a href=\"mailto:info@linkwitz.store\">Sprechen Sie mit uns.<\/a><\/li>\n<li>Verbindungen werden \u00fcberwiegend als elegante 45\u00b0 Gehrungsverbindungen ausgef\u00fchrt.<\/li>\n<li>Verdeckte Kabelf\u00fchrung zu den 12 SEAS Lautsprecherchassis.<\/li>\n<li>Alle LX521.4 Fertiglautsprecher sind mit den neuen LINKWITZ22MG Treibern ausgestattet.<\/li>\n<\/ul>\n<p><strong>Setup<\/strong><\/p>\n<p>LX521\u00ae funktioniert mit mehreren Verst\u00e4rkerkan\u00e4len pro Seite.<br \/>\nAus gutem Grund. Die Aktivweichen verarbeiten die Signale zu einem Ergebnis, das mit Passivweichen schlicht unerreichbar ist.<\/p>\n<p>Die besten Zutaten haben wir f\u00fcr Sie in einem schlanken massiv-Aluminiumgeh\u00e4use zusammengefasst. Alles zwischen (CD-)player und LX521 findet darin Platz : <a href=\"https:\/\/linkwitz.store\/product\/powerbox-analog\/\">PowerBox 6pro NCore.<\/a>\u00a0 <a href=\"https:\/\/linkwitz.store\/product\/lx521-cable-from-powerbox-6pro-ncore\/\">SpeakOn Multicore Kabel<\/a> mit 1-click SpeakOn Steckern sorgen f\u00fcr eine zuverl\u00e4ssige und professionelle Verbindung zwischen <a href=\"https:\/\/linkwitz.store\/product\/powerbox-analog\/\">PowerBox 6pro NCore<\/a> und LX521\u00ae.<\/p>\n<p><em>Falls Sie eigene 10 Verst\u00e4rker Kan\u00e4le einsetzen wollen, k\u00f6nnen Sie zu den LX521 Lautsprechern das <a href=\"https:\/\/linkwitz.store\/product\/precision-asp-lx521-4\/\">precision ASP nutzen.<\/a><\/em><br \/>\n<em>6<a href=\"https:\/\/linkwitz.store\/product\/mogami-gold-xlr-xlr-balanced-cable-5m\/\"> balanced interconnects<\/a> und 2 <a href=\"https:\/\/linkwitz.store\/product\/y-cable-xlr\/\">balanced Y-cables<\/a> (2 ASP sub Ausg\u00e4nge in 4 sub Verst\u00e4rkerkan\u00e4le) leiten das aufbereitete Analogsignal vom ASP zu Ihren 10 Verst\u00e4rkerkan\u00e4len. Alle Verst\u00e4rkerkan\u00e4le m\u00fcssen dieselbe Spannungsverst\u00e4rkung aufweisen z.B. 26dB (20x)<\/em><\/p>\n<p><strong>Platzierung<\/strong><\/p>\n<p>Wenn die LX521 direkt an einer Wand platziert werden, arbeiten sie wie konventionelle Lautsprecher. Um nun die Magie der legend\u00e4ren LX521 Phantomb\u00fchnen-Illusion zu genie\u00dfen, werden die LX521 mindestens 1m von der R\u00fcckwand vorgezogen. Seitlich soll die erste Reflexionsfl\u00e4che mindesten 80-100 cm entfernt sein. Der Raum hinter dem H\u00f6rplatz ist vorzugsweise offen. Das vermeidet st\u00f6rende Fr\u00fch-Reflektionen. Der H\u00f6rsessel hat idealerweise keine Reflexionsfl\u00e4chen \u00fcber Schulterh\u00f6he.<\/p>\n<p>LX521\u00ae, <a href=\"https:\/\/linkwitz.store\/product\/powerbox-analog\/\">PowerBox 6pro NCore<\/a> und 0,7m <a href=\"https:\/\/linkwitz.store\/product\/lx521-cable-from-powerbox-6pro-ncore\/\">SpeakOn Multicore Kabel<\/a> sind als Gesamtsystem verf\u00fcgbar.<br \/>\nL\u00e4ngere Lautsprecherkabel sind gegen Aufpreis verf\u00fcgbar , bitte kurze Info an uns bei der Systembestellung.<br \/>\n<strong>2.5m pro Seite<\/strong>: zzgl.\u00a0 400\u20ac (476\u20ac incl VAT) f\u00fcr ein Stereo Paar.<br \/>\n<strong>5.0m pro Seite: <\/strong>zzgl.\u00a0 800\u20ac (952\u20ac incl VAT) f\u00fcr ein Stereo Paar.<\/p>\n<p><strong>Versandinformation:<\/strong><br \/>\nVersand per Spedition im Holzcontainer ca 60x80x100cm (120kg) oder Selbstabholung in Stuttgart.<\/p>\n","protected":false},"excerpt":{"rendered":"<p>LX521\u00ae verk\u00f6rpert das Beste aus 50 Jahren Erfahrung mit Stereowidergabe.<\/p>\n<p>Entworfen von Siegfried Linkwitz*, frei von kommerziellen Zw\u00e4ngen, mit dem Ziel, seine Lieblingsmusik zur vollen Zufriedenheit zu genie\u00dfen. Mit dem LX521\u00ae ist er auf einem Leistungsniveau angekommen, das ihn nicht weiter suchen l\u00e4sst.<\/p>\n<p><strong>*Dipl.Ing. Siegfried Linkwitz (1935-2018)<\/strong>, <em>Linkwitz-Riley-Filter und Linkwitz-Transformation sind heute im &#8222;Werkzeugkasten&#8220; jedes Lautsprecherentwicklers.<\/em><\/p>\n","protected":false},"featured_media":6176,"template":"","meta":{"inline_featured_image":false},"product_brand":[],"product_cat":[88],"product_tag":[363,366,364,367,365,369,368],"class_list":{"0":"post-4662","1":"product","2":"type-product","3":"status-publish","4":"has-post-thumbnail","6":"product_cat-lxspeakers-de","7":"product_tag-linkwitz-de-2","8":"product_tag-linkwitz-22mg-de","9":"product_tag-lx521-de","10":"product_tag-lx521-system-de","11":"product_tag-panzerholz-de","12":"product_tag-panzerholz-aluminum-sandwich-de","13":"product_tag-referenz","14":"product_shipping_class-lx521-de","16":"first","17":"instock","18":"taxable","19":"shipping-taxable","20":"purchasable","21":"product-type-variable","22":"has-default-attributes"},"yoast_head":"<!-- This site is optimized with the Yoast SEO plugin v27.0 - https:\/\/yoast.com\/product\/yoast-seo-wordpress\/ -->\n<title>LX521 - Die ReferenzLX521-Die Referenz - LINKWITZ.store<\/title>\n<meta name=\"description\" content=\"LX521 - Die Referenz. Das Meisterst\u00fcck von Siegfried Linkwitz gewinnt regelm\u00e4\u00dfig AuszeichnungenLINKWITZ.store - LX521-Die Referenz\" \/>\n<meta name=\"robots\" content=\"index, follow, max-snippet:-1, max-image-preview:large, max-video-preview:-1\" \/>\n<link rel=\"canonical\" href=\"https:\/\/linkwitz.store\/de\/produkt\/lx521\/\" \/>\n<meta property=\"og:locale\" content=\"de_DE\" \/>\n<meta property=\"og:type\" content=\"article\" \/>\n<meta property=\"og:title\" content=\"LX521 - Die ReferenzLX521-Die Referenz - LINKWITZ.store\" \/>\n<meta property=\"og:description\" content=\"LX521 - Die Referenz. Das Meisterst\u00fcck von Siegfried Linkwitz gewinnt regelm\u00e4\u00dfig AuszeichnungenLINKWITZ.store - LX521-Die Referenz\" \/>\n<meta property=\"og:url\" content=\"https:\/\/linkwitz.store\/de\/produkt\/lx521\/\" \/>\n<meta property=\"og:site_name\" content=\"LINKWITZ.store\" \/>\n<meta property=\"article:modified_time\" content=\"2023-06-03T09:29:08+00:00\" \/>\n<meta property=\"og:image\" content=\"https:\/\/linkwitz.store\/wp-content\/uploads\/2021\/01\/13.jpg\" \/>\n\t<meta property=\"og:image:width\" content=\"1600\" \/>\n\t<meta property=\"og:image:height\" content=\"1200\" \/>\n\t<meta property=\"og:image:type\" content=\"image\/jpeg\" \/>\n<meta name=\"twitter:card\" content=\"summary_large_image\" \/>\n<meta name=\"twitter:label1\" content=\"Gesch\u00e4tzte Lesezeit\" \/>\n\t<meta name=\"twitter:data1\" content=\"3\u00a0Minuten\" \/>\n<script type=\"application\/ld+json\" class=\"yoast-schema-graph\">{\"@context\":\"https:\/\/schema.org\",\"@graph\":[{\"@type\":\"WebPage\",\"@id\":\"https:\/\/linkwitz.store\/de\/produkt\/lx521\/\",\"url\":\"https:\/\/linkwitz.store\/de\/produkt\/lx521\/\",\"name\":\"LX521 - Die ReferenzLX521-Die Referenz - LINKWITZ.store\",\"isPartOf\":{\"@id\":\"https:\/\/linkwitz.store\/#website\"},\"primaryImageOfPage\":{\"@id\":\"https:\/\/linkwitz.store\/de\/produkt\/lx521\/#primaryimage\"},\"image\":{\"@id\":\"https:\/\/linkwitz.store\/de\/produkt\/lx521\/#primaryimage\"},\"thumbnailUrl\":\"https:\/\/linkwitz.store\/wp-content\/uploads\/2021\/01\/13.jpg\",\"datePublished\":\"2021-01-24T17:49:29+00:00\",\"dateModified\":\"2023-06-03T09:29:08+00:00\",\"description\":\"LX521 - Die Referenz. Das Meisterst\u00fcck von Siegfried Linkwitz gewinnt regelm\u00e4\u00dfig AuszeichnungenLINKWITZ.store - LX521-Die Referenz\",\"breadcrumb\":{\"@id\":\"https:\/\/linkwitz.store\/de\/produkt\/lx521\/#breadcrumb\"},\"inLanguage\":\"de\",\"potentialAction\":[{\"@type\":\"ReadAction\",\"target\":[\"https:\/\/linkwitz.store\/de\/produkt\/lx521\/\"]}]},{\"@type\":\"ImageObject\",\"inLanguage\":\"de\",\"@id\":\"https:\/\/linkwitz.store\/de\/produkt\/lx521\/#primaryimage\",\"url\":\"https:\/\/linkwitz.store\/wp-content\/uploads\/2021\/01\/13.jpg\",\"contentUrl\":\"https:\/\/linkwitz.store\/wp-content\/uploads\/2021\/01\/13.jpg\",\"width\":1600,\"height\":1200},{\"@type\":\"BreadcrumbList\",\"@id\":\"https:\/\/linkwitz.store\/de\/produkt\/lx521\/#breadcrumb\",\"itemListElement\":[{\"@type\":\"ListItem\",\"position\":1,\"name\":\"Home\",\"item\":\"https:\/\/linkwitz.store\/de\/\"},{\"@type\":\"ListItem\",\"position\":2,\"name\":\"Shop\",\"item\":\"https:\/\/linkwitz.store\/de\/shop-2\/\"},{\"@type\":\"ListItem\",\"position\":3,\"name\":\"LX521-Die Referenz\"}]},{\"@type\":\"WebSite\",\"@id\":\"https:\/\/linkwitz.store\/#website\",\"url\":\"https:\/\/linkwitz.store\/\",\"name\":\"LINKWITZ.store\",\"description\":\"\",\"publisher\":{\"@id\":\"https:\/\/linkwitz.store\/#organization\"},\"potentialAction\":[{\"@type\":\"SearchAction\",\"target\":{\"@type\":\"EntryPoint\",\"urlTemplate\":\"https:\/\/linkwitz.store\/?s={search_term_string}\"},\"query-input\":{\"@type\":\"PropertyValueSpecification\",\"valueRequired\":true,\"valueName\":\"search_term_string\"}}],\"inLanguage\":\"de\"},{\"@type\":\"Organization\",\"@id\":\"https:\/\/linkwitz.store\/#organization\",\"name\":\"LINKWITZ.store\",\"url\":\"https:\/\/linkwitz.store\/\",\"logo\":{\"@type\":\"ImageObject\",\"inLanguage\":\"de\",\"@id\":\"https:\/\/linkwitz.store\/#\/schema\/logo\/image\/\",\"url\":\"https:\/\/linkwitz.store\/wp-content\/uploads\/2021\/02\/MLX-LINKWITZ-191023-RGB-RZ-weis-3.svg\",\"contentUrl\":\"https:\/\/linkwitz.store\/wp-content\/uploads\/2021\/02\/MLX-LINKWITZ-191023-RGB-RZ-weis-3.svg\",\"width\":156,\"height\":36,\"caption\":\"LINKWITZ.store\"},\"image\":{\"@id\":\"https:\/\/linkwitz.store\/#\/schema\/logo\/image\/\"}}]}<\/script>\n<!-- \/ Yoast SEO plugin. -->","yoast_head_json":{"title":"LX521 - Die ReferenzLX521-Die Referenz - LINKWITZ.store","description":"LX521 - Die Referenz. Das Meisterst\u00fcck von Siegfried Linkwitz gewinnt regelm\u00e4\u00dfig AuszeichnungenLINKWITZ.store - LX521-Die Referenz","robots":{"index":"index","follow":"follow","max-snippet":"max-snippet:-1","max-image-preview":"max-image-preview:large","max-video-preview":"max-video-preview:-1"},"canonical":"https:\/\/linkwitz.store\/de\/produkt\/lx521\/","og_locale":"de_DE","og_type":"article","og_title":"LX521 - Die ReferenzLX521-Die Referenz - LINKWITZ.store","og_description":"LX521 - Die Referenz. Das Meisterst\u00fcck von Siegfried Linkwitz gewinnt regelm\u00e4\u00dfig AuszeichnungenLINKWITZ.store - LX521-Die Referenz","og_url":"https:\/\/linkwitz.store\/de\/produkt\/lx521\/","og_site_name":"LINKWITZ.store","article_modified_time":"2023-06-03T09:29:08+00:00","og_image":[{"width":1600,"height":1200,"url":"https:\/\/linkwitz.store\/wp-content\/uploads\/2021\/01\/13.jpg","type":"image\/jpeg"}],"twitter_card":"summary_large_image","twitter_misc":{"Gesch\u00e4tzte Lesezeit":"3\u00a0Minuten"},"schema":{"@context":"https:\/\/schema.org","@graph":[{"@type":"WebPage","@id":"https:\/\/linkwitz.store\/de\/produkt\/lx521\/","url":"https:\/\/linkwitz.store\/de\/produkt\/lx521\/","name":"LX521 - Die ReferenzLX521-Die Referenz - LINKWITZ.store","isPartOf":{"@id":"https:\/\/linkwitz.store\/#website"},"primaryImageOfPage":{"@id":"https:\/\/linkwitz.store\/de\/produkt\/lx521\/#primaryimage"},"image":{"@id":"https:\/\/linkwitz.store\/de\/produkt\/lx521\/#primaryimage"},"thumbnailUrl":"https:\/\/linkwitz.store\/wp-content\/uploads\/2021\/01\/13.jpg","datePublished":"2021-01-24T17:49:29+00:00","dateModified":"2023-06-03T09:29:08+00:00","description":"LX521 - Die Referenz. Das Meisterst\u00fcck von Siegfried Linkwitz gewinnt regelm\u00e4\u00dfig AuszeichnungenLINKWITZ.store - LX521-Die Referenz","breadcrumb":{"@id":"https:\/\/linkwitz.store\/de\/produkt\/lx521\/#breadcrumb"},"inLanguage":"de","potentialAction":[{"@type":"ReadAction","target":["https:\/\/linkwitz.store\/de\/produkt\/lx521\/"]}]},{"@type":"ImageObject","inLanguage":"de","@id":"https:\/\/linkwitz.store\/de\/produkt\/lx521\/#primaryimage","url":"https:\/\/linkwitz.store\/wp-content\/uploads\/2021\/01\/13.jpg","contentUrl":"https:\/\/linkwitz.store\/wp-content\/uploads\/2021\/01\/13.jpg","width":1600,"height":1200},{"@type":"BreadcrumbList","@id":"https:\/\/linkwitz.store\/de\/produkt\/lx521\/#breadcrumb","itemListElement":[{"@type":"ListItem","position":1,"name":"Home","item":"https:\/\/linkwitz.store\/de\/"},{"@type":"ListItem","position":2,"name":"Shop","item":"https:\/\/linkwitz.store\/de\/shop-2\/"},{"@type":"ListItem","position":3,"name":"LX521-Die Referenz"}]},{"@type":"WebSite","@id":"https:\/\/linkwitz.store\/#website","url":"https:\/\/linkwitz.store\/","name":"LINKWITZ.store","description":"","publisher":{"@id":"https:\/\/linkwitz.store\/#organization"},"potentialAction":[{"@type":"SearchAction","target":{"@type":"EntryPoint","urlTemplate":"https:\/\/linkwitz.store\/?s={search_term_string}"},"query-input":{"@type":"PropertyValueSpecification","valueRequired":true,"valueName":"search_term_string"}}],"inLanguage":"de"},{"@type":"Organization","@id":"https:\/\/linkwitz.store\/#organization","name":"LINKWITZ.store","url":"https:\/\/linkwitz.store\/","logo":{"@type":"ImageObject","inLanguage":"de","@id":"https:\/\/linkwitz.store\/#\/schema\/logo\/image\/","url":"https:\/\/linkwitz.store\/wp-content\/uploads\/2021\/02\/MLX-LINKWITZ-191023-RGB-RZ-weis-3.svg","contentUrl":"https:\/\/linkwitz.store\/wp-content\/uploads\/2021\/02\/MLX-LINKWITZ-191023-RGB-RZ-weis-3.svg","width":156,"height":36,"caption":"LINKWITZ.store"},"image":{"@id":"https:\/\/linkwitz.store\/#\/schema\/logo\/image\/"}}]}},"_links":{"self":[{"href":"https:\/\/linkwitz.store\/de\/wp-json\/wp\/v2\/product\/4662","targetHints":{"allow":["GET"]}}],"collection":[{"href":"https:\/\/linkwitz.store\/de\/wp-json\/wp\/v2\/product"}],"about":[{"href":"https:\/\/linkwitz.store\/de\/wp-json\/wp\/v2\/types\/product"}],"wp:featuredmedia":[{"embeddable":true,"href":"https:\/\/linkwitz.store\/de\/wp-json\/wp\/v2\/media\/6176"}],"wp:attachment":[{"href":"https:\/\/linkwitz.store\/de\/wp-json\/wp\/v2\/media?parent=4662"}],"wp:term":[{"taxonomy":"product_brand","embeddable":true,"href":"https:\/\/linkwitz.store\/de\/wp-json\/wp\/v2\/product_brand?post=4662"},{"taxonomy":"product_cat","embeddable":true,"href":"https:\/\/linkwitz.store\/de\/wp-json\/wp\/v2\/product_cat?post=4662"},{"taxonomy":"product_tag","embeddable":true,"href":"https:\/\/linkwitz.store\/de\/wp-json\/wp\/v2\/product_tag?post=4662"}],"curies":[{"name":"wp","href":"https:\/\/api.w.org\/{rel}","templated":true}]}}