{"id":5350,"date":"2021-03-16T08:01:22","date_gmt":"2021-03-31T12:57:14","guid":{"rendered":"https:\/\/linkwitz.store\/?post_type=product&#038;p=5350"},"modified":"2022-02-22T12:57:24","modified_gmt":"2022-02-22T12:57:24","slug":"lxmini2-kit","status":"publish","type":"product","link":"https:\/\/linkwitz.store\/de\/produkt\/lxmini2-kit\/","title":{"rendered":"LXmini\u00ae+2 Kit"},"content":{"rendered":"<div>\n<p>LXmini+2 deckt den Freququenzbereich von 20 Hz bis 20 kHz mit ausserordentlicher Klarheit und Dynamik ab. Mit einer Linkwitz-Riley-Weiche bei tiefen 60 Hz, k\u00f6nnen die Woofer an Seitenw\u00e4nden aufgestellt werden, w\u00e4hrend die LXminis als Nahfeldmonitore arbeiten. Laufzeitunterschiede k\u00f6nnen im DSP ausgeglichen werden. Raummoden werden durch die Dipolwoofer deutlicher weniger angeregt. Der Bass bleibt pr\u00e4zise und trocken<\/p>\n<\/div>\n<p>LXmini+2 spielt bez\u00fcglich Frequenzbereich, Klarheit, Phantomb\u00fchne und akustischem &#8222;Verschwinden&#8220; auf Augenh\u00f6he mit <a href=\"https:\/\/linkwitz.store\/de\/produkt\/lx521\">LX521<\/a>, jedoch bei geringerer Gesamzlautst\u00e4rke, speziell im Bassbereich. LXsirius+2 erlaubt viele Aufstellungsvarianten f\u00fcr Hauptlautsprecher und Woofer. Freuen Sie sich auf eine \u00fcberzeugende Wiedergabe von Stereo Live-Aufnahmen!\u00a0 <a href=\"http:\/\/www.linkwitzlab.com\/LXmini\/BAF2016.htm\" data-link-type=\"undefined\" data-type=\"linkpicker\">LXmini+2 at Burning Amp 2016<\/a><\/p>\n<p>LXmini+2 zeigt im Vergleich zu LXstudio dasselbe Bassspektrum, d\u00e4mpft aber unter 20Hz steiler ab, um unerw\u00fcnschte Artefakte auszublenden. Durch die kompakte, offene Bauweise und wegen der zwei statt vier 26cm-Treiber, bleibt der akustische Effekt ca 10dB unter dem des <a href=\"https:\/\/linkwitz.store\/de\/produkt\/lxsub4\/\">LX4sub<\/a> vom <a href=\"https:\/\/linkwitz.store\/de\/produkt\/lxstudio\/\">LXstudio<\/a>. D.h. der LX2sub ben\u00f6tigt bei gleicher Lautst\u00e4rke etwa die dreifache Membranauslenkung wie LXsub4. Deshalb sollte unbekanntes Musikmaterial zun\u00e4chst bei geringer Lautst\u00e4rke geh\u00f6rt werden, um m\u00f6gliche Maximalauslenkungen zu erkennen. Befolgt man diese Vorsichtsmassnahme, steht einem H\u00f6ren bei genussvoller Lautst\u00e4rke nichts mehr im Wege.<\/p>\n<p>Die besten ausgesuchten Zutaten diese klangbestimmenden Aufgaben finden sich in einer einzigen <a href=\"https:\/\/linkwitz.store\/de\/produkt\/powerbox-6pro-ncore\/\">PowerBox 6pro NCore<\/a> <a href=\"https:\/\/linkwitz.store\/de\/produkt\/powerbox-6pro-ncore\/\"><img loading=\"lazy\" decoding=\"async\" class=\"aligncenter wp-image-5338 size-medium\" src=\"https:\/\/linkwitz.store\/wp-content\/uploads\/2021\/01\/Linkwitz-frontal-300x63.jpg\" alt=\"\" width=\"300\" height=\"63\" \/><\/a>Alles zwischen Musikquelle und LXsirius+2 findet in einem flachen massiv-Aluminiumgeh\u00e4use Platz: HighEnd Aktivweiche (voll analog), gefolgt von sechs ma\u00dfgeschneiderten Kan\u00e4len NCore\u00ae Verst\u00e4rkung. <em>Sechs Kan\u00e4le bedeuten, dass die PowerBox 6pro NCore auch f\u00fcr die Versorgung zus\u00e4tzlicher Subwoofer (<a href=\"https:\/\/linkwitz.store\/product\/lxsub2\/\">LXsub2<\/a> oder <a href=\"https:\/\/linkwitz.store\/product\/lxsub4\/\">LXsub4<\/a>) vorbereitet ist.<\/em> F\u00fcr den Anschlu\u00df eines LXsirius+2-Stereopaares an eine <a href=\"https:\/\/linkwitz.store\/de\/produkt\/powerbox-6pro-ncore\/\">PowerBox 6pro NCore<\/a> gen\u00fcgen ein <a href=\"https:\/\/linkwitz.store\/de\/produkt\/powerbox-lxmini-lxsirius-y-cable\/\">Multicore-Y-Kabel <\/a>und ein weiteres <a href=\"https:\/\/linkwitz.store\/de\/produkt\/powerbox-lxsub-y-cable\/\">Multicore-Y-SUB-Kabel<\/a> f\u00fcr LXsub2.<\/p>\n<p>LXsirius, PowerBox 6pro NCore, SpeakOn\u00ae Multicore-Kabel sind im Set erh\u00e4ltlich. (siehe Auswahlmen\u00fc am Seitenanfang)<\/p>\n<p><strong>Das LXmini+Kit enth\u00e4lt die Teile des <a href=\"https:\/\/linkwitz.store\/de\/produkt\/lxmini-kit\/\">LXmini-Kit<\/a> und die Teile des <a href=\"https:\/\/linkwitz.store\/de\/produkt\/lxsub2-kit\/\">LXsub2-Kit<\/a>.<\/strong><\/p>\n<p>Nicht enthalten<a href=\"https:\/\/linkwitz.store\/de\/produkt\/lxmini-plans\/\"> Konstruktionspl\u00e4ne LXmini , <\/a>Klebstoff , Farbe, <a href=\"https:\/\/linkwitz.store\/de\/produkt\/lxsub-plans\/\">LXsub Konstruktionspl\u00e4ne<\/a>, externe Kabel, Elektronik und Verst\u00e4rker.<\/p>\n<p><strong>F\u00fcr LINKWITZ Baus\u00e4tze ben\u00f6tigen Sie die entsprechenden <a href=\"https:\/\/linkwitz.store\/category\/lxaccessoires\/lxplans\/\">Linkwitzlab Konstruktionspl\u00e4ne\/Lizenz<\/a> . Sie k\u00f6nnen diese einfach in Ihren Warenkorb legen. Falls Sie schon eine entsprechende Lizenz besitzen, senden Sie bitte eine Kopie der Bestell-Email an <a href=\"mailto:plans@magicLX521.com\">plans@magicLX521.com<\/a><\/strong><\/p>\n","protected":false},"excerpt":{"rendered":"<p>LXmini kann mit zwei Subwoofern LXsub2 erweitert werden. Das ergibt ein LXmini+2 system. Ein vollwertiger 3-Wege Lautsprecher.<\/p>\n","protected":false},"featured_media":4449,"template":"","meta":{"inline_featured_image":false},"product_brand":[],"product_cat":[144],"product_tag":[],"class_list":{"0":"post-5350","1":"product","2":"type-product","3":"status-publish","4":"has-post-thumbnail","6":"product_cat-lxkits-de","8":"first","9":"instock","10":"taxable","11":"shipping-taxable","12":"product-type-variable","13":"has-default-attributes"},"yoast_head":"<!-- This site is optimized with the Yoast SEO plugin v27.0 - https:\/\/yoast.com\/product\/yoast-seo-wordpress\/ -->\n<title>LXmini\u00ae+2 Kit - LINKWITZ.store<\/title>\n<meta name=\"description\" content=\"LINKWITZ.store - LXmini\u00ae+2 Kit\" \/>\n<meta name=\"robots\" content=\"index, follow, max-snippet:-1, max-image-preview:large, max-video-preview:-1\" \/>\n<link rel=\"canonical\" href=\"https:\/\/linkwitz.store\/de\/produkt\/lxmini2-kit\/\" \/>\n<meta property=\"og:locale\" content=\"de_DE\" \/>\n<meta property=\"og:type\" content=\"article\" \/>\n<meta property=\"og:title\" content=\"LXmini\u00ae+2 Kit - LINKWITZ.store\" \/>\n<meta property=\"og:description\" content=\"LINKWITZ.store - LXmini\u00ae+2 Kit\" \/>\n<meta property=\"og:url\" content=\"https:\/\/linkwitz.store\/de\/produkt\/lxmini2-kit\/\" \/>\n<meta property=\"og:site_name\" content=\"LINKWITZ.store\" \/>\n<meta property=\"article:modified_time\" content=\"2022-02-22T12:57:24+00:00\" \/>\n<meta property=\"og:image\" content=\"https:\/\/linkwitz.store\/wp-content\/uploads\/2021\/03\/LXmini-kitsub2-002.jpg\" \/>\n\t<meta property=\"og:image:width\" content=\"1080\" \/>\n\t<meta property=\"og:image:height\" content=\"1080\" \/>\n\t<meta property=\"og:image:type\" content=\"image\/jpeg\" \/>\n<meta name=\"twitter:card\" content=\"summary_large_image\" \/>\n<meta name=\"twitter:label1\" content=\"Gesch\u00e4tzte Lesezeit\" \/>\n\t<meta name=\"twitter:data1\" content=\"2\u00a0Minuten\" \/>\n<script type=\"application\/ld+json\" class=\"yoast-schema-graph\">{\"@context\":\"https:\/\/schema.org\",\"@graph\":[{\"@type\":\"WebPage\",\"@id\":\"https:\/\/linkwitz.store\/de\/produkt\/lxmini2-kit\/\",\"url\":\"https:\/\/linkwitz.store\/de\/produkt\/lxmini2-kit\/\",\"name\":\"LXmini\u00ae+2 Kit - LINKWITZ.store\",\"isPartOf\":{\"@id\":\"https:\/\/linkwitz.store\/#website\"},\"primaryImageOfPage\":{\"@id\":\"https:\/\/linkwitz.store\/de\/produkt\/lxmini2-kit\/#primaryimage\"},\"image\":{\"@id\":\"https:\/\/linkwitz.store\/de\/produkt\/lxmini2-kit\/#primaryimage\"},\"thumbnailUrl\":\"https:\/\/linkwitz.store\/wp-content\/uploads\/2021\/03\/LXmini-kitsub2-002.jpg\",\"datePublished\":\"2021-03-31T12:57:14+00:00\",\"dateModified\":\"2022-02-22T12:57:24+00:00\",\"description\":\"LINKWITZ.store - LXmini\u00ae+2 Kit\",\"breadcrumb\":{\"@id\":\"https:\/\/linkwitz.store\/de\/produkt\/lxmini2-kit\/#breadcrumb\"},\"inLanguage\":\"de\",\"potentialAction\":[{\"@type\":\"ReadAction\",\"target\":[\"https:\/\/linkwitz.store\/de\/produkt\/lxmini2-kit\/\"]}]},{\"@type\":\"ImageObject\",\"inLanguage\":\"de\",\"@id\":\"https:\/\/linkwitz.store\/de\/produkt\/lxmini2-kit\/#primaryimage\",\"url\":\"https:\/\/linkwitz.store\/wp-content\/uploads\/2021\/03\/LXmini-kitsub2-002.jpg\",\"contentUrl\":\"https:\/\/linkwitz.store\/wp-content\/uploads\/2021\/03\/LXmini-kitsub2-002.jpg\",\"width\":1080,\"height\":1080},{\"@type\":\"BreadcrumbList\",\"@id\":\"https:\/\/linkwitz.store\/de\/produkt\/lxmini2-kit\/#breadcrumb\",\"itemListElement\":[{\"@type\":\"ListItem\",\"position\":1,\"name\":\"Home\",\"item\":\"https:\/\/linkwitz.store\/de\/\"},{\"@type\":\"ListItem\",\"position\":2,\"name\":\"Shop\",\"item\":\"https:\/\/linkwitz.store\/de\/shop-2\/\"},{\"@type\":\"ListItem\",\"position\":3,\"name\":\"LXmini\u00ae+2 Kit\"}]},{\"@type\":\"WebSite\",\"@id\":\"https:\/\/linkwitz.store\/#website\",\"url\":\"https:\/\/linkwitz.store\/\",\"name\":\"LINKWITZ.store\",\"description\":\"\",\"publisher\":{\"@id\":\"https:\/\/linkwitz.store\/#organization\"},\"potentialAction\":[{\"@type\":\"SearchAction\",\"target\":{\"@type\":\"EntryPoint\",\"urlTemplate\":\"https:\/\/linkwitz.store\/?s={search_term_string}\"},\"query-input\":{\"@type\":\"PropertyValueSpecification\",\"valueRequired\":true,\"valueName\":\"search_term_string\"}}],\"inLanguage\":\"de\"},{\"@type\":\"Organization\",\"@id\":\"https:\/\/linkwitz.store\/#organization\",\"name\":\"LINKWITZ.store\",\"url\":\"https:\/\/linkwitz.store\/\",\"logo\":{\"@type\":\"ImageObject\",\"inLanguage\":\"de\",\"@id\":\"https:\/\/linkwitz.store\/#\/schema\/logo\/image\/\",\"url\":\"https:\/\/linkwitz.store\/wp-content\/uploads\/2021\/02\/MLX-LINKWITZ-191023-RGB-RZ-weis-3.svg\",\"contentUrl\":\"https:\/\/linkwitz.store\/wp-content\/uploads\/2021\/02\/MLX-LINKWITZ-191023-RGB-RZ-weis-3.svg\",\"width\":156,\"height\":36,\"caption\":\"LINKWITZ.store\"},\"image\":{\"@id\":\"https:\/\/linkwitz.store\/#\/schema\/logo\/image\/\"}}]}<\/script>\n<!-- \/ Yoast SEO plugin. -->","yoast_head_json":{"title":"LXmini\u00ae+2 Kit - LINKWITZ.store","description":"LINKWITZ.store - LXmini\u00ae+2 Kit","robots":{"index":"index","follow":"follow","max-snippet":"max-snippet:-1","max-image-preview":"max-image-preview:large","max-video-preview":"max-video-preview:-1"},"canonical":"https:\/\/linkwitz.store\/de\/produkt\/lxmini2-kit\/","og_locale":"de_DE","og_type":"article","og_title":"LXmini\u00ae+2 Kit - LINKWITZ.store","og_description":"LINKWITZ.store - LXmini\u00ae+2 Kit","og_url":"https:\/\/linkwitz.store\/de\/produkt\/lxmini2-kit\/","og_site_name":"LINKWITZ.store","article_modified_time":"2022-02-22T12:57:24+00:00","og_image":[{"width":1080,"height":1080,"url":"https:\/\/linkwitz.store\/wp-content\/uploads\/2021\/03\/LXmini-kitsub2-002.jpg","type":"image\/jpeg"}],"twitter_card":"summary_large_image","twitter_misc":{"Gesch\u00e4tzte Lesezeit":"2\u00a0Minuten"},"schema":{"@context":"https:\/\/schema.org","@graph":[{"@type":"WebPage","@id":"https:\/\/linkwitz.store\/de\/produkt\/lxmini2-kit\/","url":"https:\/\/linkwitz.store\/de\/produkt\/lxmini2-kit\/","name":"LXmini\u00ae+2 Kit - LINKWITZ.store","isPartOf":{"@id":"https:\/\/linkwitz.store\/#website"},"primaryImageOfPage":{"@id":"https:\/\/linkwitz.store\/de\/produkt\/lxmini2-kit\/#primaryimage"},"image":{"@id":"https:\/\/linkwitz.store\/de\/produkt\/lxmini2-kit\/#primaryimage"},"thumbnailUrl":"https:\/\/linkwitz.store\/wp-content\/uploads\/2021\/03\/LXmini-kitsub2-002.jpg","datePublished":"2021-03-31T12:57:14+00:00","dateModified":"2022-02-22T12:57:24+00:00","description":"LINKWITZ.store - LXmini\u00ae+2 Kit","breadcrumb":{"@id":"https:\/\/linkwitz.store\/de\/produkt\/lxmini2-kit\/#breadcrumb"},"inLanguage":"de","potentialAction":[{"@type":"ReadAction","target":["https:\/\/linkwitz.store\/de\/produkt\/lxmini2-kit\/"]}]},{"@type":"ImageObject","inLanguage":"de","@id":"https:\/\/linkwitz.store\/de\/produkt\/lxmini2-kit\/#primaryimage","url":"https:\/\/linkwitz.store\/wp-content\/uploads\/2021\/03\/LXmini-kitsub2-002.jpg","contentUrl":"https:\/\/linkwitz.store\/wp-content\/uploads\/2021\/03\/LXmini-kitsub2-002.jpg","width":1080,"height":1080},{"@type":"BreadcrumbList","@id":"https:\/\/linkwitz.store\/de\/produkt\/lxmini2-kit\/#breadcrumb","itemListElement":[{"@type":"ListItem","position":1,"name":"Home","item":"https:\/\/linkwitz.store\/de\/"},{"@type":"ListItem","position":2,"name":"Shop","item":"https:\/\/linkwitz.store\/de\/shop-2\/"},{"@type":"ListItem","position":3,"name":"LXmini\u00ae+2 Kit"}]},{"@type":"WebSite","@id":"https:\/\/linkwitz.store\/#website","url":"https:\/\/linkwitz.store\/","name":"LINKWITZ.store","description":"","publisher":{"@id":"https:\/\/linkwitz.store\/#organization"},"potentialAction":[{"@type":"SearchAction","target":{"@type":"EntryPoint","urlTemplate":"https:\/\/linkwitz.store\/?s={search_term_string}"},"query-input":{"@type":"PropertyValueSpecification","valueRequired":true,"valueName":"search_term_string"}}],"inLanguage":"de"},{"@type":"Organization","@id":"https:\/\/linkwitz.store\/#organization","name":"LINKWITZ.store","url":"https:\/\/linkwitz.store\/","logo":{"@type":"ImageObject","inLanguage":"de","@id":"https:\/\/linkwitz.store\/#\/schema\/logo\/image\/","url":"https:\/\/linkwitz.store\/wp-content\/uploads\/2021\/02\/MLX-LINKWITZ-191023-RGB-RZ-weis-3.svg","contentUrl":"https:\/\/linkwitz.store\/wp-content\/uploads\/2021\/02\/MLX-LINKWITZ-191023-RGB-RZ-weis-3.svg","width":156,"height":36,"caption":"LINKWITZ.store"},"image":{"@id":"https:\/\/linkwitz.store\/#\/schema\/logo\/image\/"}}]}},"_links":{"self":[{"href":"https:\/\/linkwitz.store\/de\/wp-json\/wp\/v2\/product\/5350","targetHints":{"allow":["GET"]}}],"collection":[{"href":"https:\/\/linkwitz.store\/de\/wp-json\/wp\/v2\/product"}],"about":[{"href":"https:\/\/linkwitz.store\/de\/wp-json\/wp\/v2\/types\/product"}],"wp:featuredmedia":[{"embeddable":true,"href":"https:\/\/linkwitz.store\/de\/wp-json\/wp\/v2\/media\/4449"}],"wp:attachment":[{"href":"https:\/\/linkwitz.store\/de\/wp-json\/wp\/v2\/media?parent=5350"}],"wp:term":[{"taxonomy":"product_brand","embeddable":true,"href":"https:\/\/linkwitz.store\/de\/wp-json\/wp\/v2\/product_brand?post=5350"},{"taxonomy":"product_cat","embeddable":true,"href":"https:\/\/linkwitz.store\/de\/wp-json\/wp\/v2\/product_cat?post=5350"},{"taxonomy":"product_tag","embeddable":true,"href":"https:\/\/linkwitz.store\/de\/wp-json\/wp\/v2\/product_tag?post=5350"}],"curies":[{"name":"wp","href":"https:\/\/api.w.org\/{rel}","templated":true}]}}