{"id":5355,"date":"2021-03-16T08:06:09","date_gmt":"2021-03-16T08:06:09","guid":{"rendered":"https:\/\/linkwitz.store\/product\/lxstudio-kit\/"},"modified":"2022-02-22T13:22:08","modified_gmt":"2022-02-22T13:22:08","slug":"lxstudio-kit","status":"publish","type":"product","link":"https:\/\/linkwitz.store\/de\/produkt\/lxstudio-kit\/","title":{"rendered":"LXstudio Kit"},"content":{"rendered":"<p>LXstudio wurde entwickelt, um Tonaufnahmen mit klar, neutral und detaillierter, 3D-Darstellung. Die Lautsprecher zeigen, was in einer Aufnahme steckt, f\u00fcgen aber nie Unangenehmes hinzu.<\/p>\n<p>LXstudio ist ein 3-Wege-Lautsprecher, der den <a href=\"https:\/\/linkwitz.store\/de\/produkt\/lxsirius\/\">LXsirius<\/a> mit zwei <a href=\"https:\/\/linkwitz.store\/de\/produkt\/lxsub4\/\">LXsub4<\/a> Dipol-Subwoofern kombiniert, aber auf 10dB h\u00f6herem Niveau als LXsirius+2.\u00a0 Eine Erh\u00f6hung um 10 dB ist aufgrund der sehr nichtlinearen H\u00f6rempfindlichkeit bei tiefsten Frequenzen sehr signifikant. Mit einer Linkwitz-Riley-Weiche (60 Hz) k\u00f6nnen die LXsub4 an die Seitenw\u00e4nde eines Raumes gestellt und die LXsirius als Nahfeldmonitore eingesetzt werden. Dipol-Tieft\u00f6ner LXsub4 haben den Vorteil einer geringeren Raummodenanregung, was selbst in einem stark bed\u00e4mpften Aufnahme-\/Mischstudio von Bedeutung ist.<\/p>\n<p>Der Frequenzbereich reicht von 25 Hz bis 20 kHz. Horizontale und vertikale Abstrahlungen jenseits der HAuptachsen werden als Raumreflektionen mitgeh\u00f6rt. Deren spektrale Neutralit\u00e4t tr\u00e4gt wesentlich zum ausgewogenen Klang in reflektierenden Innenr\u00e4umen bei. Das Abh\u00f6ren au\u00dferhalb der Achse ver\u00e4ndert also lediglich den &#8222;Blickwinkel&#8220; auf die akustische Phantomszene, die von den scheinbar abwesenden Lautsprechern wiedergegeben wird.<\/p>\n<p>Der LXstudio wurde auch f\u00fcr die Anwendung im Tonstudio konzipiert, wo sonst gro\u00dfe Monitorboxen im Tieftonbereich ungleichm\u00e4\u00dfig abstrahlen. Trotz stark bed\u00e4mpftem Umfeld ein st\u00f6render Effekt.<\/p>\n<p>Der LXstudio verh\u00e4lt sich klanglich wie der LX521\u00ae mit \u00e4hnlicher ultimativer Pr\u00e4zision eines Fullrange-Dipols.<\/p>\n<p>Aufstellung: Die besten ausgesuchten Zutaten diese klangbestimmenden Aufgaben finden sich in einer einzigen <a href=\"https:\/\/linkwitz.store\/de\/produkt\/powerbox-6pro-ncore\/\">PowerBox 6pro NCore<\/a><\/p>\n<p><img loading=\"lazy\" decoding=\"async\" class=\"size-medium wp-image-6157 aligncenter\" src=\"https:\/\/linkwitz.store\/wp-content\/uploads\/2021\/03\/PowerBox-ASP-neu-FRONT-schmal-300x77.jpg\" alt=\"\" width=\"300\" height=\"77\" \/>Alles zwischen Musikquelle und LXstudio findet in einem flachen massiv-Aluminiumgeh\u00e4use Platz: HighEnd Aktivweiche (voll analog),HighEnd Aktivweiche (voll analog), gefolgt von sechs ma\u00dfgeschneiderten Kan\u00e4len NCore\u00ae Verst\u00e4rkung. <em>Sechs Kan\u00e4le bedeuten, dass die PowerBox 6pro NCore auch f\u00fcr die Versorgung zus\u00e4tzlicher Subwoofer (<a href=\"https:\/\/linkwitz.store\/product\/lxsub2\/\">LXsub2<\/a> oder <a href=\"https:\/\/linkwitz.store\/product\/lxsub4\/\">LXsub4<\/a>) vorbereitet ist.<\/em> F\u00fcr den Anschlu\u00df eines LXstudio-Stereopaares an eine <a href=\"https:\/\/linkwitz.store\/de\/produkt\/powerbox-6pro-ncore\/\">PowerBox 6pro NCore<\/a> gen\u00fcgen ein <a href=\"https:\/\/linkwitz.store\/de\/produkt\/powerbox-lxmini-lxsirius-y-cable\/\">Multicore-Y-Kabel <\/a>und ein weiteres <a href=\"https:\/\/linkwitz.store\/de\/produkt\/powerbox-lxsub-y-cable\/\">Multicore-Y-SUB-Kabel<\/a> f\u00fcr LXsub4.<\/p>\n<p>LXstudio, PowerBox 6pro NCore, SpeakOn\u00ae Multicore-Kabel sind als Bundle erh\u00e4ltlich.<\/p>\n<p>Ihr Upgrade-Pfad von LXstudio: F\u00fcgen Sie <a href=\"https:\/\/linkwitz.store\/de\/produkt\/lx521-bridge-and-topbaffle\/\">LX521 Bridge&amp;Top<\/a> hinzu und genie\u00dfen Sie den Referenz-Lautsprecher LX521.<\/p>\n<p>Weitere Upgrade M\u00f6glichkeit vom LXstudio: Mit <a href=\"https:\/\/linkwitz.store\/de\/produkt\/lx521-bridge-and-topbaffle-kit\/\">LX521 Bridge&amp;Top<\/a> k\u00f6nnen Sie auf LX521 aufr\u00fcsten und ein P\u00e4rchen LXmini wird f\u00fcr andere Anwendungen frei.<\/p>\n<p><strong>Im Bausatz enthalten sind die Komponenten f\u00fcr <a href=\"https:\/\/linkwitz.store\/de\/produkt\/lxmini-kit\/\">LXmini<\/a> und f\u00fcr <a href=\"https:\/\/linkwitz.store\/de\/produkt\/lxsub4-kit\/\">LXsub4<\/a><\/strong><\/p>\n<p>Nicht enthalten<a href=\"https:\/\/linkwitz.store\/de\/produkt\/lxmini-plans\/\"> Konstruktionspl\u00e4ne LXmini , <\/a>Klebstoff , Farbe, <a href=\"https:\/\/linkwitz.store\/de\/produkt\/lxsub-plans\/\">LXsub Konstruktionspl\u00e4ne<\/a>, externe Kabel, Elektronik und Verst\u00e4rker.<\/p>\n<p><strong>F\u00fcr LINKWITZ Baus\u00e4tze ben\u00f6tigen Sie die entsprechenden <a href=\"https:\/\/linkwitz.store\/category\/lxaccessoires\/lxplans\/\">Linkwitzlab Konstruktionspl\u00e4ne\/Lizenz<\/a> . Sie k\u00f6nnen diese einfach in Ihren Warenkorb legen. Falls Sie schon eine entsprechende Lizenz besitzen, senden Sie bitte eine Kopie der Bestell-Email an <a href=\"mailto:plans@magicLX521.com\">plans@magicLX521.com<\/a><\/strong><\/p>\n","protected":false},"excerpt":{"rendered":"<p>LXstudio has one powerful LXsub4 dipol subwoofers next to each LXmini speaker.<\/p>\n","protected":false},"featured_media":3897,"template":"","meta":{"inline_featured_image":false},"product_brand":[],"product_cat":[144],"product_tag":[],"class_list":{"0":"post-5355","1":"product","2":"type-product","3":"status-publish","4":"has-post-thumbnail","6":"product_cat-lxkits-de","8":"first","9":"instock","10":"taxable","11":"shipping-taxable","12":"purchasable","13":"product-type-variable","14":"has-default-attributes"},"yoast_head":"<!-- This site is optimized with the Yoast SEO plugin v27.0 - https:\/\/yoast.com\/product\/yoast-seo-wordpress\/ -->\n<title>LXstudio Kit - LINKWITZ.store<\/title>\n<meta name=\"description\" content=\"LINKWITZ.store - LXstudio Kit\" \/>\n<meta name=\"robots\" content=\"index, follow, max-snippet:-1, max-image-preview:large, max-video-preview:-1\" \/>\n<link rel=\"canonical\" href=\"https:\/\/linkwitz.store\/de\/produkt\/lxstudio-kit\/\" \/>\n<meta property=\"og:locale\" content=\"de_DE\" \/>\n<meta property=\"og:type\" content=\"article\" \/>\n<meta property=\"og:title\" content=\"LXstudio Kit - LINKWITZ.store\" \/>\n<meta property=\"og:description\" content=\"LINKWITZ.store - LXstudio Kit\" \/>\n<meta property=\"og:url\" content=\"https:\/\/linkwitz.store\/de\/produkt\/lxstudio-kit\/\" \/>\n<meta property=\"og:site_name\" content=\"LINKWITZ.store\" \/>\n<meta property=\"article:modified_time\" content=\"2022-02-22T13:22:08+00:00\" \/>\n<meta property=\"og:image\" content=\"https:\/\/linkwitz.store\/wp-content\/uploads\/2021\/01\/LXstudio-Kit-01.jpg\" \/>\n\t<meta property=\"og:image:width\" content=\"1080\" \/>\n\t<meta property=\"og:image:height\" content=\"1080\" \/>\n\t<meta property=\"og:image:type\" content=\"image\/jpeg\" \/>\n<meta name=\"twitter:card\" content=\"summary_large_image\" \/>\n<meta name=\"twitter:label1\" content=\"Gesch\u00e4tzte Lesezeit\" \/>\n\t<meta name=\"twitter:data1\" content=\"3\u00a0Minuten\" \/>\n<script type=\"application\/ld+json\" class=\"yoast-schema-graph\">{\"@context\":\"https:\/\/schema.org\",\"@graph\":[{\"@type\":\"WebPage\",\"@id\":\"https:\/\/linkwitz.store\/de\/produkt\/lxstudio-kit\/\",\"url\":\"https:\/\/linkwitz.store\/de\/produkt\/lxstudio-kit\/\",\"name\":\"LXstudio Kit - LINKWITZ.store\",\"isPartOf\":{\"@id\":\"https:\/\/linkwitz.store\/#website\"},\"primaryImageOfPage\":{\"@id\":\"https:\/\/linkwitz.store\/de\/produkt\/lxstudio-kit\/#primaryimage\"},\"image\":{\"@id\":\"https:\/\/linkwitz.store\/de\/produkt\/lxstudio-kit\/#primaryimage\"},\"thumbnailUrl\":\"https:\/\/linkwitz.store\/wp-content\/uploads\/2021\/01\/LXstudio-Kit-01.jpg\",\"datePublished\":\"2021-03-16T08:06:09+00:00\",\"dateModified\":\"2022-02-22T13:22:08+00:00\",\"description\":\"LINKWITZ.store - LXstudio Kit\",\"breadcrumb\":{\"@id\":\"https:\/\/linkwitz.store\/de\/produkt\/lxstudio-kit\/#breadcrumb\"},\"inLanguage\":\"de\",\"potentialAction\":[{\"@type\":\"ReadAction\",\"target\":[\"https:\/\/linkwitz.store\/de\/produkt\/lxstudio-kit\/\"]}]},{\"@type\":\"ImageObject\",\"inLanguage\":\"de\",\"@id\":\"https:\/\/linkwitz.store\/de\/produkt\/lxstudio-kit\/#primaryimage\",\"url\":\"https:\/\/linkwitz.store\/wp-content\/uploads\/2021\/01\/LXstudio-Kit-01.jpg\",\"contentUrl\":\"https:\/\/linkwitz.store\/wp-content\/uploads\/2021\/01\/LXstudio-Kit-01.jpg\",\"width\":1080,\"height\":1080},{\"@type\":\"BreadcrumbList\",\"@id\":\"https:\/\/linkwitz.store\/de\/produkt\/lxstudio-kit\/#breadcrumb\",\"itemListElement\":[{\"@type\":\"ListItem\",\"position\":1,\"name\":\"Home\",\"item\":\"https:\/\/linkwitz.store\/de\/\"},{\"@type\":\"ListItem\",\"position\":2,\"name\":\"Shop\",\"item\":\"https:\/\/linkwitz.store\/de\/shop-2\/\"},{\"@type\":\"ListItem\",\"position\":3,\"name\":\"LXstudio Kit\"}]},{\"@type\":\"WebSite\",\"@id\":\"https:\/\/linkwitz.store\/#website\",\"url\":\"https:\/\/linkwitz.store\/\",\"name\":\"LINKWITZ.store\",\"description\":\"\",\"publisher\":{\"@id\":\"https:\/\/linkwitz.store\/#organization\"},\"potentialAction\":[{\"@type\":\"SearchAction\",\"target\":{\"@type\":\"EntryPoint\",\"urlTemplate\":\"https:\/\/linkwitz.store\/?s={search_term_string}\"},\"query-input\":{\"@type\":\"PropertyValueSpecification\",\"valueRequired\":true,\"valueName\":\"search_term_string\"}}],\"inLanguage\":\"de\"},{\"@type\":\"Organization\",\"@id\":\"https:\/\/linkwitz.store\/#organization\",\"name\":\"LINKWITZ.store\",\"url\":\"https:\/\/linkwitz.store\/\",\"logo\":{\"@type\":\"ImageObject\",\"inLanguage\":\"de\",\"@id\":\"https:\/\/linkwitz.store\/#\/schema\/logo\/image\/\",\"url\":\"https:\/\/linkwitz.store\/wp-content\/uploads\/2021\/02\/MLX-LINKWITZ-191023-RGB-RZ-weis-3.svg\",\"contentUrl\":\"https:\/\/linkwitz.store\/wp-content\/uploads\/2021\/02\/MLX-LINKWITZ-191023-RGB-RZ-weis-3.svg\",\"width\":156,\"height\":36,\"caption\":\"LINKWITZ.store\"},\"image\":{\"@id\":\"https:\/\/linkwitz.store\/#\/schema\/logo\/image\/\"}}]}<\/script>\n<!-- \/ Yoast SEO plugin. -->","yoast_head_json":{"title":"LXstudio Kit - LINKWITZ.store","description":"LINKWITZ.store - LXstudio Kit","robots":{"index":"index","follow":"follow","max-snippet":"max-snippet:-1","max-image-preview":"max-image-preview:large","max-video-preview":"max-video-preview:-1"},"canonical":"https:\/\/linkwitz.store\/de\/produkt\/lxstudio-kit\/","og_locale":"de_DE","og_type":"article","og_title":"LXstudio Kit - LINKWITZ.store","og_description":"LINKWITZ.store - LXstudio Kit","og_url":"https:\/\/linkwitz.store\/de\/produkt\/lxstudio-kit\/","og_site_name":"LINKWITZ.store","article_modified_time":"2022-02-22T13:22:08+00:00","og_image":[{"width":1080,"height":1080,"url":"https:\/\/linkwitz.store\/wp-content\/uploads\/2021\/01\/LXstudio-Kit-01.jpg","type":"image\/jpeg"}],"twitter_card":"summary_large_image","twitter_misc":{"Gesch\u00e4tzte Lesezeit":"3\u00a0Minuten"},"schema":{"@context":"https:\/\/schema.org","@graph":[{"@type":"WebPage","@id":"https:\/\/linkwitz.store\/de\/produkt\/lxstudio-kit\/","url":"https:\/\/linkwitz.store\/de\/produkt\/lxstudio-kit\/","name":"LXstudio Kit - LINKWITZ.store","isPartOf":{"@id":"https:\/\/linkwitz.store\/#website"},"primaryImageOfPage":{"@id":"https:\/\/linkwitz.store\/de\/produkt\/lxstudio-kit\/#primaryimage"},"image":{"@id":"https:\/\/linkwitz.store\/de\/produkt\/lxstudio-kit\/#primaryimage"},"thumbnailUrl":"https:\/\/linkwitz.store\/wp-content\/uploads\/2021\/01\/LXstudio-Kit-01.jpg","datePublished":"2021-03-16T08:06:09+00:00","dateModified":"2022-02-22T13:22:08+00:00","description":"LINKWITZ.store - LXstudio Kit","breadcrumb":{"@id":"https:\/\/linkwitz.store\/de\/produkt\/lxstudio-kit\/#breadcrumb"},"inLanguage":"de","potentialAction":[{"@type":"ReadAction","target":["https:\/\/linkwitz.store\/de\/produkt\/lxstudio-kit\/"]}]},{"@type":"ImageObject","inLanguage":"de","@id":"https:\/\/linkwitz.store\/de\/produkt\/lxstudio-kit\/#primaryimage","url":"https:\/\/linkwitz.store\/wp-content\/uploads\/2021\/01\/LXstudio-Kit-01.jpg","contentUrl":"https:\/\/linkwitz.store\/wp-content\/uploads\/2021\/01\/LXstudio-Kit-01.jpg","width":1080,"height":1080},{"@type":"BreadcrumbList","@id":"https:\/\/linkwitz.store\/de\/produkt\/lxstudio-kit\/#breadcrumb","itemListElement":[{"@type":"ListItem","position":1,"name":"Home","item":"https:\/\/linkwitz.store\/de\/"},{"@type":"ListItem","position":2,"name":"Shop","item":"https:\/\/linkwitz.store\/de\/shop-2\/"},{"@type":"ListItem","position":3,"name":"LXstudio Kit"}]},{"@type":"WebSite","@id":"https:\/\/linkwitz.store\/#website","url":"https:\/\/linkwitz.store\/","name":"LINKWITZ.store","description":"","publisher":{"@id":"https:\/\/linkwitz.store\/#organization"},"potentialAction":[{"@type":"SearchAction","target":{"@type":"EntryPoint","urlTemplate":"https:\/\/linkwitz.store\/?s={search_term_string}"},"query-input":{"@type":"PropertyValueSpecification","valueRequired":true,"valueName":"search_term_string"}}],"inLanguage":"de"},{"@type":"Organization","@id":"https:\/\/linkwitz.store\/#organization","name":"LINKWITZ.store","url":"https:\/\/linkwitz.store\/","logo":{"@type":"ImageObject","inLanguage":"de","@id":"https:\/\/linkwitz.store\/#\/schema\/logo\/image\/","url":"https:\/\/linkwitz.store\/wp-content\/uploads\/2021\/02\/MLX-LINKWITZ-191023-RGB-RZ-weis-3.svg","contentUrl":"https:\/\/linkwitz.store\/wp-content\/uploads\/2021\/02\/MLX-LINKWITZ-191023-RGB-RZ-weis-3.svg","width":156,"height":36,"caption":"LINKWITZ.store"},"image":{"@id":"https:\/\/linkwitz.store\/#\/schema\/logo\/image\/"}}]}},"_links":{"self":[{"href":"https:\/\/linkwitz.store\/de\/wp-json\/wp\/v2\/product\/5355","targetHints":{"allow":["GET"]}}],"collection":[{"href":"https:\/\/linkwitz.store\/de\/wp-json\/wp\/v2\/product"}],"about":[{"href":"https:\/\/linkwitz.store\/de\/wp-json\/wp\/v2\/types\/product"}],"wp:featuredmedia":[{"embeddable":true,"href":"https:\/\/linkwitz.store\/de\/wp-json\/wp\/v2\/media\/3897"}],"wp:attachment":[{"href":"https:\/\/linkwitz.store\/de\/wp-json\/wp\/v2\/media?parent=5355"}],"wp:term":[{"taxonomy":"product_brand","embeddable":true,"href":"https:\/\/linkwitz.store\/de\/wp-json\/wp\/v2\/product_brand?post=5355"},{"taxonomy":"product_cat","embeddable":true,"href":"https:\/\/linkwitz.store\/de\/wp-json\/wp\/v2\/product_cat?post=5355"},{"taxonomy":"product_tag","embeddable":true,"href":"https:\/\/linkwitz.store\/de\/wp-json\/wp\/v2\/product_tag?post=5355"}],"curies":[{"name":"wp","href":"https:\/\/api.w.org\/{rel}","templated":true}]}}