{"id":5641,"date":"2021-06-16T13:55:30","date_gmt":"2021-06-16T13:55:30","guid":{"rendered":"https:\/\/linkwitz.store\/?post_type=product&#038;p=5641"},"modified":"2024-11-28T10:23:45","modified_gmt":"2024-11-28T10:23:45","slug":"powerbox-6pro-ncore-precision-analog-copy-2","status":"publish","type":"product","link":"https:\/\/linkwitz.store\/de\/produkt\/powerbox-6pro-ncore-precision-analog-copy-2\/","title":{"rendered":"PowerBox 6pro NCore precision analog LX521"},"content":{"rendered":"<ul>\n<li>Durchgehend analoger Pr\u00e4zisionsprozessor gefolgt von 5 Hypex NCore Endverst\u00e4rkern mit ausgesuchtem Leistungsprofil: 1x100W, 2x125W, 2x250W, alle auch mit 2Ohms\u00a0 Lasten lauff\u00e4hig!<\/li>\n<li>Symmtrischer XLR Eingang mit zweistufigem Rumpelfilter (f\u00fcr Vinyl Freunde), <a href=\"https:\/\/linkwitz.store\/de\/produkt\/rca-xlr-adaptor-cable-1m\/\">Cinch Adapter<\/a> verf\u00fcgbar.<\/li>\n<li>Pr\u00e4zisionsprozessor mit k\u00fcrzesten R\u00fcckkopplungsschleifen und Massewegen.<\/li>\n<li>Kaskadierte Frequezweichen der neuesten Generation (ASP v2.0)<\/li>\n<li>Angepasst Filter f\u00fcr L22MG Magnesium Treiber (Low-Midrange)<\/li>\n<li>Entkoppelte +\/-15V Versorgungsleitungen mit ultra low noise Regler.<\/li>\n<li>Eng selektierte 1-2% Kondensatoren mit geringster Verzerrung (PP u.\u00e4.)<\/li>\n<li>Eng selektierte 0,1% Metallfilm Widerst\u00e4nde.<\/li>\n<li>Hochleistungs Operationsverst\u00e4rker neuer Bauart, JFET und CMOS<\/li>\n<li>+12dB Eingangsverst\u00e4rkung w\u00e4hlbar (Jumper am Geh\u00e4useboden)<\/li>\n<li>Zus\u00e4tzlicher Geh\u00e4use-Erdungspunkt<\/li>\n<li>Professionelle Hochstrom Ausgangsbuchsen f\u00fcr verwechslungsfreie, schnelle 1-Klick Verbindungen mit SpeakOn Stecksystem: 2 SpeakON Buchsen ersetzen 10 \u201cBananen&#8220;-Buchsen.<\/li>\n<li>Schlankes, l\u00fcfterloses Design mit massivem 3mm Aluminium Geh\u00e4use: ca. 44 x 36 x 5,5 cm.<\/li>\n<li>12V Trigger<\/li>\n<\/ul>\n<p>&nbsp;<\/p>\n<p><em>Dies ist ein professionelles Hochleistungsger\u00e4t (max.Leistungsaufnahme \u00fcber 1000W) gem\u00e4\u00df EN 61000-3-2 (Class A). <\/em><em>Der Betrieb kann die Erlaubnis des Stromnetzbetreibers erfordern.<\/em><\/p>\n","protected":false},"excerpt":{"rendered":"<p>Das Bindglied zwischen Ihrer analogen Signalquelle (lautst\u00e4rkegeregelt) und den LX521.<\/p>\n<p>Konsequent analoge Signalverarbeitung mit Pr\u00e4zisionsbauteilen f\u00fcr au\u00dferordentliche Kanalgleichheit.<\/p>\n","protected":false},"featured_media":6146,"template":"","meta":{"inline_featured_image":false},"product_brand":[],"product_cat":[216,142],"product_tag":[],"class_list":{"0":"post-5641","1":"product","2":"type-product","3":"status-publish","4":"has-post-thumbnail","6":"product_cat-lx521-de","7":"product_cat-lxpower-de-2","9":"first","10":"instock","11":"taxable","12":"shipping-taxable","13":"purchasable","14":"product-type-simple"},"yoast_head":"<!-- This site is optimized with the Yoast SEO plugin v27.0 - https:\/\/yoast.com\/product\/yoast-seo-wordpress\/ -->\n<title>PowerBox 6pro NCore precision analog LX521 - LINKWITZ.store<\/title>\n<meta name=\"description\" content=\"LINKWITZ.store - PowerBox 6pro NCore precision analog LX521\" \/>\n<meta name=\"robots\" content=\"index, follow, max-snippet:-1, max-image-preview:large, max-video-preview:-1\" \/>\n<link rel=\"canonical\" href=\"https:\/\/linkwitz.store\/de\/produkt\/powerbox-6pro-ncore-precision-analog-copy-2\/\" \/>\n<meta property=\"og:locale\" content=\"de_DE\" \/>\n<meta property=\"og:type\" content=\"article\" \/>\n<meta property=\"og:title\" content=\"PowerBox 6pro NCore precision analog LX521 - LINKWITZ.store\" \/>\n<meta property=\"og:description\" content=\"LINKWITZ.store - PowerBox 6pro NCore precision analog LX521\" \/>\n<meta property=\"og:url\" content=\"https:\/\/linkwitz.store\/de\/produkt\/powerbox-6pro-ncore-precision-analog-copy-2\/\" \/>\n<meta property=\"og:site_name\" content=\"LINKWITZ.store\" \/>\n<meta property=\"article:modified_time\" content=\"2024-11-28T10:23:45+00:00\" \/>\n<meta property=\"og:image\" content=\"https:\/\/linkwitz.store\/wp-content\/uploads\/2022\/02\/PowerBox-ASP-neu-FRONT.jpg\" \/>\n\t<meta property=\"og:image:width\" content=\"1080\" \/>\n\t<meta property=\"og:image:height\" content=\"1080\" \/>\n\t<meta property=\"og:image:type\" content=\"image\/jpeg\" \/>\n<meta name=\"twitter:card\" content=\"summary_large_image\" \/>\n<meta name=\"twitter:label1\" content=\"Gesch\u00e4tzte Lesezeit\" \/>\n\t<meta name=\"twitter:data1\" content=\"2\u00a0Minuten\" \/>\n<script type=\"application\/ld+json\" class=\"yoast-schema-graph\">{\"@context\":\"https:\/\/schema.org\",\"@graph\":[{\"@type\":\"WebPage\",\"@id\":\"https:\/\/linkwitz.store\/de\/produkt\/powerbox-6pro-ncore-precision-analog-copy-2\/\",\"url\":\"https:\/\/linkwitz.store\/de\/produkt\/powerbox-6pro-ncore-precision-analog-copy-2\/\",\"name\":\"PowerBox 6pro NCore precision analog LX521 - LINKWITZ.store\",\"isPartOf\":{\"@id\":\"https:\/\/linkwitz.store\/#website\"},\"primaryImageOfPage\":{\"@id\":\"https:\/\/linkwitz.store\/de\/produkt\/powerbox-6pro-ncore-precision-analog-copy-2\/#primaryimage\"},\"image\":{\"@id\":\"https:\/\/linkwitz.store\/de\/produkt\/powerbox-6pro-ncore-precision-analog-copy-2\/#primaryimage\"},\"thumbnailUrl\":\"https:\/\/linkwitz.store\/wp-content\/uploads\/2022\/02\/PowerBox-ASP-neu-FRONT.jpg\",\"datePublished\":\"2021-06-16T13:55:30+00:00\",\"dateModified\":\"2024-11-28T10:23:45+00:00\",\"description\":\"LINKWITZ.store - PowerBox 6pro NCore precision analog LX521\",\"breadcrumb\":{\"@id\":\"https:\/\/linkwitz.store\/de\/produkt\/powerbox-6pro-ncore-precision-analog-copy-2\/#breadcrumb\"},\"inLanguage\":\"de\",\"potentialAction\":[{\"@type\":\"ReadAction\",\"target\":[\"https:\/\/linkwitz.store\/de\/produkt\/powerbox-6pro-ncore-precision-analog-copy-2\/\"]}]},{\"@type\":\"ImageObject\",\"inLanguage\":\"de\",\"@id\":\"https:\/\/linkwitz.store\/de\/produkt\/powerbox-6pro-ncore-precision-analog-copy-2\/#primaryimage\",\"url\":\"https:\/\/linkwitz.store\/wp-content\/uploads\/2022\/02\/PowerBox-ASP-neu-FRONT.jpg\",\"contentUrl\":\"https:\/\/linkwitz.store\/wp-content\/uploads\/2022\/02\/PowerBox-ASP-neu-FRONT.jpg\",\"width\":1080,\"height\":1080},{\"@type\":\"BreadcrumbList\",\"@id\":\"https:\/\/linkwitz.store\/de\/produkt\/powerbox-6pro-ncore-precision-analog-copy-2\/#breadcrumb\",\"itemListElement\":[{\"@type\":\"ListItem\",\"position\":1,\"name\":\"Home\",\"item\":\"https:\/\/linkwitz.store\/de\/\"},{\"@type\":\"ListItem\",\"position\":2,\"name\":\"Shop\",\"item\":\"https:\/\/linkwitz.store\/de\/shop-2\/\"},{\"@type\":\"ListItem\",\"position\":3,\"name\":\"PowerBox 6pro NCore precision analog LX521\"}]},{\"@type\":\"WebSite\",\"@id\":\"https:\/\/linkwitz.store\/#website\",\"url\":\"https:\/\/linkwitz.store\/\",\"name\":\"LINKWITZ.store\",\"description\":\"\",\"publisher\":{\"@id\":\"https:\/\/linkwitz.store\/#organization\"},\"potentialAction\":[{\"@type\":\"SearchAction\",\"target\":{\"@type\":\"EntryPoint\",\"urlTemplate\":\"https:\/\/linkwitz.store\/?s={search_term_string}\"},\"query-input\":{\"@type\":\"PropertyValueSpecification\",\"valueRequired\":true,\"valueName\":\"search_term_string\"}}],\"inLanguage\":\"de\"},{\"@type\":\"Organization\",\"@id\":\"https:\/\/linkwitz.store\/#organization\",\"name\":\"LINKWITZ.store\",\"url\":\"https:\/\/linkwitz.store\/\",\"logo\":{\"@type\":\"ImageObject\",\"inLanguage\":\"de\",\"@id\":\"https:\/\/linkwitz.store\/#\/schema\/logo\/image\/\",\"url\":\"https:\/\/linkwitz.store\/wp-content\/uploads\/2021\/02\/MLX-LINKWITZ-191023-RGB-RZ-weis-3.svg\",\"contentUrl\":\"https:\/\/linkwitz.store\/wp-content\/uploads\/2021\/02\/MLX-LINKWITZ-191023-RGB-RZ-weis-3.svg\",\"width\":156,\"height\":36,\"caption\":\"LINKWITZ.store\"},\"image\":{\"@id\":\"https:\/\/linkwitz.store\/#\/schema\/logo\/image\/\"}}]}<\/script>\n<!-- \/ Yoast SEO plugin. -->","yoast_head_json":{"title":"PowerBox 6pro NCore precision analog LX521 - LINKWITZ.store","description":"LINKWITZ.store - PowerBox 6pro NCore precision analog LX521","robots":{"index":"index","follow":"follow","max-snippet":"max-snippet:-1","max-image-preview":"max-image-preview:large","max-video-preview":"max-video-preview:-1"},"canonical":"https:\/\/linkwitz.store\/de\/produkt\/powerbox-6pro-ncore-precision-analog-copy-2\/","og_locale":"de_DE","og_type":"article","og_title":"PowerBox 6pro NCore precision analog LX521 - LINKWITZ.store","og_description":"LINKWITZ.store - PowerBox 6pro NCore precision analog LX521","og_url":"https:\/\/linkwitz.store\/de\/produkt\/powerbox-6pro-ncore-precision-analog-copy-2\/","og_site_name":"LINKWITZ.store","article_modified_time":"2024-11-28T10:23:45+00:00","og_image":[{"width":1080,"height":1080,"url":"https:\/\/linkwitz.store\/wp-content\/uploads\/2022\/02\/PowerBox-ASP-neu-FRONT.jpg","type":"image\/jpeg"}],"twitter_card":"summary_large_image","twitter_misc":{"Gesch\u00e4tzte Lesezeit":"2\u00a0Minuten"},"schema":{"@context":"https:\/\/schema.org","@graph":[{"@type":"WebPage","@id":"https:\/\/linkwitz.store\/de\/produkt\/powerbox-6pro-ncore-precision-analog-copy-2\/","url":"https:\/\/linkwitz.store\/de\/produkt\/powerbox-6pro-ncore-precision-analog-copy-2\/","name":"PowerBox 6pro NCore precision analog LX521 - LINKWITZ.store","isPartOf":{"@id":"https:\/\/linkwitz.store\/#website"},"primaryImageOfPage":{"@id":"https:\/\/linkwitz.store\/de\/produkt\/powerbox-6pro-ncore-precision-analog-copy-2\/#primaryimage"},"image":{"@id":"https:\/\/linkwitz.store\/de\/produkt\/powerbox-6pro-ncore-precision-analog-copy-2\/#primaryimage"},"thumbnailUrl":"https:\/\/linkwitz.store\/wp-content\/uploads\/2022\/02\/PowerBox-ASP-neu-FRONT.jpg","datePublished":"2021-06-16T13:55:30+00:00","dateModified":"2024-11-28T10:23:45+00:00","description":"LINKWITZ.store - PowerBox 6pro NCore precision analog LX521","breadcrumb":{"@id":"https:\/\/linkwitz.store\/de\/produkt\/powerbox-6pro-ncore-precision-analog-copy-2\/#breadcrumb"},"inLanguage":"de","potentialAction":[{"@type":"ReadAction","target":["https:\/\/linkwitz.store\/de\/produkt\/powerbox-6pro-ncore-precision-analog-copy-2\/"]}]},{"@type":"ImageObject","inLanguage":"de","@id":"https:\/\/linkwitz.store\/de\/produkt\/powerbox-6pro-ncore-precision-analog-copy-2\/#primaryimage","url":"https:\/\/linkwitz.store\/wp-content\/uploads\/2022\/02\/PowerBox-ASP-neu-FRONT.jpg","contentUrl":"https:\/\/linkwitz.store\/wp-content\/uploads\/2022\/02\/PowerBox-ASP-neu-FRONT.jpg","width":1080,"height":1080},{"@type":"BreadcrumbList","@id":"https:\/\/linkwitz.store\/de\/produkt\/powerbox-6pro-ncore-precision-analog-copy-2\/#breadcrumb","itemListElement":[{"@type":"ListItem","position":1,"name":"Home","item":"https:\/\/linkwitz.store\/de\/"},{"@type":"ListItem","position":2,"name":"Shop","item":"https:\/\/linkwitz.store\/de\/shop-2\/"},{"@type":"ListItem","position":3,"name":"PowerBox 6pro NCore precision analog LX521"}]},{"@type":"WebSite","@id":"https:\/\/linkwitz.store\/#website","url":"https:\/\/linkwitz.store\/","name":"LINKWITZ.store","description":"","publisher":{"@id":"https:\/\/linkwitz.store\/#organization"},"potentialAction":[{"@type":"SearchAction","target":{"@type":"EntryPoint","urlTemplate":"https:\/\/linkwitz.store\/?s={search_term_string}"},"query-input":{"@type":"PropertyValueSpecification","valueRequired":true,"valueName":"search_term_string"}}],"inLanguage":"de"},{"@type":"Organization","@id":"https:\/\/linkwitz.store\/#organization","name":"LINKWITZ.store","url":"https:\/\/linkwitz.store\/","logo":{"@type":"ImageObject","inLanguage":"de","@id":"https:\/\/linkwitz.store\/#\/schema\/logo\/image\/","url":"https:\/\/linkwitz.store\/wp-content\/uploads\/2021\/02\/MLX-LINKWITZ-191023-RGB-RZ-weis-3.svg","contentUrl":"https:\/\/linkwitz.store\/wp-content\/uploads\/2021\/02\/MLX-LINKWITZ-191023-RGB-RZ-weis-3.svg","width":156,"height":36,"caption":"LINKWITZ.store"},"image":{"@id":"https:\/\/linkwitz.store\/#\/schema\/logo\/image\/"}}]}},"_links":{"self":[{"href":"https:\/\/linkwitz.store\/de\/wp-json\/wp\/v2\/product\/5641","targetHints":{"allow":["GET"]}}],"collection":[{"href":"https:\/\/linkwitz.store\/de\/wp-json\/wp\/v2\/product"}],"about":[{"href":"https:\/\/linkwitz.store\/de\/wp-json\/wp\/v2\/types\/product"}],"wp:featuredmedia":[{"embeddable":true,"href":"https:\/\/linkwitz.store\/de\/wp-json\/wp\/v2\/media\/6146"}],"wp:attachment":[{"href":"https:\/\/linkwitz.store\/de\/wp-json\/wp\/v2\/media?parent=5641"}],"wp:term":[{"taxonomy":"product_brand","embeddable":true,"href":"https:\/\/linkwitz.store\/de\/wp-json\/wp\/v2\/product_brand?post=5641"},{"taxonomy":"product_cat","embeddable":true,"href":"https:\/\/linkwitz.store\/de\/wp-json\/wp\/v2\/product_cat?post=5641"},{"taxonomy":"product_tag","embeddable":true,"href":"https:\/\/linkwitz.store\/de\/wp-json\/wp\/v2\/product_tag?post=5641"}],"curies":[{"name":"wp","href":"https:\/\/api.w.org\/{rel}","templated":true}]}}